{"id":2030,"date":"2021-07-14T15:36:00","date_gmt":"2021-07-14T15:36:00","guid":{"rendered":"https:\/\/gabarro.eu\/gabarro-quality\/"},"modified":"2025-04-23T10:14:41","modified_gmt":"2025-04-23T10:14:41","slug":"qualite-gabarro","status":"publish","type":"page","link":"https:\/\/gabarro.eu\/fr\/qualite-gabarro\/","title":{"rendered":"QUALIT\u00c9 GABARR\u00d3"},"content":{"rendered":"<p>[vc_row full_height=\u00a0\u00bbyes\u00a0\u00bb content_placement=\u00a0\u00bbmiddle\u00a0\u00bb bg_type=\u00a0\u00bbimage\u00a0\u00bb parallax_style=\u00a0\u00bbvcpb-default\u00a0\u00bb bg_image_new=\u00a0\u00bbid^1945|url^https:\/\/gabarro.eu\/wp-content\/uploads\/2021\/07\/gabarroquality.jpg|caption^null|alt^null|title^gabarroquality|description^null\u00a0\u00bb bg_image_repeat=\u00a0\u00bbno-repeat\u00a0\u00bb bg_override=\u00a0\u00bbex-full\u00a0\u00bb css=\u00a0\u00bb.vc_custom_1626169867528{padding-top: 50px !important;padding-bottom: 50px !important;}\u00a0\u00bb][vc_column width=\u00a0\u00bb2\/12&Prime;][\/vc_column][vc_column width=\u00a0\u00bb8\/12&Prime;][vc_column_text]<\/p>\n<h1 style=\"text-align: center;\"><span style=\"color: #ffffff;\">CONCENTR\u00c9 SUR LA QUALIT\u00c9 <br class=\"hideonmobile\" \/>ET L&rsquo;INNOVATION<\/span><\/h1>\n<p>[\/vc_column_text][vc_separator color=\u00a0\u00bbwhite\u00a0\u00bb][vc_column_text]<\/p>\n<h4 style=\"text-align: center; font-size: 18px;\"><span style=\"color: #ffffff;\">GABARR\u00d3 est certifi\u00e9 selon la norme EN ISO 9001 : 2015 avec T\u00dcV Rheinland.<\/span><\/h4>\n<h4 style=\"text-align: center; font-size: 18px;\"><span style=\"color: #ffffff;\">La politique de qualit\u00e9 de GABARR\u00d3 est disponible sous demande des parties int\u00e9ress\u00e9es.<\/span><\/h4>\n<p>[\/vc_column_text][vc_single_image image=\u00a0\u00bb1977&Prime; img_size=\u00a0\u00bb35&#215;62&Prime; alignment=\u00a0\u00bbcenter\u00a0\u00bb][\/vc_column][vc_column width=\u00a0\u00bb2\/12&Prime;][\/vc_column][\/vc_row][vc_row css=\u00a0\u00bb.vc_custom_1626172232063{margin-top: -200px !important;}\u00a0\u00bb][vc_column width=\u00a0\u00bb1\/4&Prime;][\/vc_column][vc_column width=\u00a0\u00bb1\/4&Prime;][vc_single_image image=\u00a0\u00bb1982&Prime; img_size=\u00a0\u00bb326&#215;536&Prime; alignment=\u00a0\u00bbcenter\u00a0\u00bb onclick=\u00a0\u00bbcustom_link\u00a0\u00bb img_link_target=\u00a0\u00bb_blank\u00a0\u00bb link=\u00a0\u00bbhttps:\/\/gabarro.eu\/wp-content\/uploads\/2024\/05\/004120071_FR.pdf\u00a0\u00bb][\/vc_column][vc_column width=\u00a0\u00bb1\/4&Prime;][vc_single_image image=\u00a0\u00bb2995&Prime; img_size=\u00a0\u00bb326&#215;536&Prime; alignment=\u00a0\u00bbcenter\u00a0\u00bb onclick=\u00a0\u00bbcustom_link\u00a0\u00bb img_link_target=\u00a0\u00bb_blank\u00a0\u00bb link=\u00a0\u00bbhttps:\/\/gabarro.eu\/wp-content\/uploads\/2025\/04\/50001_en.pdf\u00a0\u00bb][\/vc_column][vc_column width=\u00a0\u00bb1\/4&Prime;][\/vc_column][\/vc_row][vc_row bg_type=\u00a0\u00bbbg_color\u00a0\u00bb bg_override=\u00a0\u00bbex-full\u00a0\u00bb bg_color_value=\u00a0\u00bb#eeeeee\u00a0\u00bb css=\u00a0\u00bb.vc_custom_1626173097088{padding-top: 40px !important;padding-bottom: 40px !important;}\u00a0\u00bb][vc_column][vc_column_text]<\/p>\n<h2 style=\"text-align: center;\"><strong><span style=\"color: #144da0;\">GABARR\u00d3 investit en permanence dans l&rsquo;innovation et le d\u00e9veloppement, les programmes de formation et la durabilit\u00e9.<\/span><\/strong><\/h2>\n<p>[\/vc_column_text][vc_row_inner content_placement=\u00a0\u00bbbottom\u00a0\u00bb][vc_column_inner width=\u00a0\u00bb1\/3&Prime;][vc_single_image image=\u00a0\u00bb2006&Prime; img_size=\u00a0\u00bb\u00a0\u00bb alignment=\u00a0\u00bbcenter\u00a0\u00bb][\/vc_column_inner][vc_column_inner width=\u00a0\u00bb1\/3&Prime;][vc_single_image image=\u00a0\u00bb2002&Prime; img_size=\u00a0\u00bb\u00a0\u00bb alignment=\u00a0\u00bbcenter\u00a0\u00bb][\/vc_column_inner][vc_column_inner width=\u00a0\u00bb1\/3&Prime;][vc_single_image image=\u00a0\u00bb1998&Prime; img_size=\u00a0\u00bb\u00a0\u00bb alignment=\u00a0\u00bbcenter\u00a0\u00bb][\/vc_column_inner][\/vc_row_inner][vc_row_inner content_placement=\u00a0\u00bbtop\u00a0\u00bb][vc_column_inner width=\u00a0\u00bb1\/3&Prime;][vc_column_text]<\/p>\n<h3 style=\"text-align: center;\"><span style=\"color: #144da0;\">Programme <strong>d&rsquo;\u00e9conomie d&rsquo;\u00e9nergie<\/strong> ISO 50.001<\/span><\/h3>\n<h4 style=\"text-align: center;\"><span style=\"color: #144da0; font-size: 17px;\">R\u00e9duction de la consommation de gaz en maximisant les cycles de recuit gr\u00e2ce \u00e0 une distribution efficace de la chaleur.<\/span><\/h4>\n<h4 style=\"text-align: center;\"><span style=\"color: #144da0; font-size: 17px;\">Utilisation de gaz de combustion.<\/span><\/h4>\n<h4 style=\"text-align: center;\"><span style=\"color: #144da0; font-size: 17px;\">Contr\u00f4le \u00e9lectronique des moteurs \u00e9lectriques.<\/span><\/h4>\n<p>[\/vc_column_text][\/vc_column_inner][vc_column_inner width=\u00a0\u00bb1\/3&Prime;][vc_column_text]<\/p>\n<h3 style=\"text-align: center;\"><span style=\"color: #144da0;\">Programme <strong>d&rsquo;\u00e9conomie d&rsquo;eau<\/strong><\/span><\/h3>\n<h4 style=\"text-align: center;\"><span style=\"color: #144da0; font-size: 17px;\">R\u00e9utilisation des eaux us\u00e9es.<\/span>.<\/h4>\n<p>[\/vc_column_text][\/vc_column_inner][vc_column_inner width=\u00a0\u00bb1\/3&Prime;][vc_column_text]<\/p>\n<h3 style=\"text-align: center;\"><span style=\"color: #144da0;\">Programme de <strong>gestion des d\u00e9chets<\/strong> et de <strong>recyclage<\/strong><\/span><\/h3>\n<h4 style=\"text-align: center;\"><span style=\"color: #144da0; font-size: 17px;\">Recyclage des lubrifiants et de l&rsquo;eau.<\/span><\/h4>\n<h4 style=\"text-align: center;\"><span style=\"color: #144da0; font-size: 17px;\">Recyclage de la ferraille.<\/span><\/h4>\n<h4 style=\"text-align: center;\"><span style=\"color: #144da0; font-size: 17px;\">Recyclage des balances.<\/span><\/h4>\n<p>[\/vc_column_text][\/vc_column_inner][\/vc_row_inner][\/vc_column][\/vc_row]<\/p>\n","protected":false},"excerpt":{"rendered":"<p>[vc_row full_height=\u00a0\u00bbyes\u00a0\u00bb content_placement=\u00a0\u00bbmiddle\u00a0\u00bb bg_type=\u00a0\u00bbimage\u00a0\u00bb parallax_style=\u00a0\u00bbvcpb-default\u00a0\u00bb bg_image_new=\u00a0\u00bbid^1945|url^https:\/\/gabarro.eu\/wp-content\/uploads\/2021\/07\/gabarroquality.jpg|caption^null|alt^null|title^gabarroquality|description^null\u00a0\u00bb bg_image_repeat=\u00a0\u00bbno-repeat\u00a0\u00bb bg_override=\u00a0\u00bbex-full\u00a0\u00bb css=\u00a0\u00bb.vc_custom_1626169867528{padding-top: 50px !important;padding-bottom: 50px !important;}\u00a0\u00bb][vc_column width=\u00a0\u00bb2\/12&Prime;][\/vc_column][vc_column width=\u00a0\u00bb8\/12&Prime;][vc_column_text] CONCENTR\u00c9 SUR LA QUALIT\u00c9 ET L&rsquo;INNOVATION [\/vc_column_text][vc_separator color=\u00a0\u00bbwhite\u00a0\u00bb][vc_column_text] GABARR\u00d3 est certifi\u00e9 selon la norme EN ISO 9001 : 2015 avec T\u00dcV Rheinland. La politique de qualit\u00e9 de GABARR\u00d3 est disponible sous demande des parties int\u00e9ress\u00e9es. [\/vc_column_text][vc_single_image image=\u00a0\u00bb1977&Prime; img_size=\u00a0\u00bb35&#215;62&Prime; alignment=\u00a0\u00bbcenter\u00a0\u00bb][\/vc_column][vc_column width=\u00a0\u00bb2\/12&Prime;][\/vc_column][\/vc_row][vc_row&hellip;<\/p>\n","protected":false},"author":1,"featured_media":0,"parent":0,"menu_order":0,"comment_status":"closed","ping_status":"closed","template":"","meta":{"footnotes":""},"aioseo_notices":[],"_links":{"self":[{"href":"https:\/\/gabarro.eu\/fr\/wp-json\/wp\/v2\/pages\/2030"}],"collection":[{"href":"https:\/\/gabarro.eu\/fr\/wp-json\/wp\/v2\/pages"}],"about":[{"href":"https:\/\/gabarro.eu\/fr\/wp-json\/wp\/v2\/types\/page"}],"author":[{"embeddable":true,"href":"https:\/\/gabarro.eu\/fr\/wp-json\/wp\/v2\/users\/1"}],"replies":[{"embeddable":true,"href":"https:\/\/gabarro.eu\/fr\/wp-json\/wp\/v2\/comments?post=2030"}],"version-history":[{"count":10,"href":"https:\/\/gabarro.eu\/fr\/wp-json\/wp\/v2\/pages\/2030\/revisions"}],"predecessor-version":[{"id":3010,"href":"https:\/\/gabarro.eu\/fr\/wp-json\/wp\/v2\/pages\/2030\/revisions\/3010"}],"wp:attachment":[{"href":"https:\/\/gabarro.eu\/fr\/wp-json\/wp\/v2\/media?parent=2030"}],"curies":[{"name":"wp","href":"https:\/\/api.w.org\/{rel}","templated":true}]}}