{"id":1533,"date":"2018-04-12T14:08:00","date_gmt":"2018-04-12T14:08:00","guid":{"rendered":"http:\/\/gabarro.eu\/technique-mechanical-pickling\/"},"modified":"2019-02-20T14:28:15","modified_gmt":"2019-02-20T14:28:15","slug":"tecnique-du-decapage-mecanique","status":"publish","type":"page","link":"https:\/\/gabarro.eu\/fr\/tecnique-du-decapage-mecanique\/","title":{"rendered":"TECHNIQUE DU D\u00c9CAPAGE MEC\u00c1NIQUE"},"content":{"rendered":"<p>[vc_row bg_type=\u00a0\u00bbbg_color\u00a0\u00bb bg_override=\u00a0\u00bbex-full\u00a0\u00bb bg_color_value=\u00a0\u00bb#ffffff\u00a0\u00bb css=\u00a0\u00bb.vc_custom_1523542301854{padding-top: 50px !important;padding-bottom: 25px !important;}\u00a0\u00bb][vc_column][vc_column_text]<\/p>\n<h1 style=\"text-align: center;\"><span style=\"color: #154ea1;\">TECNIQUE DU D\u00c9CAPAGE M\u00c9CANIQUE DANS LE PROCESSUS DE FABRICATION D&rsquo;ACIER TR\u00c9FIL\u00c9<\/span><\/h1>\n<p>[\/vc_column_text][vc_separator][vc_column_text]<\/p>\n<h4 style=\"text-align: center;\"><span style=\"color: #154ea1;\">Notre pari par le d\u00e9capage m\u00e9canique, est fruit d&rsquo;un compromis avec nous valeurs et surtout la valeur diff\u00e9rentielle en relation au reste du march\u00e9.<\/span><\/h4>\n<p>[\/vc_column_text][\/vc_column][\/vc_row][vc_row bg_type=\u00a0\u00bbbg_color\u00a0\u00bb bg_override=\u00a0\u00bbex-full\u00a0\u00bb bg_color_value=\u00a0\u00bb#f7f7f7&Prime; css=\u00a0\u00bb.vc_custom_1523542314117{margin-top: 0px !important;margin-bottom: 0px !important;padding-top: 0px !important;padding-bottom: 0px !important;}\u00a0\u00bb][vc_column css=\u00a0\u00bb.vc_custom_1523542235118{margin-top: 0px !important;margin-bottom: 0px !important;padding-top: 0px !important;padding-bottom: 0px !important;}\u00a0\u00bb][vc_hoverbox image=\u00a0\u00bb1043&Prime; primary_title=\u00a0\u00bbAVENTAGES DU PROCESSUS\u00a0\u00bb primary_title_font_container=\u00a0\u00bbcolor:%23ffffff\u00a0\u00bb primary_title_google_fonts=\u00a0\u00bbfont_family:Montserrat%3Aregular%2C700|font_style:700%20bold%20regular%3A700%3Anormal\u00a0\u00bb hover_title=\u00a0\u00bbAVENTAGES DU PROCESSUS\u00a0\u00bb hover_title_font_container=\u00a0\u00bbcolor:%23164fa2&Prime; hover_title_use_theme_fonts=\u00a0\u00bbyes\u00a0\u00bb shape=\u00a0\u00bbsquare\u00a0\u00bb hover_background_color=\u00a0\u00bbcustom\u00a0\u00bb use_custom_fonts_primary_title=\u00a0\u00bbtrue\u00a0\u00bb use_custom_fonts_hover_title=\u00a0\u00bbtrue\u00a0\u00bb hover_custom_background=\u00a0\u00bb#f7f7f7&Prime; css=\u00a0\u00bb.vc_custom_1550672874725{margin-top: 0px !important;margin-bottom: 0px !important;padding-top: 0px !important;padding-bottom: 0px !important;}\u00a0\u00bb]\u2022\u00a0Suppression des agents chimiques.<br \/>\n\u2022\u00a0Non pollution des eaux.<br \/>\n\u2022\u00a0Absence d&rsquo;acides dans des processus de fabrication<br \/>\n\u2022\u00a0Sous consommation d&rsquo;eau.<br \/>\n\u2022\u00a0Processus propres pour la sant\u00e9 (absence d&rsquo;\u00e9manations toxiques).<br \/>\n\u2022\u00a0Respect de l&rsquo;environnement et de la l\u00e9gislation la plus exigeante[\/vc_hoverbox][\/vc_column][\/vc_row][vc_row bg_type=\u00a0\u00bbbg_color\u00a0\u00bb bg_override=\u00a0\u00bbex-full\u00a0\u00bb bg_color_value=\u00a0\u00bb#ffffff\u00a0\u00bb css=\u00a0\u00bb.vc_custom_1523542342493{margin-top: 0px !important;margin-bottom: 0px !important;padding-top: 50px !important;padding-bottom: 0px !important;}\u00a0\u00bb][vc_column css=\u00a0\u00bb.vc_custom_1523542235118{margin-top: 0px !important;margin-bottom: 0px !important;padding-top: 0px !important;padding-bottom: 0px !important;}\u00a0\u00bb][\/vc_column][\/vc_row]<\/p>\n","protected":false},"excerpt":{"rendered":"<p>[vc_row bg_type=\u00a0\u00bbbg_color\u00a0\u00bb bg_override=\u00a0\u00bbex-full\u00a0\u00bb bg_color_value=\u00a0\u00bb#ffffff\u00a0\u00bb css=\u00a0\u00bb.vc_custom_1523542301854{padding-top: 50px !important;padding-bottom: 25px !important;}\u00a0\u00bb][vc_column][vc_column_text] TECNIQUE DU D\u00c9CAPAGE M\u00c9CANIQUE DANS LE PROCESSUS DE FABRICATION D&rsquo;ACIER TR\u00c9FIL\u00c9 [\/vc_column_text][vc_separator][vc_column_text] Notre pari par le d\u00e9capage m\u00e9canique, est fruit d&rsquo;un compromis avec nous valeurs et surtout la valeur diff\u00e9rentielle en relation au reste du march\u00e9. [\/vc_column_text][\/vc_column][\/vc_row][vc_row bg_type=\u00a0\u00bbbg_color\u00a0\u00bb bg_override=\u00a0\u00bbex-full\u00a0\u00bb bg_color_value=\u00a0\u00bb#f7f7f7&Prime; css=\u00a0\u00bb.vc_custom_1523542314117{margin-top: 0px !important;margin-bottom: 0px !important;padding-top: 0px&hellip;<\/p>\n","protected":false},"author":1,"featured_media":0,"parent":0,"menu_order":0,"comment_status":"closed","ping_status":"closed","template":"","meta":{"footnotes":""},"aioseo_notices":[],"_links":{"self":[{"href":"https:\/\/gabarro.eu\/fr\/wp-json\/wp\/v2\/pages\/1533"}],"collection":[{"href":"https:\/\/gabarro.eu\/fr\/wp-json\/wp\/v2\/pages"}],"about":[{"href":"https:\/\/gabarro.eu\/fr\/wp-json\/wp\/v2\/types\/page"}],"author":[{"embeddable":true,"href":"https:\/\/gabarro.eu\/fr\/wp-json\/wp\/v2\/users\/1"}],"replies":[{"embeddable":true,"href":"https:\/\/gabarro.eu\/fr\/wp-json\/wp\/v2\/comments?post=1533"}],"version-history":[{"count":2,"href":"https:\/\/gabarro.eu\/fr\/wp-json\/wp\/v2\/pages\/1533\/revisions"}],"predecessor-version":[{"id":1542,"href":"https:\/\/gabarro.eu\/fr\/wp-json\/wp\/v2\/pages\/1533\/revisions\/1542"}],"wp:attachment":[{"href":"https:\/\/gabarro.eu\/fr\/wp-json\/wp\/v2\/media?parent=1533"}],"curies":[{"name":"wp","href":"https:\/\/api.w.org\/{rel}","templated":true}]}}