{"id":1518,"date":"2018-04-12T12:45:10","date_gmt":"2018-04-12T12:45:10","guid":{"rendered":"http:\/\/gabarro.eu\/sustainability-programs\/"},"modified":"2019-02-20T13:45:02","modified_gmt":"2019-02-20T13:45:02","slug":"politique-environnementale","status":"publish","type":"page","link":"https:\/\/gabarro.eu\/fr\/politique-environnementale\/","title":{"rendered":"SUSTAINABILITY PROGRAMS"},"content":{"rendered":"<p>[vc_row bg_type=\u00a0\u00bbbg_color\u00a0\u00bb bg_override=\u00a0\u00bbex-full\u00a0\u00bb bg_color_value=\u00a0\u00bb#ffffff\u00a0\u00bb css=\u00a0\u00bb.vc_custom_1523537221030{padding-top: 50px !important;padding-bottom: 30px !important;}\u00a0\u00bb][vc_column][vc_column_text]<\/p>\n<h1 style=\"text-align: center;\"><span style=\"color: #154ea1;\">PROGRAMMES DE MESURES ENVIRONNEMENTALES<\/span><\/h1>\n<p>[\/vc_column_text][vc_separator][vc_column_text]<\/p>\n<h4 style=\"text-align: center;\"><span style=\"color: #154ea1;\">Gabarr\u00f3 opte depuis des ann\u00e9es pour des processus les plus propres et le moins nuisibles pour l&rsquo;environnement. Actuellement nos programmes de mesures environnementales r\u00e9pondent, au-del\u00e0 de notre pr\u00e9occupation pour l&rsquo;environnement, \u00e0 une strat\u00e9gie clairement d\u00e9finie qui s&rsquo;adapte et s&rsquo;anticipe aux nouvelles tendances d&rsquo;un march\u00e9 global, chaque jour plus exigeant.<\/span><\/h4>\n<p>[\/vc_column_text][\/vc_column][\/vc_row][vc_row bg_type=\u00a0\u00bbbg_color\u00a0\u00bb bg_override=\u00a0\u00bbex-full\u00a0\u00bb bg_color_value=\u00a0\u00bb#f4f4f4&Prime;][vc_column width=\u00a0\u00bb1\/3&Prime;]<div class=\"ult-just-icon-wrapper   vc_custom_1523540203473\"><div class=\"align-icon\" style=\"text-align:center;\">\n<div class=\"aio-icon circle \" data-animation=\"fadeIn\" data-animation-delay=\"03\" style=\"color:#ffffff;background:#154ea1;font-size:65px;display:inline-block;\">\n\t<i class=\"Defaults-power-off\"><\/i>\n<\/div><\/div><\/div>[vc_column_text]<\/p>\n<h3 style=\"text-align: center;\"><strong>PROGRAMME D&rsquo;\u00c9CONOMIES D&rsquo;\u00c9NERGIE<\/strong><\/h3>\n<p style=\"text-align: center;\">R\u00e9duction des consommations de gaz \u00e0 travers l&rsquo;optimisation de cycles de recuit et la distribution efficace de la chaleur<\/p>\n<p style=\"text-align: center;\">R\u00e9utilisation de gaz de combusti\u00f3n.<\/p>\n<p style=\"text-align: center;\">Optimisation du rendement des moteurs \u00e9lectriques gr\u00e2ce au contr\u00f4le \u00e9lectronique<\/p>\n<p>[\/vc_column_text][\/vc_column][vc_column width=\u00a0\u00bb1\/3&Prime;]<div class=\"ult-just-icon-wrapper   vc_custom_1523540207899\"><div class=\"align-icon\" style=\"text-align:center;\">\n<div class=\"aio-icon circle \" data-animation=\"fadeIn\" data-animation-delay=\"03\" style=\"color:#ffffff;background:#154ea1;font-size:65px;display:inline-block;\">\n\t<i class=\"Defaults-tint\"><\/i>\n<\/div><\/div><\/div>[vc_column_text]<\/p>\n<h3 style=\"text-align: center;\"><strong>PROGRAMME D&rsquo;ECONOMIE D&rsquo;EAU<\/strong><\/h3>\n<p style=\"text-align: center;\">Utilisation de nouvelles technologies bas\u00e9es sur les \u00e9nergies renouvelables pour r\u00e9duire la consommation d&rsquo;eau.<\/p>\n<p style=\"text-align: center;\">R\u00e9utilisation des eaux r\u00e9siduelles.<\/p>\n<p>[\/vc_column_text][\/vc_column][vc_column width=\u00a0\u00bb1\/3&Prime;]<div class=\"ult-just-icon-wrapper   vc_custom_1523540213563\"><div class=\"align-icon\" style=\"text-align:center;\">\n<div class=\"aio-icon circle \" data-animation=\"fadeIn\" data-animation-delay=\"03\" style=\"color:#ffffff;background:#154ea1;font-size:65px;display:inline-block;\">\n\t<i class=\"Defaults-bitbucket\"><\/i>\n<\/div><\/div><\/div>[vc_column_text]<\/p>\n<h3 style=\"text-align: center;\"><strong>PROGRAMME DE GESTION DES R\u00c9SIDUS ET DE RECYCLAGE<\/strong><\/h3>\n<p style=\"text-align: center;\">Recyclage de lubrifiants et r\u00e9cup\u00e9ration des eaux us\u00e9es.<\/p>\n<p style=\"text-align: center;\">Recyclage de la ferraille.<\/p>\n<p style=\"text-align: center;\">Recyclage de la calamine.<\/p>\n<p>[\/vc_column_text][\/vc_column][\/vc_row]<\/p>\n","protected":false},"excerpt":{"rendered":"<p>[vc_row bg_type=\u00a0\u00bbbg_color\u00a0\u00bb bg_override=\u00a0\u00bbex-full\u00a0\u00bb bg_color_value=\u00a0\u00bb#ffffff\u00a0\u00bb css=\u00a0\u00bb.vc_custom_1523537221030{padding-top: 50px !important;padding-bottom: 30px !important;}\u00a0\u00bb][vc_column][vc_column_text] PROGRAMMES DE MESURES ENVIRONNEMENTALES [\/vc_column_text][vc_separator][vc_column_text] Gabarr\u00f3 opte depuis des ann\u00e9es pour des processus les plus propres et le moins nuisibles pour l&rsquo;environnement. Actuellement nos programmes de mesures environnementales r\u00e9pondent, au-del\u00e0 de notre pr\u00e9occupation pour l&rsquo;environnement, \u00e0 une strat\u00e9gie clairement d\u00e9finie qui s&rsquo;adapte et s&rsquo;anticipe aux nouvelles&hellip;<\/p>\n","protected":false},"author":1,"featured_media":0,"parent":0,"menu_order":0,"comment_status":"closed","ping_status":"closed","template":"","meta":{"footnotes":""},"aioseo_notices":[],"_links":{"self":[{"href":"https:\/\/gabarro.eu\/fr\/wp-json\/wp\/v2\/pages\/1518"}],"collection":[{"href":"https:\/\/gabarro.eu\/fr\/wp-json\/wp\/v2\/pages"}],"about":[{"href":"https:\/\/gabarro.eu\/fr\/wp-json\/wp\/v2\/types\/page"}],"author":[{"embeddable":true,"href":"https:\/\/gabarro.eu\/fr\/wp-json\/wp\/v2\/users\/1"}],"replies":[{"embeddable":true,"href":"https:\/\/gabarro.eu\/fr\/wp-json\/wp\/v2\/comments?post=1518"}],"version-history":[{"count":2,"href":"https:\/\/gabarro.eu\/fr\/wp-json\/wp\/v2\/pages\/1518\/revisions"}],"predecessor-version":[{"id":1525,"href":"https:\/\/gabarro.eu\/fr\/wp-json\/wp\/v2\/pages\/1518\/revisions\/1525"}],"wp:attachment":[{"href":"https:\/\/gabarro.eu\/fr\/wp-json\/wp\/v2\/media?parent=1518"}],"curies":[{"name":"wp","href":"https:\/\/api.w.org\/{rel}","templated":true}]}}