{"id":1503,"date":"2018-05-11T12:18:01","date_gmt":"2018-05-11T12:18:01","guid":{"rendered":"http:\/\/gabarro.eu\/services\/"},"modified":"2019-02-18T18:01:03","modified_gmt":"2019-02-18T18:01:03","slug":"services","status":"publish","type":"page","link":"https:\/\/gabarro.eu\/fr\/services\/","title":{"rendered":"SERVICES"},"content":{"rendered":"<p>[vc_row bg_type=\u00a0\u00bbbg_color\u00a0\u00bb bg_override=\u00a0\u00bbex-full\u00a0\u00bb bg_color_value=\u00a0\u00bb#ffffff\u00a0\u00bb css=\u00a0\u00bb.vc_custom_1523466969986{padding-top: 50px !important;padding-bottom: 50px !important;}\u00a0\u00bb][vc_column][vc_column_text]<\/p>\n<h1 style=\"text-align: center;\"><span style=\"color: #154ea1;\">GABARR\u00d3 SERVICES<\/span><\/h1>\n<p>[\/vc_column_text][vc_separator][vc_column_text]<\/p>\n<h4 style=\"text-align: center;\">Notre offre de services additionnels a pour but d&rsquo;accompagner nos clients tout au long du cycle de vie du projet. Pour cela, chez Gabarr\u00f3 nous allouons ressources et capacit\u00e9s afin de conseiller nos clients et d&rsquo;introduire des am\u00e9liorations d\u00e8s la conception du projet jusqu&rsquo;\u00e0 la llivraison du mat\u00e9riel ainsi que lors du service apr\u00e8s-vente.<\/h4>\n<p>[\/vc_column_text][vc_row_inner][vc_column_inner width=\u00a0\u00bb1\/3&Prime;][vc_hoverbox image=\u00a0\u00bb1147&Prime; primary_title=\u00a0\u00bbPHASE DE D\u00c9VELOPPEMENT\u00a0\u00bb primary_title_font_container=\u00a0\u00bbcolor:%23ffffff\u00a0\u00bb primary_title_google_fonts=\u00a0\u00bbfont_family:Montserrat%3Aregular%2C700|font_style:400%20regular%3A400%3Anormal\u00a0\u00bb hover_title=\u00a0\u00bbDEVELOPMENT PHASE\u00a0\u00bb hover_title_font_container=\u00a0\u00bbcolor:%23ffffff\u00a0\u00bb hover_title_use_theme_fonts=\u00a0\u00bbyes\u00a0\u00bb shape=\u00a0\u00bbsquare\u00a0\u00bb hover_background_color=\u00a0\u00bbcustom\u00a0\u00bb use_custom_fonts_primary_title=\u00a0\u00bbtrue\u00a0\u00bb use_custom_fonts_hover_title=\u00a0\u00bbtrue\u00a0\u00bb hover_custom_background=\u00a0\u00bb#154ea1&Prime;][\/vc_hoverbox][vc_column_text css=\u00a0\u00bb.vc_custom_1550512852624{margin-top: 30px !important;}\u00a0\u00bb]<span style=\"color: #000000;\">\u00b7 D\u00e9veloppement de produits sp\u00e9cifiques pour chaque client.<\/span><br \/>\n<span style=\"color: #000000;\">\u00b7 Essais initiaux in-company.<\/span><br \/>\n<span style=\"color: #000000;\">\u00b7 Collaboracion avec des fabricants de machines de manipulation et sp\u00e9cialistes de finitions de fil.<\/span><br \/>\n<span style=\"color: #000000;\">\u00b7 I+D+i de proc\u00e9d\u00e9s.<\/span><br \/>\n<span style=\"color: #000000;\">\u00b7 Consultation technique.<\/span><br \/>\n<span style=\"color: #000000;\">\u00b7 Analyse en laboratoire.<\/span>[\/vc_column_text][\/vc_column_inner][vc_column_inner width=\u00a0\u00bb1\/3&Prime;][vc_hoverbox image=\u00a0\u00bb1148&Prime; primary_title=\u00a0\u00bbPHASE DE GESTION DE LA PRODUCTION\u00a0\u00bb primary_title_font_container=\u00a0\u00bbcolor:%23ffffff\u00a0\u00bb primary_title_google_fonts=\u00a0\u00bbfont_family:Montserrat%3Aregular%2C700|font_style:400%20regular%3A400%3Anormal\u00a0\u00bb hover_title=\u00a0\u00bbPRODUCTION MANAGEMENT PHASE\u00a0\u00bb hover_title_font_container=\u00a0\u00bbcolor:%23ffffff\u00a0\u00bb hover_title_use_theme_fonts=\u00a0\u00bbyes\u00a0\u00bb shape=\u00a0\u00bbsquare\u00a0\u00bb hover_background_color=\u00a0\u00bbcustom\u00a0\u00bb use_custom_fonts_primary_title=\u00a0\u00bbtrue\u00a0\u00bb use_custom_fonts_hover_title=\u00a0\u00bbtrue\u00a0\u00bb hover_custom_background=\u00a0\u00bb#154ea1&Prime;][\/vc_hoverbox][vc_column_text css=\u00a0\u00bb.vc_custom_1550512818625{margin-top: 30px !important;}\u00a0\u00bb]<span style=\"color: #000000;\">\u00b7 Planification de production et fiabilit\u00e9 des proc\u00e9d\u00e9s.<\/span><br \/>\n<span style=\"color: #000000;\">\u00b7 Gestion du processus de tra\u00e7aabilit\u00e9 du produit.<\/span><br \/>\n<span style=\"color: #000000;\">\u00b7 Supervision des proc\u00e9d\u00e9s et du contr\u00f4le de qualit\u00e9.<\/span><br \/>\n<span style=\"color: #000000;\">\u00b7 Proc\u00e9d\u00e9s certifi\u00e9s ISO9001-2000.<\/span><br \/>\n<span style=\"color: #000000;\">\u00b7 Gestion logistique.<\/span><br \/>\n<span style=\"color: #000000;\">\u00b7 Capacit\u00e9 de r\u00e9ponse.<\/span><br \/>\n<span style=\"color: #000000;\">\u00b7 Avis de d\u00e9viation en temps r\u00e9el.<\/span>[\/vc_column_text][\/vc_column_inner][vc_column_inner width=\u00a0\u00bb1\/3&Prime;][vc_hoverbox image=\u00a0\u00bb1149&Prime; primary_title=\u00a0\u00bbPHASE APR\u00c8S-VENTE\u00a0\u00bb primary_title_font_container=\u00a0\u00bbcolor:%23ffffff\u00a0\u00bb primary_title_google_fonts=\u00a0\u00bbfont_family:Montserrat%3Aregular%2C700|font_style:400%20regular%3A400%3Anormal\u00a0\u00bb hover_title=\u00a0\u00bbAFTER-SALES PHASE\u00a0\u00bb hover_title_font_container=\u00a0\u00bbcolor:%23ffffff\u00a0\u00bb hover_title_use_theme_fonts=\u00a0\u00bbyes\u00a0\u00bb shape=\u00a0\u00bbsquare\u00a0\u00bb hover_background_color=\u00a0\u00bbcustom\u00a0\u00bb use_custom_fonts_primary_title=\u00a0\u00bbtrue\u00a0\u00bb use_custom_fonts_hover_title=\u00a0\u00bbtrue\u00a0\u00bb hover_custom_background=\u00a0\u00bb#154ea1&Prime;][\/vc_hoverbox][vc_column_text css=\u00a0\u00bb.vc_custom_1550512784444{margin-top: 30px !important;}\u00a0\u00bb]<span style=\"color: #000000;\">\u00b7 Benchmark de la satisfaction du client.<\/span><br \/>\n<span style=\"color: #000000;\">\u00b7 Analyse et gestion des r\u00e9clamations pour non conformit\u00e9.<\/span><br \/>\n<span style=\"color: #000000;\">\u00b7 Tendances de march\u00e9 en appui aux pr\u00e9visions du client.<\/span>[\/vc_column_text][\/vc_column_inner][\/vc_row_inner][\/vc_column][\/vc_row]<\/p>\n","protected":false},"excerpt":{"rendered":"<p>[vc_row bg_type=\u00a0\u00bbbg_color\u00a0\u00bb bg_override=\u00a0\u00bbex-full\u00a0\u00bb bg_color_value=\u00a0\u00bb#ffffff\u00a0\u00bb css=\u00a0\u00bb.vc_custom_1523466969986{padding-top: 50px !important;padding-bottom: 50px !important;}\u00a0\u00bb][vc_column][vc_column_text] GABARR\u00d3 SERVICES [\/vc_column_text][vc_separator][vc_column_text] Notre offre de services additionnels a pour but d&rsquo;accompagner nos clients tout au long du cycle de vie du projet. Pour cela, chez Gabarr\u00f3 nous allouons ressources et capacit\u00e9s afin de conseiller nos clients et d&rsquo;introduire des am\u00e9liorations d\u00e8s la conception du projet&hellip;<\/p>\n","protected":false},"author":1,"featured_media":0,"parent":0,"menu_order":0,"comment_status":"closed","ping_status":"closed","template":"","meta":{"footnotes":""},"aioseo_notices":[],"_links":{"self":[{"href":"https:\/\/gabarro.eu\/fr\/wp-json\/wp\/v2\/pages\/1503"}],"collection":[{"href":"https:\/\/gabarro.eu\/fr\/wp-json\/wp\/v2\/pages"}],"about":[{"href":"https:\/\/gabarro.eu\/fr\/wp-json\/wp\/v2\/types\/page"}],"author":[{"embeddable":true,"href":"https:\/\/gabarro.eu\/fr\/wp-json\/wp\/v2\/users\/1"}],"replies":[{"embeddable":true,"href":"https:\/\/gabarro.eu\/fr\/wp-json\/wp\/v2\/comments?post=1503"}],"version-history":[{"count":2,"href":"https:\/\/gabarro.eu\/fr\/wp-json\/wp\/v2\/pages\/1503\/revisions"}],"predecessor-version":[{"id":1512,"href":"https:\/\/gabarro.eu\/fr\/wp-json\/wp\/v2\/pages\/1503\/revisions\/1512"}],"wp:attachment":[{"href":"https:\/\/gabarro.eu\/fr\/wp-json\/wp\/v2\/media?parent=1503"}],"curies":[{"name":"wp","href":"https:\/\/api.w.org\/{rel}","templated":true}]}}