{"id":1347,"date":"2018-04-05T14:14:41","date_gmt":"2018-04-05T14:14:41","guid":{"rendered":"http:\/\/gabarro.eu\/gabarro-today\/"},"modified":"2023-09-13T08:20:17","modified_gmt":"2023-09-13T08:20:17","slug":"gabarro-aujourdhui","status":"publish","type":"page","link":"https:\/\/gabarro.eu\/fr\/gabarro-aujourdhui\/","title":{"rendered":"GABARR\u00d3 AUJOURD&rsquo;HUI"},"content":{"rendered":"<p>[vc_row bg_type=\u00a0\u00bbbg_color\u00a0\u00bb bg_override=\u00a0\u00bbex-full\u00a0\u00bb bg_color_value=\u00a0\u00bb#ffffff\u00a0\u00bb css=\u00a0\u00bb.vc_custom_1522952131290{padding-top: 50px !important;padding-bottom: 50px !important;}\u00a0\u00bb][vc_column][vc_column_text]<\/p>\n<h1 style=\"text-align: center;\"><span style=\"color: #154ea1;\">GABARR\u00d3 AUJOURD&rsquo;HUI<\/span><\/h1>\n<p>[\/vc_column_text][vc_separator][vc_column_text]<\/p>\n<h4 style=\"text-align: center;\">Gabarr\u00f3 est aujourd&rsquo;hui un r\u00e9f\u00e9rent Europ\u00e9en et une des enterprises leader du secteur.Notre compagnie est pleinement consolid\u00e9e au niveau international, sa pr\u00e9sence sur ces march\u00e9s, \u00e9tant son principal moteur de croissance.<\/h4>\n<p>Nous renouvelons au quotidien nos engagements vis-\u00e0-vis de notre travail, des personnes qui nous font confiance et du futur que nous nous employons \u00e0 forger. Saisir les opportunit\u00e9s \u00e0 venir, fait partie de notre strat\u00e9gie croissance.<\/p>\n<p>[\/vc_column_text][\/vc_column][\/vc_row][vc_row bg_type=\u00a0\u00bbbg_color\u00a0\u00bb bg_override=\u00a0\u00bbex-full\u00a0\u00bb css=\u00a0\u00bb.vc_custom_1522950046966{padding-top: 40px !important;padding-bottom: 40px !important;}\u00a0\u00bb bg_color_value=\u00a0\u00bbrgba(21,78,161,0.84)\u00a0\u00bb][vc_column][vc_column_text]<\/p>\n<h2 style=\"text-align: center;\"><span style=\"color: #ffffff;\"><strong>Our two modern production plants are ready to face the challenges of the future.<\/strong><\/span><\/h2>\n<p>[\/vc_column_text][\/vc_column][\/vc_row][vc_row bg_type=\u00a0\u00bbbg_color\u00a0\u00bb bg_override=\u00a0\u00bbex-full\u00a0\u00bb bg_color_value=\u00a0\u00bb#ffffff\u00a0\u00bb css=\u00a0\u00bb.vc_custom_1522952167192{padding-top: 50px !important;padding-bottom: 50px !important;}\u00a0\u00bb][vc_column width=\u00a0\u00bb1\/2&Prime;][vc_single_image image=\u00a0\u00bb1195&Prime; img_size=\u00a0\u00bbfull\u00a0\u00bb alignment=\u00a0\u00bbcenter\u00a0\u00bb][vc_column_text]<\/p>\n<h4 style=\"text-align: center;\"><strong><span style=\"color: #154ea1;\">Usine de Barcelone<\/span><\/strong><\/h4>\n<p style=\"text-align: center;\">Elle a \u00e9t\u00e9 mise en place en 2002 et elle est situ\u00e9e \u00e0 La Pobla de Claramunt (pr\u00e8s de Barcelone). Elle fait 25,000 m2<\/p>\n<p>[\/vc_column_text][\/vc_column][vc_column width=\u00a0\u00bb1\/2&Prime;][vc_single_image image=\u00a0\u00bb1138&Prime; img_size=\u00a0\u00bbfull\u00a0\u00bb alignment=\u00a0\u00bbcenter\u00a0\u00bb][vc_column_text]<\/p>\n<h4 style=\"text-align: center;\"><strong><span style=\"color: #154ea1;\">Usine de Brandebourg<\/span><\/strong><\/h4>\n<p style=\"text-align: center;\">Elle a \u00e9t\u00e9 mise en place en 2012 et elle est situ\u00e9e \u00e0 Brandebourg (Allemagne). Elle fait 33,000 m2<\/p>\n<p>[\/vc_column_text][vc_single_image image=\u00a0\u00bb1222&Prime; img_size=\u00a0\u00bb\u00a0\u00bb alignment=\u00a0\u00bbcenter\u00a0\u00bb onclick=\u00a0\u00bbcustom_link\u00a0\u00bb img_link_target=\u00a0\u00bb_blank\u00a0\u00bb link=\u00a0\u00bbhttp:\/\/gabarro.eu\/wp-content\/uploads\/2018\/10\/ILB.pdf\u00a0\u00bb][\/vc_column][\/vc_row]<\/p>\n","protected":false},"excerpt":{"rendered":"<p>[vc_row bg_type=\u00a0\u00bbbg_color\u00a0\u00bb bg_override=\u00a0\u00bbex-full\u00a0\u00bb bg_color_value=\u00a0\u00bb#ffffff\u00a0\u00bb css=\u00a0\u00bb.vc_custom_1522952131290{padding-top: 50px !important;padding-bottom: 50px !important;}\u00a0\u00bb][vc_column][vc_column_text] GABARR\u00d3 AUJOURD&rsquo;HUI [\/vc_column_text][vc_separator][vc_column_text] Gabarr\u00f3 est aujourd&rsquo;hui un r\u00e9f\u00e9rent Europ\u00e9en et une des enterprises leader du secteur.Notre compagnie est pleinement consolid\u00e9e au niveau international, sa pr\u00e9sence sur ces march\u00e9s, \u00e9tant son principal moteur de croissance. Nous renouvelons au quotidien nos engagements vis-\u00e0-vis de notre travail, des personnes&hellip;<\/p>\n","protected":false},"author":1,"featured_media":0,"parent":0,"menu_order":0,"comment_status":"closed","ping_status":"closed","template":"","meta":{"footnotes":""},"aioseo_notices":[],"_links":{"self":[{"href":"https:\/\/gabarro.eu\/fr\/wp-json\/wp\/v2\/pages\/1347"}],"collection":[{"href":"https:\/\/gabarro.eu\/fr\/wp-json\/wp\/v2\/pages"}],"about":[{"href":"https:\/\/gabarro.eu\/fr\/wp-json\/wp\/v2\/types\/page"}],"author":[{"embeddable":true,"href":"https:\/\/gabarro.eu\/fr\/wp-json\/wp\/v2\/users\/1"}],"replies":[{"embeddable":true,"href":"https:\/\/gabarro.eu\/fr\/wp-json\/wp\/v2\/comments?post=1347"}],"version-history":[{"count":6,"href":"https:\/\/gabarro.eu\/fr\/wp-json\/wp\/v2\/pages\/1347\/revisions"}],"predecessor-version":[{"id":2923,"href":"https:\/\/gabarro.eu\/fr\/wp-json\/wp\/v2\/pages\/1347\/revisions\/2923"}],"wp:attachment":[{"href":"https:\/\/gabarro.eu\/fr\/wp-json\/wp\/v2\/media?parent=1347"}],"curies":[{"name":"wp","href":"https:\/\/api.w.org\/{rel}","templated":true}]}}