{"id":1316,"date":"2018-04-11T14:43:47","date_gmt":"2018-04-11T14:43:47","guid":{"rendered":"http:\/\/gabarro.eu\/the-art-of-wire-drawing\/"},"modified":"2019-02-15T09:23:17","modified_gmt":"2019-02-15T09:23:17","slug":"lart-de-trefiler-le-fil","status":"publish","type":"page","link":"https:\/\/gabarro.eu\/fr\/lart-de-trefiler-le-fil\/","title":{"rendered":"THE ART OF WIRE DRAWING"},"content":{"rendered":"<p>[vc_row bg_type=\u00a0\u00bbbg_color\u00a0\u00bb bg_override=\u00a0\u00bbex-full\u00a0\u00bb bg_color_value=\u00a0\u00bb#ffffff\u00a0\u00bb css=\u00a0\u00bb.vc_custom_1523466969986{padding-top: 50px !important;padding-bottom: 50px !important;}\u00a0\u00bb][vc_column][vc_column_text]<\/p>\n<h1 style=\"text-align: center;\"><span style=\"color: #154ea1;\">L\u2019ART DE TR\u00c9FILER LE FIL<\/span><\/h1>\n<p>[\/vc_column_text][vc_separator][vc_column_text]<\/p>\n<h4 style=\"text-align: center;\">C\u2019 est en 1920 que Gabarr\u00f3 commence \u00e0 \u00e9crire sa propre histoire sur la base de principes simples :<\/h4>\n<p>[\/vc_column_text][vc_row_inner][vc_column_inner width=\u00a0\u00bb1\/2&Prime;][vc_hoverbox image=\u00a0\u00bb923&Prime; primary_title=\u00a0\u00bbEXCELLENCE\u00a0\u00bb primary_title_font_container=\u00a0\u00bbcolor:%23ffffff\u00a0\u00bb primary_title_google_fonts=\u00a0\u00bbfont_family:Montserrat%3Aregular%2C700|font_style:400%20regular%3A400%3Anormal\u00a0\u00bb hover_title=\u00a0\u00bbEXCELLENCE\u00a0\u00bb hover_title_font_container=\u00a0\u00bbcolor:%23ffffff\u00a0\u00bb hover_title_use_theme_fonts=\u00a0\u00bbyes\u00a0\u00bb shape=\u00a0\u00bbsquare\u00a0\u00bb hover_background_color=\u00a0\u00bbcustom\u00a0\u00bb use_custom_fonts_primary_title=\u00a0\u00bbtrue\u00a0\u00bb use_custom_fonts_hover_title=\u00a0\u00bbtrue\u00a0\u00bb hover_custom_background=\u00a0\u00bb#154ea1&Prime;]<span style=\"color: #ffffff;\">Fabriquer des articles en acier de la <strong>plus haute qualit\u00e9<\/strong> et sous des crit\u00e8res <strong>technologiques d\u2019excellence<\/strong>.<\/span>[\/vc_hoverbox][\/vc_column_inner][vc_column_inner width=\u00a0\u00bb1\/2&Prime;][vc_hoverbox image=\u00a0\u00bb987&Prime; primary_title=\u00a0\u00bbCOOP\u00c9RATION\u00a0\u00bb primary_title_font_container=\u00a0\u00bbcolor:%23ffffff\u00a0\u00bb primary_title_google_fonts=\u00a0\u00bbfont_family:Montserrat%3Aregular%2C700|font_style:400%20regular%3A400%3Anormal\u00a0\u00bb hover_title=\u00a0\u00bbCOOP\u00c9RATION\u00a0\u00bb hover_title_font_container=\u00a0\u00bbcolor:%23ffffff\u00a0\u00bb hover_title_use_theme_fonts=\u00a0\u00bbyes\u00a0\u00bb shape=\u00a0\u00bbsquare\u00a0\u00bb hover_background_color=\u00a0\u00bbcustom\u00a0\u00bb use_custom_fonts_primary_title=\u00a0\u00bbtrue\u00a0\u00bb use_custom_fonts_hover_title=\u00a0\u00bbtrue\u00a0\u00bb hover_custom_background=\u00a0\u00bb#154ea1&Prime;]<span style=\"color: #ffffff;\"><strong>Personnaliser les solutions que nous proposons<\/strong> \u00e0 nos clients sur la base d\u2019une coop\u00e9ration et ainsi donner de la valeur ajout\u00e9e \u00e0 leur produit.<\/span>[\/vc_hoverbox][\/vc_column_inner][\/vc_row_inner][\/vc_column][\/vc_row][vc_row bg_type=\u00a0\u00bbbg_color\u00a0\u00bb bg_override=\u00a0\u00bbex-full\u00a0\u00bb bg_color_value=\u00a0\u00bb#ededed\u00a0\u00bb][vc_column width=\u00a0\u00bb1\/6&Prime;][\/vc_column][vc_column width=\u00a0\u00bb2\/3&Prime;][vc_column_text]<\/p>\n<h4 style=\"text-align: center;\">Ces principes se sont associ\u00e9s et ont \u00e9t\u00e9 renforc\u00e9s par notre effort pour am\u00e9liorer jour apr\u00e8s jour nos services, \u00e0 savoir :<\/h4>\n<p>[\/vc_column_text][\/vc_column][vc_column width=\u00a0\u00bb1\/6&Prime;][\/vc_column][\/vc_row][vc_row bg_type=\u00a0\u00bbbg_color\u00a0\u00bb bg_override=\u00a0\u00bbex-full\u00a0\u00bb bg_color_value=\u00a0\u00bb#ffffff\u00a0\u00bb][vc_column][vc_row_inner][vc_column_inner width=\u00a0\u00bb1\/3&Prime;]<div class=\"ult-just-icon-wrapper   vc_custom_1523469064703\"><div class=\"align-icon\" style=\"text-align:center;\">\n<div class=\"aio-icon circle \" data-animation=\"pulse\" data-animation-delay=\"03\" style=\"color:#ffffff;background:#154ea1;font-size:65px;display:inline-block;\">\n\t<i class=\"Defaults-magic\"><\/i>\n<\/div><\/div><\/div>[vc_column_text]<\/p>\n<p style=\"text-align: center;\">Nous faisons constamment des <strong>innovations<\/strong> dans les domaines de la production et de la logistique.<\/p>\n<p>[\/vc_column_text][\/vc_column_inner][vc_column_inner width=\u00a0\u00bb1\/3&Prime;]<div class=\"ult-just-icon-wrapper   vc_custom_1523469069646\"><div class=\"align-icon\" style=\"text-align:center;\">\n<div class=\"aio-icon circle \" data-animation=\"pulse\" data-animation-delay=\"03\" style=\"color:#ffffff;background:#154ea1;font-size:65px;display:inline-block;\">\n\t<i class=\"Defaults-user-plus\"><\/i>\n<\/div><\/div><\/div>[vc_column_text]<\/p>\n<p style=\"text-align: center;\">Nous offrons \u00e0 nos clients un service exceptionnel <strong>et une relation personnelle, proche et diff\u00e9rentielle.<\/strong><\/p>\n<p>[\/vc_column_text][\/vc_column_inner][vc_column_inner width=\u00a0\u00bb1\/3&Prime;]<div class=\"ult-just-icon-wrapper   vc_custom_1523469074533\"><div class=\"align-icon\" style=\"text-align:center;\">\n<div class=\"aio-icon circle \" data-animation=\"pulse\" data-animation-delay=\"03\" style=\"color:#ffffff;background:#154ea1;font-size:65px;display:inline-block;\">\n\t<i class=\"Defaults-leaf\"><\/i>\n<\/div><\/div><\/div>[vc_column_text]<\/p>\n<p style=\"text-align: center;\">Nous offrons une<strong> responsabilit\u00e9 d\u2019entreprise certifi\u00e9e<\/strong> et sociale qui b\u00e9n\u00e9ficie aux personnes, \u00e0 la durabilit\u00e9 et \u00e0 l\u2019environnement.<\/p>\n<p>[\/vc_column_text][\/vc_column_inner][\/vc_row_inner][\/vc_column][\/vc_row][vc_row bg_type=\u00a0\u00bbbg_color\u00a0\u00bb bg_override=\u00a0\u00bbex-full\u00a0\u00bb bg_color_value=\u00a0\u00bb#ededed\u00a0\u00bb css=\u00a0\u00bb.vc_custom_1523469597668{margin-bottom: 35px !important;}\u00a0\u00bb][vc_column width=\u00a0\u00bb1\/6&Prime;][\/vc_column][vc_column width=\u00a0\u00bb2\/3&Prime;][vc_column_text]<\/p>\n<h4 style=\"text-align: center;\">Aujourd\u2019hui Gabarr\u00f3 est une soci\u00e9t\u00e9 familiale, internationale, et ind\u00e9pendante, si passionn\u00e9e et si s\u00fbre d\u2019elle, qu\u00b4elle peut lancer un message et une promesse unique :<\/h4>\n<p>[\/vc_column_text][vc_column_text]<\/p>\n<h2 style=\"text-align: center;\"><strong>Travaillez avec Gabarr\u00f3\u2026et profitez!<\/strong><\/h2>\n<h4 style=\"text-align: center;\">Parce que nous, nous prendrons soin du tr\u00e9filage de votre fil d\u2019acier.<\/h4>\n<p>[\/vc_column_text][\/vc_column][vc_column width=\u00a0\u00bb1\/6&Prime;][\/vc_column][\/vc_row]<\/p>\n","protected":false},"excerpt":{"rendered":"<p>[vc_row bg_type=\u00a0\u00bbbg_color\u00a0\u00bb bg_override=\u00a0\u00bbex-full\u00a0\u00bb bg_color_value=\u00a0\u00bb#ffffff\u00a0\u00bb css=\u00a0\u00bb.vc_custom_1523466969986{padding-top: 50px !important;padding-bottom: 50px !important;}\u00a0\u00bb][vc_column][vc_column_text] L\u2019ART DE TR\u00c9FILER LE FIL [\/vc_column_text][vc_separator][vc_column_text] C\u2019 est en 1920 que Gabarr\u00f3 commence \u00e0 \u00e9crire sa propre histoire sur la base de principes simples : [\/vc_column_text][vc_row_inner][vc_column_inner width=\u00a0\u00bb1\/2&Prime;][vc_hoverbox image=\u00a0\u00bb923&Prime; primary_title=\u00a0\u00bbEXCELLENCE\u00a0\u00bb primary_title_font_container=\u00a0\u00bbcolor:%23ffffff\u00a0\u00bb primary_title_google_fonts=\u00a0\u00bbfont_family:Montserrat%3Aregular%2C700|font_style:400%20regular%3A400%3Anormal\u00a0\u00bb hover_title=\u00a0\u00bbEXCELLENCE\u00a0\u00bb hover_title_font_container=\u00a0\u00bbcolor:%23ffffff\u00a0\u00bb hover_title_use_theme_fonts=\u00a0\u00bbyes\u00a0\u00bb shape=\u00a0\u00bbsquare\u00a0\u00bb hover_background_color=\u00a0\u00bbcustom\u00a0\u00bb use_custom_fonts_primary_title=\u00a0\u00bbtrue\u00a0\u00bb use_custom_fonts_hover_title=\u00a0\u00bbtrue\u00a0\u00bb hover_custom_background=\u00a0\u00bb#154ea1&Prime;]Fabriquer des articles en acier de la plus&hellip;<\/p>\n","protected":false},"author":1,"featured_media":0,"parent":0,"menu_order":0,"comment_status":"closed","ping_status":"closed","template":"","meta":{"footnotes":""},"aioseo_notices":[],"_links":{"self":[{"href":"https:\/\/gabarro.eu\/fr\/wp-json\/wp\/v2\/pages\/1316"}],"collection":[{"href":"https:\/\/gabarro.eu\/fr\/wp-json\/wp\/v2\/pages"}],"about":[{"href":"https:\/\/gabarro.eu\/fr\/wp-json\/wp\/v2\/types\/page"}],"author":[{"embeddable":true,"href":"https:\/\/gabarro.eu\/fr\/wp-json\/wp\/v2\/users\/1"}],"replies":[{"embeddable":true,"href":"https:\/\/gabarro.eu\/fr\/wp-json\/wp\/v2\/comments?post=1316"}],"version-history":[{"count":2,"href":"https:\/\/gabarro.eu\/fr\/wp-json\/wp\/v2\/pages\/1316\/revisions"}],"predecessor-version":[{"id":1324,"href":"https:\/\/gabarro.eu\/fr\/wp-json\/wp\/v2\/pages\/1316\/revisions\/1324"}],"wp:attachment":[{"href":"https:\/\/gabarro.eu\/fr\/wp-json\/wp\/v2\/media?parent=1316"}],"curies":[{"name":"wp","href":"https:\/\/api.w.org\/{rel}","templated":true}]}}