{"id":2026,"date":"2021-07-14T15:30:52","date_gmt":"2021-07-14T15:30:52","guid":{"rendered":"https:\/\/gabarro.eu\/gabarro-quality\/"},"modified":"2025-04-23T10:15:42","modified_gmt":"2025-04-23T10:15:42","slug":"calidad-gabarro","status":"publish","type":"page","link":"https:\/\/gabarro.eu\/es\/calidad-gabarro\/","title":{"rendered":"CALIDAD GABARR\u00d3"},"content":{"rendered":"<p>[vc_row full_height=\u00bbyes\u00bb content_placement=\u00bbmiddle\u00bb bg_type=\u00bbimage\u00bb parallax_style=\u00bbvcpb-default\u00bb bg_image_new=\u00bbid^1945|url^https:\/\/gabarro.eu\/wp-content\/uploads\/2021\/07\/gabarroquality.jpg|caption^null|alt^null|title^gabarroquality|description^null\u00bb bg_image_repeat=\u00bbno-repeat\u00bb bg_override=\u00bbex-full\u00bb css=\u00bb.vc_custom_1626169867528{padding-top: 50px !important;padding-bottom: 50px !important;}\u00bb][vc_column width=\u00bb2\/12&#8243;][\/vc_column][vc_column width=\u00bb8\/12&#8243;][vc_column_text]<\/p>\n<h1 style=\"text-align: center;\"><span style=\"color: #ffffff;\">ENFOCADOS EN LA CALIDAD <br class=\"hideonmobile\" \/>Y LA INNOVACI\u00d3N<\/span><\/h1>\n<p>[\/vc_column_text][vc_separator color=\u00bbwhite\u00bb][vc_column_text]<\/p>\n<h4 style=\"text-align: center; font-size: 18px;\"><span style=\"color: #ffffff;\">GABARR\u00d3 est\u00e1 certificado seg\u00fan Norma EN ISO 9001:2015 con T\u00dcV Rheinland. <\/span><\/h4>\n<h4 style=\"text-align: center; font-size: 18px;\"><span style=\"color: #ffffff;\">La Pol\u00edtica de Calidad de GABARR\u00d3 est\u00e1 disponible a petici\u00f3n de las partes interesadas.<\/span><\/h4>\n<p>[\/vc_column_text][vc_single_image image=\u00bb1977&#8243; img_size=\u00bb35&#215;62&#8243; alignment=\u00bbcenter\u00bb][\/vc_column][vc_column width=\u00bb2\/12&#8243;][\/vc_column][\/vc_row][vc_row css=\u00bb.vc_custom_1626172232063{margin-top: -200px !important;}\u00bb][vc_column width=\u00bb1\/4&#8243;][\/vc_column][vc_column width=\u00bb1\/4&#8243;][vc_single_image image=\u00bb1982&#8243; img_size=\u00bb326&#215;536&#8243; alignment=\u00bbcenter\u00bb onclick=\u00bbcustom_link\u00bb img_link_target=\u00bb_blank\u00bb link=\u00bbhttps:\/\/gabarro.eu\/wp-content\/uploads\/2024\/05\/004120071_ES.pdf\u00bb][\/vc_column][vc_column width=\u00bb1\/4&#8243;][vc_single_image image=\u00bb3002&#8243; img_size=\u00bb326&#215;536&#8243; alignment=\u00bbcenter\u00bb onclick=\u00bbcustom_link\u00bb img_link_target=\u00bb_blank\u00bb link=\u00bbhttps:\/\/gabarro.eu\/wp-content\/uploads\/2025\/04\/50001_es.pdf\u00bb][\/vc_column][vc_column width=\u00bb1\/4&#8243;][\/vc_column][\/vc_row][vc_row bg_type=\u00bbbg_color\u00bb bg_override=\u00bbex-full\u00bb bg_color_value=\u00bb#eeeeee\u00bb css=\u00bb.vc_custom_1626173097088{padding-top: 40px !important;padding-bottom: 40px !important;}\u00bb][vc_column][vc_column_text]<\/p>\n<h2 style=\"text-align: center;\"><strong><span style=\"color: #144da0;\">GABARR\u00d3 invierte permanentemente en Innovaci\u00f3n y Desarrollo, programas de formaci\u00f3n y sostenibilidad<\/span><\/strong><\/h2>\n<p>[\/vc_column_text][vc_row_inner content_placement=\u00bbbottom\u00bb][vc_column_inner width=\u00bb1\/3&#8243;][vc_single_image image=\u00bb2006&#8243; img_size=\u00bb\u00bb alignment=\u00bbcenter\u00bb][\/vc_column_inner][vc_column_inner width=\u00bb1\/3&#8243;][vc_single_image image=\u00bb2002&#8243; img_size=\u00bb\u00bb alignment=\u00bbcenter\u00bb][\/vc_column_inner][vc_column_inner width=\u00bb1\/3&#8243;][vc_single_image image=\u00bb1998&#8243; img_size=\u00bb\u00bb alignment=\u00bbcenter\u00bb][\/vc_column_inner][\/vc_row_inner][vc_row_inner content_placement=\u00bbtop\u00bb][vc_column_inner width=\u00bb1\/3&#8243;][vc_column_text]<\/p>\n<h3 style=\"text-align: center;\"><span style=\"color: #144da0;\">Programa de<strong> ahorro energ\u00e9tico<\/strong> ISO 50.001<\/span><\/h3>\n<h4 style=\"text-align: center;\"><span style=\"color: #144da0; font-size: 17px;\">Reducci\u00f3n del consumo de gas maximizando los ciclos de recocido mediante una distribuci\u00f3n eficaz del calor.<\/span><\/h4>\n<h4 style=\"text-align: center;\"><span style=\"color: #144da0; font-size: 17px;\">Utilizaci\u00f3n de gases de combusti\u00f3n.<\/span><\/h4>\n<h4 style=\"text-align: center;\"><span style=\"color: #144da0; font-size: 17px;\">Control electr\u00f3nico de motores el\u00e9ctricos.<\/span><\/h4>\n<p>[\/vc_column_text][\/vc_column_inner][vc_column_inner width=\u00bb1\/3&#8243;][vc_column_text]<\/p>\n<h3 style=\"text-align: center;\"><span style=\"color: #144da0;\">Programa de<strong> ahorro de agua<\/strong><br \/>\n<\/span><\/h3>\n<h4 style=\"text-align: center;\"><span style=\"color: #144da0; font-size: 17px;\">Reutilizaci\u00f3n de aguas residuales<\/span>.<\/h4>\n<p>[\/vc_column_text][\/vc_column_inner][vc_column_inner width=\u00bb1\/3&#8243;][vc_column_text]<\/p>\n<h3 style=\"text-align: center;\"><span style=\"color: #144da0;\">Programa de <strong>gesti\u00f3n<\/strong> y <strong>reciclaje de residuos<\/strong><\/span><\/h3>\n<h4 style=\"text-align: center;\"><span style=\"color: #144da0; font-size: 17px;\">Reciclaje de lubricantes y agua.<\/span><\/h4>\n<h4 style=\"text-align: center;\"><span style=\"color: #144da0; font-size: 17px;\">Reciclaje de chatarra.<\/span><\/h4>\n<h4 style=\"text-align: center;\"><span style=\"color: #144da0; font-size: 17px;\">Reciclaje de b\u00e1sculas.<\/span><\/h4>\n<p>[\/vc_column_text][\/vc_column_inner][\/vc_row_inner][\/vc_column][\/vc_row]<\/p>\n","protected":false},"excerpt":{"rendered":"<p>[vc_row full_height=\u00bbyes\u00bb content_placement=\u00bbmiddle\u00bb bg_type=\u00bbimage\u00bb parallax_style=\u00bbvcpb-default\u00bb bg_image_new=\u00bbid^1945|url^https:\/\/gabarro.eu\/wp-content\/uploads\/2021\/07\/gabarroquality.jpg|caption^null|alt^null|title^gabarroquality|description^null\u00bb bg_image_repeat=\u00bbno-repeat\u00bb bg_override=\u00bbex-full\u00bb css=\u00bb.vc_custom_1626169867528{padding-top: 50px !important;padding-bottom: 50px !important;}\u00bb][vc_column width=\u00bb2\/12&#8243;][\/vc_column][vc_column width=\u00bb8\/12&#8243;][vc_column_text] ENFOCADOS EN LA CALIDAD Y LA INNOVACI\u00d3N [\/vc_column_text][vc_separator color=\u00bbwhite\u00bb][vc_column_text] GABARR\u00d3 est\u00e1 certificado seg\u00fan Norma EN ISO 9001:2015 con T\u00dcV Rheinland. La Pol\u00edtica de Calidad de GABARR\u00d3 est\u00e1 disponible a petici\u00f3n de las partes interesadas. [\/vc_column_text][vc_single_image image=\u00bb1977&#8243; img_size=\u00bb35&#215;62&#8243; alignment=\u00bbcenter\u00bb][\/vc_column][vc_column width=\u00bb2\/12&#8243;][\/vc_column][\/vc_row][vc_row css=\u00bb.vc_custom_1626172232063{margin-top:&hellip;<\/p>\n","protected":false},"author":1,"featured_media":0,"parent":0,"menu_order":0,"comment_status":"closed","ping_status":"closed","template":"","meta":{"footnotes":""},"aioseo_notices":[],"_links":{"self":[{"href":"https:\/\/gabarro.eu\/es\/wp-json\/wp\/v2\/pages\/2026"}],"collection":[{"href":"https:\/\/gabarro.eu\/es\/wp-json\/wp\/v2\/pages"}],"about":[{"href":"https:\/\/gabarro.eu\/es\/wp-json\/wp\/v2\/types\/page"}],"author":[{"embeddable":true,"href":"https:\/\/gabarro.eu\/es\/wp-json\/wp\/v2\/users\/1"}],"replies":[{"embeddable":true,"href":"https:\/\/gabarro.eu\/es\/wp-json\/wp\/v2\/comments?post=2026"}],"version-history":[{"count":10,"href":"https:\/\/gabarro.eu\/es\/wp-json\/wp\/v2\/pages\/2026\/revisions"}],"predecessor-version":[{"id":3012,"href":"https:\/\/gabarro.eu\/es\/wp-json\/wp\/v2\/pages\/2026\/revisions\/3012"}],"wp:attachment":[{"href":"https:\/\/gabarro.eu\/es\/wp-json\/wp\/v2\/media?parent=2026"}],"curies":[{"name":"wp","href":"https:\/\/api.w.org\/{rel}","templated":true}]}}