{"id":1550,"date":"2018-02-05T06:09:11","date_gmt":"2018-02-05T11:09:11","guid":{"rendered":"http:\/\/gabarro.eu\/contact\/"},"modified":"2020-05-27T08:39:17","modified_gmt":"2020-05-27T08:39:17","slug":"contacto","status":"publish","type":"page","link":"https:\/\/gabarro.eu\/es\/contacto\/","title":{"rendered":"Contact"},"content":{"rendered":"<p>[vc_row bg_type=\u00bbbg_color\u00bb bg_override=\u00bbex-full\u00bb bg_color_value=\u00bb#ffffff\u00bb css=\u00bb.vc_custom_1523537221030{padding-top: 50px !important;padding-bottom: 30px !important;}\u00bb][vc_column][vc_column_text]<\/p>\n<h1 style=\"text-align: center;\"><span style=\"color: #154ea1;\">CONTACTO<\/span><\/h1>\n<p>[\/vc_column_text][vc_separator][\/vc_column][\/vc_row][vc_row css=\u00bb.vc_custom_1590568736504{padding-bottom: 35px !important;}\u00bb][vc_column width=\u00bb1\/6&#8243;][\/vc_column][vc_column width=\u00bb2\/3&#8243;]<div role=\"form\" class=\"wpcf7\" id=\"wpcf7-f1388-o1\" lang=\"en-US\" dir=\"ltr\">\n<div class=\"screen-reader-response\"><p role=\"status\" aria-live=\"polite\" aria-atomic=\"true\"><\/p> <ul><\/ul><\/div>\n<form action=\"\/es\/wp-json\/wp\/v2\/pages\/1550#wpcf7-f1388-o1\" method=\"post\" class=\"wpcf7-form init\" novalidate=\"novalidate\" data-status=\"init\">\n<div style=\"display: none;\">\n<input type=\"hidden\" name=\"_wpcf7\" value=\"1388\" \/>\n<input type=\"hidden\" name=\"_wpcf7_version\" value=\"5.4.1\" \/>\n<input type=\"hidden\" name=\"_wpcf7_locale\" value=\"en_US\" \/>\n<input type=\"hidden\" name=\"_wpcf7_unit_tag\" value=\"wpcf7-f1388-o1\" \/>\n<input type=\"hidden\" name=\"_wpcf7_container_post\" value=\"0\" \/>\n<input type=\"hidden\" name=\"_wpcf7_posted_data_hash\" value=\"\" \/>\n<input type=\"hidden\" name=\"_wpcf7_recaptcha_response\" value=\"\" \/>\n<\/div>\n<p>\n    <span class=\"wpcf7-form-control-wrap your-name\"><input type=\"text\" name=\"your-name\" value=\"\" size=\"40\" class=\"wpcf7-form-control wpcf7-text wpcf7-validates-as-required\" aria-required=\"true\" aria-invalid=\"false\" placeholder=\"NOMBRE*\" \/><\/span> <\/p>\n<p>\n    <span class=\"wpcf7-form-control-wrap your-email\"><input type=\"email\" name=\"your-email\" value=\"\" size=\"40\" class=\"wpcf7-form-control wpcf7-text wpcf7-email wpcf7-validates-as-required wpcf7-validates-as-email\" aria-required=\"true\" aria-invalid=\"false\" placeholder=\"EMAIL*\" \/><\/span> <\/p>\n<p>\n    <span class=\"wpcf7-form-control-wrap your-company\"><input type=\"text\" name=\"your-company\" value=\"\" size=\"40\" class=\"wpcf7-form-control wpcf7-text\" aria-invalid=\"false\" placeholder=\"EMPRESA*\" \/><\/span> <\/p>\n<p>\n    <span class=\"wpcf7-form-control-wrap your-country\"><input type=\"text\" name=\"your-country\" value=\"\" size=\"40\" class=\"wpcf7-form-control wpcf7-text wpcf7-validates-as-required\" aria-required=\"true\" aria-invalid=\"false\" placeholder=\"PA\u00cdS DESTINO PRODUCTO*\" \/><\/span> <\/p>\n<p>\n    <span class=\"wpcf7-form-control-wrap phone\"><input type=\"text\" name=\"phone\" value=\"\" size=\"40\" class=\"wpcf7-form-control wpcf7-text wpcf7-validates-as-required\" aria-required=\"true\" aria-invalid=\"false\" placeholder=\"TEL\u00c9FONO*\" \/><\/span> <\/p>\n<p>\n    <span class=\"wpcf7-form-control-wrap your-message\"><textarea name=\"your-message\" cols=\"40\" rows=\"9\" class=\"wpcf7-form-control wpcf7-textarea\" aria-invalid=\"false\" placeholder=\"SUS PREGUNTAS\"><\/textarea><\/span> <\/p>\n<p> <span class=\"wpcf7-form-control-wrap acceptance-542\"><span class=\"wpcf7-form-control wpcf7-acceptance\"><span class=\"wpcf7-list-item\"><input type=\"checkbox\" name=\"acceptance-542\" value=\"1\" aria-invalid=\"false\" \/><\/span><\/span><\/span> <span style=\"font-size:13px; font-weight:normal!important;\">He le\u00eddo y aceptado la <a href=\"http:\/\/gabarro.eu\/es\/politica-de-privacidad\" target=\"_blank\">pol\u00edtica de privacidad <\/a><\/span><\/p>\n<p style=\"font-weight:normal!important;font-size:13px\"> <span class=\"wpcf7-form-control-wrap checkbox-48\"><span class=\"wpcf7-form-control wpcf7-checkbox\"><span class=\"wpcf7-list-item first last\"><input type=\"checkbox\" name=\"checkbox-48[]\" value=\"Si\" \/><span class=\"wpcf7-list-item-label\">Si<\/span><\/span><\/span><\/span> <span style=\"font-weight:normal!important;font-size:13px\">, marcando esta casilla, yo acepto las condiciones y acepto el env\u00edo de comunicaciones comerciales. Para ver las cl\u00e1usulas de privacidad y protecci\u00f3n de datos, marcar <a href=\"http:\/\/gabarro.eu\/es\/politica-de-privacidad\" target=\"_blank\">aqu\u00ed<\/a><\/span><\/p>\n<p><input type=\"submit\" value=\"ENVIAR\" class=\"wpcf7-form-control wpcf7-submit\" \/><\/p>\n<p style=\"display: none !important;\" class=\"akismet-fields-container\" data-prefix=\"_wpcf7_ak_\"><label>&#916;<textarea name=\"_wpcf7_ak_hp_textarea\" cols=\"45\" rows=\"8\" maxlength=\"100\"><\/textarea><\/label><input type=\"hidden\" id=\"ak_js_1\" name=\"_wpcf7_ak_js\" value=\"131\"\/><script>document.getElementById( \"ak_js_1\" ).setAttribute( \"value\", ( new Date() ).getTime() );<\/script><\/p><input type='hidden' class='wpcf7-pum' value='{\"closepopup\":false,\"closedelay\":0,\"openpopup\":false,\"openpopup_id\":0}' \/><div class=\"wpcf7-response-output\" aria-hidden=\"true\"><\/div><\/form><\/div>[\/vc_column][vc_column width=\u00bb1\/6&#8243;][\/vc_column][\/vc_row][vc_row bg_type=\u00bbbg_color\u00bb bg_override=\u00bbex-full\u00bb bg_color_value=\u00bb#eaeaea\u00bb css=\u00bb.vc_custom_1590568753778{padding-top: 50px !important;padding-bottom: 50px !important;}\u00bb][vc_column width=\u00bb1\/2&#8243;][vc_column_text]<\/p>\n<h3 style=\"text-align: center;\"><strong>HEADQUARTERS:<br \/>\nGABARR\u00d3 SA<\/strong><\/h3>\n<p style=\"text-align: center;\">Travessera de Gr\u00e0cia, 17-21. 08021 Barcelona (Spain)<br \/>\nT.(34) 93.201.30.00 F.(34) 93 202 18 87<br \/>\n<a href=\"mailto:customerservice@gabarro.eu\"><strong>customerservice@gabarro.eu<\/strong><\/a><br \/>\n<a href=\"http:\/\/www.gabarro.eu\"><strong>www.gabarro.eu<\/strong><\/a><\/p>\n<p>[\/vc_column_text][vc_gmaps link=\u00bb#E-8_JTNDaWZyYW1lJTIwc3JjJTNEJTIyaHR0cHMlM0ElMkYlMkZ3d3cuZ29vZ2xlLmNvbSUyRm1hcHMlMkZlbWJlZCUzRnBiJTNEJTIxMW0xOCUyMTFtMTIlMjExbTMlMjExZDI5OTMuMDY5NDAwMjE3MTQxNyUyMTJkMi4xNDQyMjI0MTU0MjYwMTUlMjEzZDQxLjM5NDI5OTE3OTI2MzUzNCUyMTJtMyUyMTFmMCUyMTJmMCUyMTNmMCUyMTNtMiUyMTFpMTAyNCUyMTJpNzY4JTIxNGYxMy4xJTIxM20zJTIxMW0yJTIxMXMweDEyYTRhMjlkYTM1YzVlMTMlMjUzQTB4YzEyNjI5MjljMjBhNjMxNSUyMTJzVHJhdmVzc2VyYSUyQmRlJTJCR3IlMjVDMyUyNUEwY2lhJTI1MkMlMkIxNyUyNTJDJTJCMDgwMjElMkJCYXJjZWxvbmElMjE1ZTAlMjEzbTIlMjExc2VzJTIxMnNlcyUyMTR2MTUyNjAzODMwODE5OSUyMiUyMHdpZHRoJTNEJTIyNjAwJTIyJTIwaGVpZ2h0JTNEJTIyNDUwJTIyJTIwZnJhbWVib3JkZXIlM0QlMjIwJTIyJTIwc3R5bGUlM0QlMjJib3JkZXIlM0EwJTIyJTIwYWxsb3dmdWxsc2NyZWVuJTNFJTNDJTJGaWZyYW1lJTNF\u00bb size=\u00bb180&#8243;][\/vc_column][vc_column width=\u00bb1\/2&#8243;][vc_column_text]<\/p>\n<h3 style=\"text-align: center;\"><strong>BARCELONA PLANT GABARR\u00d3 SA<\/strong><\/h3>\n<p style=\"text-align: center;\">Carrer Johannes Gutenberg, 3, 08787<br \/>\nLa Pobla de Claramunt, Barcelona<\/p>\n<p>[\/vc_column_text][vc_gmaps link=\u00bb#E-8_JTNDaWZyYW1lJTIwc3JjJTNEJTIyaHR0cHMlM0ElMkYlMkZ3d3cuZ29vZ2xlLmNvbSUyRm1hcHMlMkZlbWJlZCUzRnBiJTNEJTIxMW0xOCUyMTFtMTIlMjExbTMlMjExZDI5MDAuMDEwOTc0ODU1MzQ1NSUyMTJkMS42NjkwNDEyNjU5NzY3MzAyJTIxM2Q0MS41Njk1MDk0NjE4MzIwNCUyMTJtMyUyMTFmMCUyMTJmMCUyMTNmMCUyMTNtMiUyMTFpMTAyNCUyMTJpNzY4JTIxNGYxMy4xJTIxM20zJTIxMW0yJTIxMXMweDEyYTQ2ODBjYjc5ODQ5YzklMjUzQTB4NjM3MGQ0YmQ2Mzc4ZjZlZCUyMTJzR2FiYXJybyUyQnMuYSUyMTVlMCUyMTNtMiUyMTFzZXMlMjEyc2VzJTIxNHYxNTI2MDM4NTk3NjAyJTIyJTIwd2lkdGglM0QlMjI2MDAlMjIlMjBoZWlnaHQlM0QlMjI0NTAlMjIlMjBmcmFtZWJvcmRlciUzRCUyMjAlMjIlMjBzdHlsZSUzRCUyMmJvcmRlciUzQTAlMjIlMjBhbGxvd2Z1bGxzY3JlZW4lM0UlM0MlMkZpZnJhbWUlM0U=\u00bb size=\u00bb180&#8243;][vc_separator color=\u00bbcustom\u00bb accent_color=\u00bb#154ea1&#8243;][vc_column_text]<\/p>\n<h3 style=\"text-align: center;\"><strong>BRANDENBURG PLANT GABARR\u00d3 DEUTSCHLAND GmbH<\/strong><\/h3>\n<p style=\"text-align: center;\">Stuttgarter Stra\u00dfe 6<br \/>\n14772 Brandenburg<\/p>\n<p>[\/vc_column_text][vc_gmaps link=\u00bb#E-8_JTNDaWZyYW1lJTIwc3JjJTNEJTIyaHR0cHMlM0ElMkYlMkZ3d3cuZ29vZ2xlLmNvbSUyRm1hcHMlMkZlbWJlZCUzRnBiJTNEJTIxMW0xOCUyMTFtMTIlMjExbTMlMjExZDI0MzIuMDc2MDYzMjUwMTQ3NCUyMTJkMTIuNTM4MDIyMjE2MTc5NzA1JTIxM2Q1Mi40NDE1MzY4Nzk3OTkzNSUyMTJtMyUyMTFmMCUyMTJmMCUyMTNmMCUyMTNtMiUyMTFpMTAyNCUyMTJpNzY4JTIxNGYxMy4xJTIxM20zJTIxMW0yJTIxMXMweDQ3YThjMTNlMjdiYjhjYmIlMjUzQTB4M2IxOGJlNWRiMTM2MWQzZSUyMTJzR2FiYXJyJTI1QzMlMjVCMyUyQkRldXRzY2hsYW5kJTIxNWUwJTIxM20yJTIxMXNlcyUyMTJzZXMlMjE0djE1MjYwMzg1MDk4NTAlMjIlMjB3aWR0aCUzRCUyMjYwMCUyMiUyMGhlaWdodCUzRCUyMjQ1MCUyMiUyMGZyYW1lYm9yZGVyJTNEJTIyMCUyMiUyMHN0eWxlJTNEJTIyYm9yZGVyJTNBMCUyMiUyMGFsbG93ZnVsbHNjcmVlbiUzRSUzQyUyRmlmcmFtZSUzRQ==\u00bb size=\u00bb180&#8243;][\/vc_column][\/vc_row]<\/p>\n","protected":false},"excerpt":{"rendered":"<p>[vc_row bg_type=\u00bbbg_color\u00bb bg_override=\u00bbex-full\u00bb bg_color_value=\u00bb#ffffff\u00bb css=\u00bb.vc_custom_1523537221030{padding-top: 50px !important;padding-bottom: 30px !important;}\u00bb][vc_column][vc_column_text] CONTACTO [\/vc_column_text][vc_separator][\/vc_column][\/vc_row][vc_row css=\u00bb.vc_custom_1590568736504{padding-bottom: 35px !important;}\u00bb][vc_column width=\u00bb1\/6&#8243;][\/vc_column][vc_column width=\u00bb2\/3&#8243;][\/vc_column][vc_column width=\u00bb1\/6&#8243;][\/vc_column][\/vc_row][vc_row bg_type=\u00bbbg_color\u00bb bg_override=\u00bbex-full\u00bb bg_color_value=\u00bb#eaeaea\u00bb css=\u00bb.vc_custom_1590568753778{padding-top: 50px !important;padding-bottom: 50px !important;}\u00bb][vc_column width=\u00bb1\/2&#8243;][vc_column_text] HEADQUARTERS: GABARR\u00d3 SA Travessera de Gr\u00e0cia, 17-21. 08021 Barcelona (Spain) T.(34) 93.201.30.00 F.(34) 93 202 18 87 customerservice@gabarro.eu www.gabarro.eu [\/vc_column_text][vc_gmaps link=\u00bb#E-8_JTNDaWZyYW1lJTIwc3JjJTNEJTIyaHR0cHMlM0ElMkYlMkZ3d3cuZ29vZ2xlLmNvbSUyRm1hcHMlMkZlbWJlZCUzRnBiJTNEJTIxMW0xOCUyMTFtMTIlMjExbTMlMjExZDI5OTMuMDY5NDAwMjE3MTQxNyUyMTJkMi4xNDQyMjI0MTU0MjYwMTUlMjEzZDQxLjM5NDI5OTE3OTI2MzUzNCUyMTJtMyUyMTFmMCUyMTJmMCUyMTNmMCUyMTNtMiUyMTFpMTAyNCUyMTJpNzY4JTIxNGYxMy4xJTIxM20zJTIxMW0yJTIxMXMweDEyYTRhMjlkYTM1YzVlMTMlMjUzQTB4YzEyNjI5MjljMjBhNjMxNSUyMTJzVHJhdmVzc2VyYSUyQmRlJTJCR3IlMjVDMyUyNUEwY2lhJTI1MkMlMkIxNyUyNTJDJTJCMDgwMjElMkJCYXJjZWxvbmElMjE1ZTAlMjEzbTIlMjExc2VzJTIxMnNlcyUyMTR2MTUyNjAzODMwODE5OSUyMiUyMHdpZHRoJTNEJTIyNjAwJTIyJTIwaGVpZ2h0JTNEJTIyNDUwJTIyJTIwZnJhbWVib3JkZXIlM0QlMjIwJTIyJTIwc3R5bGUlM0QlMjJib3JkZXIlM0EwJTIyJTIwYWxsb3dmdWxsc2NyZWVuJTNFJTNDJTJGaWZyYW1lJTNF\u00bb size=\u00bb180&#8243;][\/vc_column][vc_column width=\u00bb1\/2&#8243;][vc_column_text] BARCELONA PLANT GABARR\u00d3 SA Carrer Johannes&hellip;<\/p>\n","protected":false},"author":1,"featured_media":0,"parent":0,"menu_order":60,"comment_status":"closed","ping_status":"closed","template":"","meta":{"footnotes":""},"aioseo_notices":[],"_links":{"self":[{"href":"https:\/\/gabarro.eu\/es\/wp-json\/wp\/v2\/pages\/1550"}],"collection":[{"href":"https:\/\/gabarro.eu\/es\/wp-json\/wp\/v2\/pages"}],"about":[{"href":"https:\/\/gabarro.eu\/es\/wp-json\/wp\/v2\/types\/page"}],"author":[{"embeddable":true,"href":"https:\/\/gabarro.eu\/es\/wp-json\/wp\/v2\/users\/1"}],"replies":[{"embeddable":true,"href":"https:\/\/gabarro.eu\/es\/wp-json\/wp\/v2\/comments?post=1550"}],"version-history":[{"count":2,"href":"https:\/\/gabarro.eu\/es\/wp-json\/wp\/v2\/pages\/1550\/revisions"}],"predecessor-version":[{"id":1734,"href":"https:\/\/gabarro.eu\/es\/wp-json\/wp\/v2\/pages\/1550\/revisions\/1734"}],"wp:attachment":[{"href":"https:\/\/gabarro.eu\/es\/wp-json\/wp\/v2\/media?parent=1550"}],"curies":[{"name":"wp","href":"https:\/\/api.w.org\/{rel}","templated":true}]}}