{"id":1537,"date":"2018-04-12T14:08:00","date_gmt":"2018-04-12T14:08:00","guid":{"rendered":"http:\/\/gabarro.eu\/technique-mechanical-pickling\/"},"modified":"2019-02-20T14:25:52","modified_gmt":"2019-02-20T14:25:52","slug":"tecnica-de-decapado-mecanico","status":"publish","type":"page","link":"https:\/\/gabarro.eu\/es\/tecnica-de-decapado-mecanico\/","title":{"rendered":"T\u00c9CNICA DE DECAPADO MEC\u00c1NICO"},"content":{"rendered":"<p>[vc_row bg_type=\u00bbbg_color\u00bb bg_override=\u00bbex-full\u00bb bg_color_value=\u00bb#ffffff\u00bb css=\u00bb.vc_custom_1523542301854{padding-top: 50px !important;padding-bottom: 25px !important;}\u00bb][vc_column][vc_column_text]<\/p>\n<h1 style=\"text-align: center;\"><span style=\"color: #154ea1;\">T\u00c9CNICA DE DECAPADO MEC\u00c1NICO EN EL PROCESO DE FABRICACI\u00d3N DE ACERO TREFILADO<\/span><\/h1>\n<p>[\/vc_column_text][vc_separator][vc_column_text]<\/p>\n<h4 style=\"text-align: center;\"><span style=\"color: #154ea1;\">Nuestra apuesta por el decapado mec\u00e1nico es fruto del compromiso con nuestros valores y es sobretodo el valor diferencial respecto al resto del mercado.<\/span><\/h4>\n<p>[\/vc_column_text][\/vc_column][\/vc_row][vc_row bg_type=\u00bbbg_color\u00bb bg_override=\u00bbex-full\u00bb bg_color_value=\u00bb#f7f7f7&#8243; css=\u00bb.vc_custom_1523542314117{margin-top: 0px !important;margin-bottom: 0px !important;padding-top: 0px !important;padding-bottom: 0px !important;}\u00bb][vc_column css=\u00bb.vc_custom_1523542235118{margin-top: 0px !important;margin-bottom: 0px !important;padding-top: 0px !important;padding-bottom: 0px !important;}\u00bb][vc_hoverbox image=\u00bb1043&#8243; primary_title=\u00bbVENTAJAS DEL PROCESO\u00bb primary_title_font_container=\u00bbcolor:%23ffffff\u00bb primary_title_google_fonts=\u00bbfont_family:Montserrat%3Aregular%2C700|font_style:700%20bold%20regular%3A700%3Anormal\u00bb hover_title=\u00bbVENTAJAS DEL PROCESO\u00bb hover_title_font_container=\u00bbcolor:%23164fa2&#8243; hover_title_use_theme_fonts=\u00bbyes\u00bb shape=\u00bbsquare\u00bb hover_background_color=\u00bbcustom\u00bb use_custom_fonts_primary_title=\u00bbtrue\u00bb use_custom_fonts_hover_title=\u00bbtrue\u00bb hover_custom_background=\u00bb#f7f7f7&#8243; css=\u00bb.vc_custom_1550672743012{margin-top: 0px !important;margin-bottom: 0px !important;padding-top: 0px !important;padding-bottom: 0px !important;}\u00bb]\u2022 Supresi\u00f3n de agentes qu\u00edmicos.<br \/>\n\u2022 No contaminaci\u00f3n de las aguas.<br \/>\n\u2022 Ausencia de \u00e1cidos en procesos de fabricaci\u00f3n.<br \/>\n\u2022 Bajo consumo de agua.<br \/>\n\u2022 Procesos limpios para la salud (ausencia de emanaciones t\u00f3xicas).<br \/>\n\u2022 Respestuoso con el medioambiente y la legislaci\u00f3n\u00a0 m\u00e1s exigente.[\/vc_hoverbox][\/vc_column][\/vc_row][vc_row bg_type=\u00bbbg_color\u00bb bg_override=\u00bbex-full\u00bb bg_color_value=\u00bb#ffffff\u00bb css=\u00bb.vc_custom_1523542342493{margin-top: 0px !important;margin-bottom: 0px !important;padding-top: 50px !important;padding-bottom: 0px !important;}\u00bb][vc_column css=\u00bb.vc_custom_1523542235118{margin-top: 0px !important;margin-bottom: 0px !important;padding-top: 0px !important;padding-bottom: 0px !important;}\u00bb][\/vc_column][\/vc_row]<\/p>\n","protected":false},"excerpt":{"rendered":"<p>[vc_row bg_type=\u00bbbg_color\u00bb bg_override=\u00bbex-full\u00bb bg_color_value=\u00bb#ffffff\u00bb css=\u00bb.vc_custom_1523542301854{padding-top: 50px !important;padding-bottom: 25px !important;}\u00bb][vc_column][vc_column_text] T\u00c9CNICA DE DECAPADO MEC\u00c1NICO EN EL PROCESO DE FABRICACI\u00d3N DE ACERO TREFILADO [\/vc_column_text][vc_separator][vc_column_text] Nuestra apuesta por el decapado mec\u00e1nico es fruto del compromiso con nuestros valores y es sobretodo el valor diferencial respecto al resto del mercado. [\/vc_column_text][\/vc_column][\/vc_row][vc_row bg_type=\u00bbbg_color\u00bb bg_override=\u00bbex-full\u00bb bg_color_value=\u00bb#f7f7f7&#8243; css=\u00bb.vc_custom_1523542314117{margin-top: 0px !important;margin-bottom: 0px !important;padding-top:&hellip;<\/p>\n","protected":false},"author":1,"featured_media":0,"parent":0,"menu_order":0,"comment_status":"closed","ping_status":"closed","template":"","meta":{"footnotes":""},"aioseo_notices":[],"_links":{"self":[{"href":"https:\/\/gabarro.eu\/es\/wp-json\/wp\/v2\/pages\/1537"}],"collection":[{"href":"https:\/\/gabarro.eu\/es\/wp-json\/wp\/v2\/pages"}],"about":[{"href":"https:\/\/gabarro.eu\/es\/wp-json\/wp\/v2\/types\/page"}],"author":[{"embeddable":true,"href":"https:\/\/gabarro.eu\/es\/wp-json\/wp\/v2\/users\/1"}],"replies":[{"embeddable":true,"href":"https:\/\/gabarro.eu\/es\/wp-json\/wp\/v2\/comments?post=1537"}],"version-history":[{"count":2,"href":"https:\/\/gabarro.eu\/es\/wp-json\/wp\/v2\/pages\/1537\/revisions"}],"predecessor-version":[{"id":1540,"href":"https:\/\/gabarro.eu\/es\/wp-json\/wp\/v2\/pages\/1537\/revisions\/1540"}],"wp:attachment":[{"href":"https:\/\/gabarro.eu\/es\/wp-json\/wp\/v2\/media?parent=1537"}],"curies":[{"name":"wp","href":"https:\/\/api.w.org\/{rel}","templated":true}]}}