{"id":1522,"date":"2018-04-12T12:45:10","date_gmt":"2018-04-12T12:45:10","guid":{"rendered":"http:\/\/gabarro.eu\/sustainability-programs\/"},"modified":"2019-02-20T14:21:36","modified_gmt":"2019-02-20T14:21:36","slug":"programas-de-sostenibilidad","status":"publish","type":"page","link":"https:\/\/gabarro.eu\/es\/programas-de-sostenibilidad\/","title":{"rendered":"SUSTAINABILITY PROGRAMS"},"content":{"rendered":"<p>[vc_row bg_type=\u00bbbg_color\u00bb bg_override=\u00bbex-full\u00bb bg_color_value=\u00bb#ffffff\u00bb css=\u00bb.vc_custom_1523537221030{padding-top: 50px !important;padding-bottom: 30px !important;}\u00bb][vc_column][vc_column_text]<\/p>\n<h1 style=\"text-align: center;\"><span style=\"color: #154ea1;\">PROGRAMAS DE MEDIDAS MEDIOAMBIENTALES<\/span><\/h1>\n<p>[\/vc_column_text][vc_separator][vc_column_text]<\/p>\n<h4 style=\"text-align: center;\"><span style=\"color: #154ea1;\">Gabarr\u00f3 lleva a\u00f1os apostando por los procesos m\u00e1s limpios y menos perjudiciales para el entorno. Actualmente nuestros programas de medidas medioambientales responden, a una clara estrategia de mercado, que se adapta y anticipa a las nuevas tendencias de un mercado global cada d\u00eda m\u00e1s exigente.<\/span><\/h4>\n<p>[\/vc_column_text][\/vc_column][\/vc_row][vc_row bg_type=\u00bbbg_color\u00bb bg_override=\u00bbex-full\u00bb bg_color_value=\u00bb#f4f4f4&#8243;][vc_column width=\u00bb1\/3&#8243;]<div class=\"ult-just-icon-wrapper   vc_custom_1523540203473\"><div class=\"align-icon\" style=\"text-align:center;\">\n<div class=\"aio-icon circle \" data-animation=\"fadeIn\" data-animation-delay=\"03\" style=\"color:#ffffff;background:#154ea1;font-size:65px;display:inline-block;\">\n\t<i class=\"Defaults-power-off\"><\/i>\n<\/div><\/div><\/div>[vc_column_text]<\/p>\n<h3 style=\"text-align: center;\"><strong>PROGRAMA DE AHORRO ENERG\u00c9TICO<\/strong><\/h3>\n<p style=\"text-align: center;\">Reducci\u00f3n consumos de gas a trav\u00e9s de optimizaci\u00f3n de ciclos de recocido y reparto eficaz del calor.<\/p>\n<p style=\"text-align: center;\">Aprovechamiento de gases de combusti\u00f3n.<\/p>\n<p style=\"text-align: center;\">Optimizaci\u00f3n de rendimientos de motores el\u00e9ctricos gracias al control electr\u00f3nico.<\/p>\n<p>[\/vc_column_text][\/vc_column][vc_column width=\u00bb1\/3&#8243;]<div class=\"ult-just-icon-wrapper   vc_custom_1523540207899\"><div class=\"align-icon\" style=\"text-align:center;\">\n<div class=\"aio-icon circle \" data-animation=\"fadeIn\" data-animation-delay=\"03\" style=\"color:#ffffff;background:#154ea1;font-size:65px;display:inline-block;\">\n\t<i class=\"Defaults-tint\"><\/i>\n<\/div><\/div><\/div>[vc_column_text]<\/p>\n<h3 style=\"text-align: center;\"><strong>PROGRAMA DE AHORRO DEL AGUA<\/strong><\/h3>\n<p style=\"text-align: center;\">Utilizaci\u00f3n nuevas tecnolog\u00edas basadas en energ\u00edas renovables para reducci\u00f3n del consumo de agua..<\/p>\n<p style=\"text-align: center;\">Reaprovechamiento de aguas residuales<\/p>\n<p>[\/vc_column_text][\/vc_column][vc_column width=\u00bb1\/3&#8243;]<div class=\"ult-just-icon-wrapper   vc_custom_1523540213563\"><div class=\"align-icon\" style=\"text-align:center;\">\n<div class=\"aio-icon circle \" data-animation=\"fadeIn\" data-animation-delay=\"03\" style=\"color:#ffffff;background:#154ea1;font-size:65px;display:inline-block;\">\n\t<i class=\"Defaults-bitbucket\"><\/i>\n<\/div><\/div><\/div>[vc_column_text]<\/p>\n<h3 style=\"text-align: center;\"><strong>PROGRAMA DE GESTI\u00d3N DE RESIDUOS Y RECICLAJE<\/strong><\/h3>\n<p style=\"text-align: center;\">Reciclado de lubricantes y recuperaci\u00f3n de aguas.<\/p>\n<p style=\"text-align: center;\">Reciclado de chatarra.<\/p>\n<p style=\"text-align: center;\">Reciclado de Calamina.<\/p>\n<p>[\/vc_column_text][\/vc_column][\/vc_row]<\/p>\n","protected":false},"excerpt":{"rendered":"<p>[vc_row bg_type=\u00bbbg_color\u00bb bg_override=\u00bbex-full\u00bb bg_color_value=\u00bb#ffffff\u00bb css=\u00bb.vc_custom_1523537221030{padding-top: 50px !important;padding-bottom: 30px !important;}\u00bb][vc_column][vc_column_text] PROGRAMAS DE MEDIDAS MEDIOAMBIENTALES [\/vc_column_text][vc_separator][vc_column_text] Gabarr\u00f3 lleva a\u00f1os apostando por los procesos m\u00e1s limpios y menos perjudiciales para el entorno. Actualmente nuestros programas de medidas medioambientales responden, a una clara estrategia de mercado, que se adapta y anticipa a las nuevas tendencias de un mercado global&hellip;<\/p>\n","protected":false},"author":1,"featured_media":0,"parent":0,"menu_order":0,"comment_status":"closed","ping_status":"closed","template":"","meta":{"footnotes":""},"aioseo_notices":[],"_links":{"self":[{"href":"https:\/\/gabarro.eu\/es\/wp-json\/wp\/v2\/pages\/1522"}],"collection":[{"href":"https:\/\/gabarro.eu\/es\/wp-json\/wp\/v2\/pages"}],"about":[{"href":"https:\/\/gabarro.eu\/es\/wp-json\/wp\/v2\/types\/page"}],"author":[{"embeddable":true,"href":"https:\/\/gabarro.eu\/es\/wp-json\/wp\/v2\/users\/1"}],"replies":[{"embeddable":true,"href":"https:\/\/gabarro.eu\/es\/wp-json\/wp\/v2\/comments?post=1522"}],"version-history":[{"count":2,"href":"https:\/\/gabarro.eu\/es\/wp-json\/wp\/v2\/pages\/1522\/revisions"}],"predecessor-version":[{"id":1529,"href":"https:\/\/gabarro.eu\/es\/wp-json\/wp\/v2\/pages\/1522\/revisions\/1529"}],"wp:attachment":[{"href":"https:\/\/gabarro.eu\/es\/wp-json\/wp\/v2\/media?parent=1522"}],"curies":[{"name":"wp","href":"https:\/\/api.w.org\/{rel}","templated":true}]}}