{"id":1507,"date":"2018-05-11T12:18:01","date_gmt":"2018-05-11T12:18:01","guid":{"rendered":"http:\/\/gabarro.eu\/services\/"},"modified":"2019-02-18T17:48:47","modified_gmt":"2019-02-18T17:48:47","slug":"servicios","status":"publish","type":"page","link":"https:\/\/gabarro.eu\/es\/servicios\/","title":{"rendered":"SERVICIOS"},"content":{"rendered":"<p>[vc_row bg_type=\u00bbbg_color\u00bb bg_override=\u00bbex-full\u00bb bg_color_value=\u00bb#ffffff\u00bb css=\u00bb.vc_custom_1523466969986{padding-top: 50px !important;padding-bottom: 50px !important;}\u00bb][vc_column][vc_column_text]<\/p>\n<h1 style=\"text-align: center;\"><span style=\"color: #154ea1;\">SERVICIOS GABARR\u00d3<\/span><\/h1>\n<p>[\/vc_column_text][vc_separator][vc_column_text]<\/p>\n<h4 style=\"text-align: center;\">Nuestra oferta de servicios adicionales tiene por objeto acompa\u00f1ar a nuestros clientes a lo largo del ciclo de vida de todo el proyecto. Por ello en Gabarr\u00f3 destinamos recursos y capacidades para introducir mejoras y asesoramiento a nuestros clientes desde la propia concepci\u00f3n del proyecto hasta la entrega del material y los servicios de post venta.<\/h4>\n<p>[\/vc_column_text][vc_row_inner][vc_column_inner width=\u00bb1\/3&#8243;][vc_hoverbox image=\u00bb1147&#8243; primary_title=\u00bbFASE DE DESARROLLO\u00bb primary_title_font_container=\u00bbcolor:%23ffffff\u00bb primary_title_google_fonts=\u00bbfont_family:Montserrat%3Aregular%2C700|font_style:400%20regular%3A400%3Anormal\u00bb hover_title=\u00bbDEVELOPMENT PHASE\u00bb hover_title_font_container=\u00bbcolor:%23ffffff\u00bb hover_title_use_theme_fonts=\u00bbyes\u00bb shape=\u00bbsquare\u00bb hover_background_color=\u00bbcustom\u00bb use_custom_fonts_primary_title=\u00bbtrue\u00bb use_custom_fonts_hover_title=\u00bbtrue\u00bb hover_custom_background=\u00bb#154ea1&#8243;][\/vc_hoverbox][vc_column_text css=\u00bb.vc_custom_1550512029961{margin-top: 30px !important;}\u00bb]<span style=\"color: #000000;\">\u00b7 Desarrollo de productos especificos para cada cliente.<\/span><br \/>\n<span style=\"color: #000000;\">\u00b7 Pruebas iniciales in-company.<\/span><br \/>\n<span style=\"color: #000000;\">\u00b7 Colaboracion con fabricantes de m\u00e1quinas de manipulaci\u00f3n y acabados del alambre.<\/span><br \/>\n<span style=\"color: #000000;\">\u00b7 I+D+i de procesos.<\/span><br \/>\n<span style=\"color: #000000;\">\u00b7 Asesoramiento t\u00e9cnico.<\/span><br \/>\n<span style=\"color: #000000;\">\u00b7 Analisis en laboratorio.<\/span>[\/vc_column_text][\/vc_column_inner][vc_column_inner width=\u00bb1\/3&#8243;][vc_hoverbox image=\u00bb1148&#8243; primary_title=\u00bbFASE DE GESTI\u00d3N DE PRODUCCI\u00d3N\u00bb primary_title_font_container=\u00bbcolor:%23ffffff\u00bb primary_title_google_fonts=\u00bbfont_family:Montserrat%3Aregular%2C700|font_style:400%20regular%3A400%3Anormal\u00bb hover_title=\u00bbPRODUCTION MANAGEMENT PHASE\u00bb hover_title_font_container=\u00bbcolor:%23ffffff\u00bb hover_title_use_theme_fonts=\u00bbyes\u00bb shape=\u00bbsquare\u00bb hover_background_color=\u00bbcustom\u00bb use_custom_fonts_primary_title=\u00bbtrue\u00bb use_custom_fonts_hover_title=\u00bbtrue\u00bb hover_custom_background=\u00bb#154ea1&#8243;][\/vc_hoverbox][vc_column_text css=\u00bb.vc_custom_1550512083184{margin-top: 30px !important;}\u00bb]<span style=\"color: #000000;\">\u00b7\u00a0Planificaci\u00f3n de producci\u00f3n y fiabilidad del proceso.<\/span><br \/>\n<span style=\"color: #000000;\">\u00b7\u00a0Gesti\u00f3n del proceso de trazabilidad del producto.<\/span><br \/>\n<span style=\"color: #000000;\">\u00b7\u00a0Supervisi\u00f3n de procesos y control de calidad.<\/span><br \/>\n<span style=\"color: #000000;\">\u00b7\u00a0Procesos certificados ISO9001-2000.<\/span><br \/>\n<span style=\"color: #000000;\">\u00b7\u00a0Gesti\u00f3n log\u00edstica.<\/span><br \/>\n<span style=\"color: #000000;\">\u00b7\u00a0Capacidad de respuesta.<\/span><br \/>\n<span style=\"color: #000000;\">\u00b7\u00a0Avisos de desviaci\u00f3n en tiempo real.<\/span>[\/vc_column_text][\/vc_column_inner][vc_column_inner width=\u00bb1\/3&#8243;][vc_hoverbox image=\u00bb1149&#8243; primary_title=\u00bbFASE POST VENTA\u00bb primary_title_font_container=\u00bbcolor:%23ffffff\u00bb primary_title_google_fonts=\u00bbfont_family:Montserrat%3Aregular%2C700|font_style:400%20regular%3A400%3Anormal\u00bb hover_title=\u00bbAFTER-SALES PHASE\u00bb hover_title_font_container=\u00bbcolor:%23ffffff\u00bb hover_title_use_theme_fonts=\u00bbyes\u00bb shape=\u00bbsquare\u00bb hover_background_color=\u00bbcustom\u00bb use_custom_fonts_primary_title=\u00bbtrue\u00bb use_custom_fonts_hover_title=\u00bbtrue\u00bb hover_custom_background=\u00bb#154ea1&#8243;][\/vc_hoverbox][vc_column_text css=\u00bb.vc_custom_1550512120308{margin-top: 30px !important;}\u00bb]<span style=\"color: #000000;\">\u00b7 Benchmark de satisfacci\u00f3n del cliente.<\/span><br \/>\n<span style=\"color: #000000;\">\u00b7 Gesti\u00f3n del an\u00e1lisis y resoluci\u00f3n de no conformidad.<\/span><br \/>\n<span style=\"color: #000000;\">\u00b7 Tendencias de mercado en apoyo a previsiones del cliente.<\/span>[\/vc_column_text][\/vc_column_inner][\/vc_row_inner][\/vc_column][\/vc_row]<\/p>\n","protected":false},"excerpt":{"rendered":"<p>[vc_row bg_type=\u00bbbg_color\u00bb bg_override=\u00bbex-full\u00bb bg_color_value=\u00bb#ffffff\u00bb css=\u00bb.vc_custom_1523466969986{padding-top: 50px !important;padding-bottom: 50px !important;}\u00bb][vc_column][vc_column_text] SERVICIOS GABARR\u00d3 [\/vc_column_text][vc_separator][vc_column_text] Nuestra oferta de servicios adicionales tiene por objeto acompa\u00f1ar a nuestros clientes a lo largo del ciclo de vida de todo el proyecto. Por ello en Gabarr\u00f3 destinamos recursos y capacidades para introducir mejoras y asesoramiento a nuestros clientes desde la propia concepci\u00f3n&hellip;<\/p>\n","protected":false},"author":1,"featured_media":0,"parent":0,"menu_order":0,"comment_status":"closed","ping_status":"closed","template":"","meta":{"footnotes":""},"aioseo_notices":[],"_links":{"self":[{"href":"https:\/\/gabarro.eu\/es\/wp-json\/wp\/v2\/pages\/1507"}],"collection":[{"href":"https:\/\/gabarro.eu\/es\/wp-json\/wp\/v2\/pages"}],"about":[{"href":"https:\/\/gabarro.eu\/es\/wp-json\/wp\/v2\/types\/page"}],"author":[{"embeddable":true,"href":"https:\/\/gabarro.eu\/es\/wp-json\/wp\/v2\/users\/1"}],"replies":[{"embeddable":true,"href":"https:\/\/gabarro.eu\/es\/wp-json\/wp\/v2\/comments?post=1507"}],"version-history":[{"count":2,"href":"https:\/\/gabarro.eu\/es\/wp-json\/wp\/v2\/pages\/1507\/revisions"}],"predecessor-version":[{"id":1510,"href":"https:\/\/gabarro.eu\/es\/wp-json\/wp\/v2\/pages\/1507\/revisions\/1510"}],"wp:attachment":[{"href":"https:\/\/gabarro.eu\/es\/wp-json\/wp\/v2\/media?parent=1507"}],"curies":[{"name":"wp","href":"https:\/\/api.w.org\/{rel}","templated":true}]}}