{"id":1483,"date":"2018-04-09T12:35:50","date_gmt":"2018-04-09T12:35:50","guid":{"rendered":"http:\/\/gabarro.eu\/g-pack-plus\/"},"modified":"2021-05-25T08:59:39","modified_gmt":"2021-05-25T08:59:39","slug":"g-pack-plus","status":"publish","type":"page","link":"https:\/\/gabarro.eu\/es\/g-pack-plus\/","title":{"rendered":"G-PACK+"},"content":{"rendered":"<p>[vc_row bg_type=\u00bbbg_color\u00bb bg_override=\u00bbex-full\u00bb bg_color_value=\u00bb#ffffff\u00bb][vc_column width=\u00bb1\/2&#8243; css=\u00bb.vc_custom_1523140032403{padding-top: 75px !important;}\u00bb][vc_single_image image=\u00bb1465&#8243; img_size=\u00bb416&#215;106&#8243;][vc_separator][vc_column_text]<\/p>\n<h1 style=\"text-align: left;\"><span style=\"color: #2fac66;\">G-PACK+ ACERO TREFILADO RECOCIDO<\/span><\/h1>\n<p style=\"text-align: left;\">El acero recocido es principalmente utilizado en la industria del reciclaje.<\/p>\n<p>[\/vc_column_text][\/vc_column][vc_column width=\u00bb1\/2&#8243;][vc_single_image image=\u00bb1068&#8243; img_size=\u00bbfull\u00bb alignment=\u00bbcenter\u00bb][\/vc_column][\/vc_row][vc_row bg_type=\u00bbbg_color\u00bb bg_override=\u00bbex-full\u00bb seperator_enable=\u00bbseperator_enable_value\u00bb seperator_type=\u00bbtriangle_svg_seperator\u00bb seperator_shape_background=\u00bb#2FAC66&#8243; bg_color_value=\u00bb#2fac66&#8243;][vc_column][\/vc_column][\/vc_row][vc_row bg_type=\u00bbimage\u00bb parallax_style=\u00bbvcpb-default\u00bb bg_image_new=\u00bbid^874|url^http:\/\/gabarro.eu\/wp-content\/uploads\/2018\/04\/pack.jpg|caption^null|alt^null|title^pack|description^null\u00bb bg_override=\u00bbex-full\u00bb css=\u00bb.vc_custom_1523221179595{padding-top: 75px !important;padding-bottom: 75px !important;}\u00bb][vc_column][\/vc_column][\/vc_row][vc_row bg_type=\u00bbbg_color\u00bb bg_override=\u00bbex-full\u00bb bg_color_value=\u00bb#ffffff\u00bb][vc_column width=\u00bb1\/4&#8243; css=\u00bb.vc_custom_1523140114651{background-color: #ededed !important;}\u00bb][vc_column_text]<\/p>\n<h2><span style=\"color: #2fac66;\">APLICACIONES<\/span><\/h2>\n<p>[\/vc_column_text][vc_separator color=\u00bbcustom\u00bb accent_color=\u00bb#2FAC66&#8243;]<div class=\"smile_icon_list_wrap ult_info_list_container ult-adjust-bottom-margin  \"><ul class=\"smile_icon_list left square with_bg\"><li class=\"icon_list_item\" style=\" font-size:54px;\"><div class=\"icon_list_icon\" data-animation=\"\" data-animation-delay=\"03\" style=\"font-size:18px;border-width:1px;border-style:none;background:#2FAC66;color:#ffffff;border-color:#333333;\"><i class=\"Defaults-file-o\" ><\/i><\/div><div class=\"icon_description\" id=\"Info-list-wrap-4854\" style=\"font-size:18px;\"><h3 class=\"ult-responsive info-list-heading\"  data-ultimate-target='#Info-list-wrap-4854 h3'  data-responsive-json-new='{\"font-size\":\"desktop:16px;\",\"line-height\":\"desktop:24px;\"}'  style=\"\">Papel<\/h3><div class=\"icon_description_text ult-responsive\"  data-ultimate-target='#Info-list-wrap-4854 .icon_description_text'  data-responsive-json-new='{\"font-size\":\"desktop:13px;\",\"line-height\":\"desktop:18px;\"}'  style=\"\"><\/div><\/div><div class=\"icon_list_connector\"  style=\"border: none !important;\"><\/div><\/li><li class=\"icon_list_item\" style=\" font-size:54px;\"><div class=\"icon_list_icon\" data-animation=\"\" data-animation-delay=\"03\" style=\"font-size:18px;border-width:1px;border-style:none;background:#2FAC66;color:#ffffff;border-color:#333333;\"><i class=\"Defaults-database\" ><\/i><\/div><div class=\"icon_description\" id=\"Info-list-wrap-9922\" style=\"font-size:18px;\"><h3 class=\"ult-responsive info-list-heading\"  data-ultimate-target='#Info-list-wrap-9922 h3'  data-responsive-json-new='{\"font-size\":\"desktop:16px;\",\"line-height\":\"desktop:24px;\"}'  style=\"\">Pl\u00e1stico<\/h3><div class=\"icon_description_text ult-responsive\"  data-ultimate-target='#Info-list-wrap-9922 .icon_description_text'  data-responsive-json-new='{\"font-size\":\"desktop:13px;\",\"line-height\":\"desktop:18px;\"}'  style=\"\"><\/div><\/div><div class=\"icon_list_connector\"  style=\"border: none !important;\"><\/div><\/li><li class=\"icon_list_item\" style=\" font-size:54px;\"><div class=\"icon_list_icon\" data-animation=\"\" data-animation-delay=\"03\" style=\"font-size:18px;border-width:1px;border-style:none;background:#2FAC66;color:#ffffff;border-color:#333333;\"><i class=\"Defaults-dropbox\" ><\/i><\/div><div class=\"icon_description\" id=\"Info-list-wrap-8647\" style=\"font-size:18px;\"><h3 class=\"ult-responsive info-list-heading\"  data-ultimate-target='#Info-list-wrap-8647 h3'  data-responsive-json-new='{\"font-size\":\"desktop:16px;\",\"line-height\":\"desktop:24px;\"}'  style=\"\">Cart\u00f3n<\/h3><div class=\"icon_description_text ult-responsive\"  data-ultimate-target='#Info-list-wrap-8647 .icon_description_text'  data-responsive-json-new='{\"font-size\":\"desktop:13px;\",\"line-height\":\"desktop:18px;\"}'  style=\"\"><\/div><\/div><div class=\"icon_list_connector\"  style=\"border: none !important;\"><\/div><\/li><li class=\"icon_list_item\" style=\" font-size:54px;\"><div class=\"icon_list_icon\" data-animation=\"\" data-animation-delay=\"03\" style=\"font-size:18px;border-width:1px;border-style:none;background:#2FAC66;color:#ffffff;border-color:#333333;\"><i class=\"Defaults-bitbucket\" ><\/i><\/div><div class=\"icon_description\" id=\"Info-list-wrap-6675\" style=\"font-size:18px;\"><h3 class=\"ult-responsive info-list-heading\"  data-ultimate-target='#Info-list-wrap-6675 h3'  data-responsive-json-new='{\"font-size\":\"desktop:16px;\",\"line-height\":\"desktop:24px;\"}'  style=\"\">Desechos s\u00f3lidos<\/h3><div class=\"icon_description_text ult-responsive\"  data-ultimate-target='#Info-list-wrap-6675 .icon_description_text'  data-responsive-json-new='{\"font-size\":\"desktop:13px;\",\"line-height\":\"desktop:18px;\"}'  style=\"\"><\/div><\/div><div class=\"icon_list_connector\"  style=\"border: none !important;\"><\/div><\/li><li class=\"icon_list_item\" style=\" font-size:54px;\"><div class=\"icon_list_icon\" data-animation=\"\" data-animation-delay=\"03\" style=\"font-size:18px;border-width:1px;border-style:none;background:#2FAC66;color:#ffffff;border-color:#333333;\"><i class=\"Defaults-leaf\" ><\/i><\/div><div class=\"icon_description\" id=\"Info-list-wrap-3644\" style=\"font-size:18px;\"><h3 class=\"ult-responsive info-list-heading\"  data-ultimate-target='#Info-list-wrap-3644 h3'  data-responsive-json-new='{\"font-size\":\"desktop:16px;\",\"line-height\":\"desktop:24px;\"}'  style=\"\">Agricultura<\/h3><div class=\"icon_description_text ult-responsive\"  data-ultimate-target='#Info-list-wrap-3644 .icon_description_text'  data-responsive-json-new='{\"font-size\":\"desktop:13px;\",\"line-height\":\"desktop:18px;\"}'  style=\"\"><\/div><\/div><div class=\"icon_list_connector\"  style=\"border: none !important;\"><\/div><\/li><\/ul><\/div>[\/vc_column][vc_column width=\u00bb1\/2&#8243; css=\u00bb.vc_custom_1523194280253{background-color: #f7f7f7 !important;}\u00bb][vc_column_text]<\/p>\n<h2><span style=\"color: #2fac66;\">INFORMACI\u00d3N T\u00c9CNICA\u00a0<\/span><\/h2>\n<p>[\/vc_column_text][vc_separator color=\u00bbcustom\u00bb accent_color=\u00bb#2fac66&#8243;][vc_tta_tabs style=\u00bbflat\u00bb shape=\u00bbsquare\u00bb color=\u00bbgreen\u00bb active_section=\u00bb1&#8243; no_fill_content_area=\u00bbtrue\u00bb][vc_tta_section i_icon_fontawesome=\u00bbfa fa-picture-o\u00bb add_icon=\u00bbtrue\u00bb title=\u00bbGaler\u00eda\u00bb tab_id=\u00bbimages8c13-52c78466-0aad\u00bb][vc_column_text]<\/p>\n\n\t\t\t<style type='text\/css'>\n\t\t\t\t#gallery-1 {\n\t\t\t\t\tmargin: auto;\n\t\t\t\t}\n\t\t\t\t#gallery-1 .gallery-item {\n\t\t\t\t\tfloat: left;\n\t\t\t\t\tmargin-top: 10px;\n\t\t\t\t\ttext-align: center;\n\t\t\t\t\twidth: 33%;\n\t\t\t\t}\n\t\t\t\t#gallery-1 img {\n\t\t\t\t\tborder: 2px solid #cfcfcf;\n\t\t\t\t}\n\t\t\t\t#gallery-1 .gallery-caption {\n\t\t\t\t\tmargin-left: 0;\n\t\t\t\t}\n\t\t\t\t\/* see gallery_shortcode() in wp-includes\/media.php *\/\n\t\t\t<\/style>\n\t\t<div id='gallery-1' class='dt-gallery-container gallery galleryid-1483 gallery-columns-3 gallery-size-thumbnail'><dl class='gallery-item'>\n\t\t\t\t<dt class='gallery-icon landscape'>\n\t\t\t\t\t<a class=\"rollover rollover-zoom dt-pswp-item\" title=\"Gabarr\u00f3 drawn wire\" data-dt-img-description=\"\" data-large_image_width=\"900\" data-large_image_height=\"675\"href='https:\/\/gabarro.eu\/wp-content\/uploads\/2018\/04\/1.jpg'><img width=\"150\" height=\"150\" src=\"https:\/\/gabarro.eu\/wp-content\/uploads\/2018\/04\/1-150x150.jpg\" class=\"attachment-thumbnail size-thumbnail\" alt=\"\" decoding=\"async\" loading=\"lazy\" srcset=\"https:\/\/gabarro.eu\/wp-content\/uploads\/2018\/04\/1-150x150.jpg 150w, https:\/\/gabarro.eu\/wp-content\/uploads\/2018\/04\/1-300x300.jpg 300w, https:\/\/gabarro.eu\/wp-content\/uploads\/2018\/04\/1-100x100.jpg 100w\" sizes=\"(max-width: 150px) 100vw, 150px\" \/><\/a>\n\t\t\t\t<\/dt><\/dl><dl class='gallery-item'>\n\t\t\t\t<dt class='gallery-icon landscape'>\n\t\t\t\t\t<a class=\"rollover rollover-zoom dt-pswp-item\" title=\"Recuit12\" data-dt-img-description=\"\" data-large_image_width=\"900\" data-large_image_height=\"602\"href='https:\/\/gabarro.eu\/wp-content\/uploads\/2018\/05\/Recuit12.jpg'><img width=\"150\" height=\"150\" src=\"https:\/\/gabarro.eu\/wp-content\/uploads\/2018\/05\/Recuit12-150x150.jpg\" class=\"attachment-thumbnail size-thumbnail\" alt=\"\" decoding=\"async\" loading=\"lazy\" srcset=\"https:\/\/gabarro.eu\/wp-content\/uploads\/2018\/05\/Recuit12-150x150.jpg 150w, https:\/\/gabarro.eu\/wp-content\/uploads\/2018\/05\/Recuit12-300x300.jpg 300w, https:\/\/gabarro.eu\/wp-content\/uploads\/2018\/05\/Recuit12-100x100.jpg 100w\" sizes=\"(max-width: 150px) 100vw, 150px\" \/><\/a>\n\t\t\t\t<\/dt><\/dl><dl class='gallery-item'>\n\t\t\t\t<dt class='gallery-icon landscape'>\n\t\t\t\t\t<a class=\"rollover rollover-zoom dt-pswp-item\" title=\"Recuit07\" data-dt-img-description=\"\" data-large_image_width=\"900\" data-large_image_height=\"600\"href='https:\/\/gabarro.eu\/wp-content\/uploads\/2018\/05\/Recuit07.jpg'><img width=\"150\" height=\"150\" src=\"https:\/\/gabarro.eu\/wp-content\/uploads\/2018\/05\/Recuit07-150x150.jpg\" class=\"attachment-thumbnail size-thumbnail\" alt=\"\" decoding=\"async\" loading=\"lazy\" srcset=\"https:\/\/gabarro.eu\/wp-content\/uploads\/2018\/05\/Recuit07-150x150.jpg 150w, https:\/\/gabarro.eu\/wp-content\/uploads\/2018\/05\/Recuit07-300x300.jpg 300w, https:\/\/gabarro.eu\/wp-content\/uploads\/2018\/05\/Recuit07-100x100.jpg 100w\" sizes=\"(max-width: 150px) 100vw, 150px\" \/><\/a>\n\t\t\t\t<\/dt><\/dl><br style=\"clear: both\" \/><dl class='gallery-item'>\n\t\t\t\t<dt class='gallery-icon landscape'>\n\t\t\t\t\t<a class=\"rollover rollover-zoom dt-pswp-item\" title=\"panell\" data-dt-img-description=\"\" data-large_image_width=\"456\" data-large_image_height=\"278\"href='https:\/\/gabarro.eu\/wp-content\/uploads\/2018\/06\/panell.jpg'><img width=\"150\" height=\"150\" src=\"https:\/\/gabarro.eu\/wp-content\/uploads\/2018\/06\/panell-150x150.jpg\" class=\"attachment-thumbnail size-thumbnail\" alt=\"\" decoding=\"async\" loading=\"lazy\" srcset=\"https:\/\/gabarro.eu\/wp-content\/uploads\/2018\/06\/panell-150x150.jpg 150w, https:\/\/gabarro.eu\/wp-content\/uploads\/2018\/06\/panell-100x100.jpg 100w\" sizes=\"(max-width: 150px) 100vw, 150px\" \/><\/a>\n\t\t\t\t<\/dt><\/dl><dl class='gallery-item'>\n\t\t\t\t<dt class='gallery-icon landscape'>\n\t\t\t\t\t<a class=\"rollover rollover-zoom dt-pswp-item\" title=\"Recuit11\" data-dt-img-description=\"\" data-large_image_width=\"900\" data-large_image_height=\"603\"href='https:\/\/gabarro.eu\/wp-content\/uploads\/2018\/05\/Recuit11.jpg'><img width=\"150\" height=\"150\" src=\"https:\/\/gabarro.eu\/wp-content\/uploads\/2018\/05\/Recuit11-150x150.jpg\" class=\"attachment-thumbnail size-thumbnail\" alt=\"\" decoding=\"async\" loading=\"lazy\" srcset=\"https:\/\/gabarro.eu\/wp-content\/uploads\/2018\/05\/Recuit11-150x150.jpg 150w, https:\/\/gabarro.eu\/wp-content\/uploads\/2018\/05\/Recuit11-300x300.jpg 300w, https:\/\/gabarro.eu\/wp-content\/uploads\/2018\/05\/Recuit11-100x100.jpg 100w\" sizes=\"(max-width: 150px) 100vw, 150px\" \/><\/a>\n\t\t\t\t<\/dt><\/dl><dl class='gallery-item'>\n\t\t\t\t<dt class='gallery-icon portrait'>\n\t\t\t\t\t<a class=\"rollover rollover-zoom dt-pswp-item\" title=\"Recuit09\" data-dt-img-description=\"\" data-large_image_width=\"600\" data-large_image_height=\"900\"href='https:\/\/gabarro.eu\/wp-content\/uploads\/2018\/05\/Recuit09.jpg'><img width=\"150\" height=\"150\" src=\"https:\/\/gabarro.eu\/wp-content\/uploads\/2018\/05\/Recuit09-150x150.jpg\" class=\"attachment-thumbnail size-thumbnail\" alt=\"\" decoding=\"async\" loading=\"lazy\" srcset=\"https:\/\/gabarro.eu\/wp-content\/uploads\/2018\/05\/Recuit09-150x150.jpg 150w, https:\/\/gabarro.eu\/wp-content\/uploads\/2018\/05\/Recuit09-300x300.jpg 300w, https:\/\/gabarro.eu\/wp-content\/uploads\/2018\/05\/Recuit09-100x100.jpg 100w\" sizes=\"(max-width: 150px) 100vw, 150px\" \/><\/a>\n\t\t\t\t<\/dt><\/dl><br style=\"clear: both\" \/><dl class='gallery-item'>\n\t\t\t\t<dt class='gallery-icon portrait'>\n\t\t\t\t\t<a class=\"rollover rollover-zoom dt-pswp-item\" title=\"Recuit06\" data-dt-img-description=\"\" data-large_image_width=\"600\" data-large_image_height=\"900\"href='https:\/\/gabarro.eu\/wp-content\/uploads\/2018\/05\/Recuit06.jpg'><img width=\"150\" height=\"150\" src=\"https:\/\/gabarro.eu\/wp-content\/uploads\/2018\/05\/Recuit06-150x150.jpg\" class=\"attachment-thumbnail size-thumbnail\" alt=\"\" decoding=\"async\" loading=\"lazy\" srcset=\"https:\/\/gabarro.eu\/wp-content\/uploads\/2018\/05\/Recuit06-150x150.jpg 150w, https:\/\/gabarro.eu\/wp-content\/uploads\/2018\/05\/Recuit06-300x300.jpg 300w, https:\/\/gabarro.eu\/wp-content\/uploads\/2018\/05\/Recuit06-100x100.jpg 100w\" sizes=\"(max-width: 150px) 100vw, 150px\" \/><\/a>\n\t\t\t\t<\/dt><\/dl><dl class='gallery-item'>\n\t\t\t\t<dt class='gallery-icon portrait'>\n\t\t\t\t\t<a class=\"rollover rollover-zoom dt-pswp-item\" title=\"Recuit05\" data-dt-img-description=\"\" data-large_image_width=\"675\" data-large_image_height=\"900\"href='https:\/\/gabarro.eu\/wp-content\/uploads\/2018\/05\/Recuit05.jpg'><img width=\"150\" height=\"150\" src=\"https:\/\/gabarro.eu\/wp-content\/uploads\/2018\/05\/Recuit05-150x150.jpg\" class=\"attachment-thumbnail size-thumbnail\" alt=\"\" decoding=\"async\" loading=\"lazy\" srcset=\"https:\/\/gabarro.eu\/wp-content\/uploads\/2018\/05\/Recuit05-150x150.jpg 150w, https:\/\/gabarro.eu\/wp-content\/uploads\/2018\/05\/Recuit05-300x300.jpg 300w, https:\/\/gabarro.eu\/wp-content\/uploads\/2018\/05\/Recuit05-100x100.jpg 100w\" sizes=\"(max-width: 150px) 100vw, 150px\" \/><\/a>\n\t\t\t\t<\/dt><\/dl><dl class='gallery-item'>\n\t\t\t\t<dt class='gallery-icon landscape'>\n\t\t\t\t\t<a class=\"rollover rollover-zoom dt-pswp-item\" title=\"Recuit04\" data-dt-img-description=\"\" data-large_image_width=\"900\" data-large_image_height=\"675\"href='https:\/\/gabarro.eu\/wp-content\/uploads\/2018\/05\/Recuit04.jpg'><img width=\"150\" height=\"150\" src=\"https:\/\/gabarro.eu\/wp-content\/uploads\/2018\/05\/Recuit04-150x150.jpg\" class=\"attachment-thumbnail size-thumbnail\" alt=\"\" decoding=\"async\" loading=\"lazy\" srcset=\"https:\/\/gabarro.eu\/wp-content\/uploads\/2018\/05\/Recuit04-150x150.jpg 150w, https:\/\/gabarro.eu\/wp-content\/uploads\/2018\/05\/Recuit04-300x300.jpg 300w, https:\/\/gabarro.eu\/wp-content\/uploads\/2018\/05\/Recuit04-100x100.jpg 100w\" sizes=\"(max-width: 150px) 100vw, 150px\" \/><\/a>\n\t\t\t\t<\/dt><\/dl><br style=\"clear: both\" \/><dl class='gallery-item'>\n\t\t\t\t<dt class='gallery-icon landscape'>\n\t\t\t\t\t<a class=\"rollover rollover-zoom dt-pswp-item\" title=\"Recuit10\" data-dt-img-description=\"\" data-large_image_width=\"900\" data-large_image_height=\"600\"href='https:\/\/gabarro.eu\/wp-content\/uploads\/2018\/05\/Recuit10.jpg'><img width=\"150\" height=\"150\" src=\"https:\/\/gabarro.eu\/wp-content\/uploads\/2018\/05\/Recuit10-150x150.jpg\" class=\"attachment-thumbnail size-thumbnail\" alt=\"\" decoding=\"async\" loading=\"lazy\" srcset=\"https:\/\/gabarro.eu\/wp-content\/uploads\/2018\/05\/Recuit10-150x150.jpg 150w, https:\/\/gabarro.eu\/wp-content\/uploads\/2018\/05\/Recuit10-300x300.jpg 300w, https:\/\/gabarro.eu\/wp-content\/uploads\/2018\/05\/Recuit10-100x100.jpg 100w\" sizes=\"(max-width: 150px) 100vw, 150px\" \/><\/a>\n\t\t\t\t<\/dt><\/dl><dl class='gallery-item'>\n\t\t\t\t<dt class='gallery-icon landscape'>\n\t\t\t\t\t<a class=\"rollover rollover-zoom dt-pswp-item\" title=\"Recuit02\" data-dt-img-description=\"\" data-large_image_width=\"900\" data-large_image_height=\"602\"href='https:\/\/gabarro.eu\/wp-content\/uploads\/2018\/05\/Recuit02.jpg'><img width=\"150\" height=\"150\" src=\"https:\/\/gabarro.eu\/wp-content\/uploads\/2018\/05\/Recuit02-150x150.jpg\" class=\"attachment-thumbnail size-thumbnail\" alt=\"\" decoding=\"async\" loading=\"lazy\" srcset=\"https:\/\/gabarro.eu\/wp-content\/uploads\/2018\/05\/Recuit02-150x150.jpg 150w, https:\/\/gabarro.eu\/wp-content\/uploads\/2018\/05\/Recuit02-300x300.jpg 300w, https:\/\/gabarro.eu\/wp-content\/uploads\/2018\/05\/Recuit02-100x100.jpg 100w\" sizes=\"(max-width: 150px) 100vw, 150px\" \/><\/a>\n\t\t\t\t<\/dt><\/dl><dl class='gallery-item'>\n\t\t\t\t<dt class='gallery-icon landscape'>\n\t\t\t\t\t<a class=\"rollover rollover-zoom dt-pswp-item\" title=\"Recuit01\" data-dt-img-description=\"\" data-large_image_width=\"900\" data-large_image_height=\"574\"href='https:\/\/gabarro.eu\/wp-content\/uploads\/2018\/05\/Recuit01.jpg'><img width=\"150\" height=\"150\" src=\"https:\/\/gabarro.eu\/wp-content\/uploads\/2018\/05\/Recuit01-150x150.jpg\" class=\"attachment-thumbnail size-thumbnail\" alt=\"\" decoding=\"async\" loading=\"lazy\" srcset=\"https:\/\/gabarro.eu\/wp-content\/uploads\/2018\/05\/Recuit01-150x150.jpg 150w, https:\/\/gabarro.eu\/wp-content\/uploads\/2018\/05\/Recuit01-300x300.jpg 300w, https:\/\/gabarro.eu\/wp-content\/uploads\/2018\/05\/Recuit01-100x100.jpg 100w\" sizes=\"(max-width: 150px) 100vw, 150px\" \/><\/a>\n\t\t\t\t<\/dt><\/dl><br style=\"clear: both\" \/>\n\t\t\t<\/div>\n\n<p>[\/vc_column_text][\/vc_tta_section][vc_tta_section i_icon_fontawesome=\u00bbfa fa-file-text-o\u00bb add_icon=\u00bbtrue\u00bb title=\u00bbDocumentaci\u00f3n\u00bb tab_id=\u00bbdoc8c13-52c78466-0aad\u00bb][vc_btn title=\u00bbEspecificaciones t\u00e9cnicas\u00bb style=\u00bb3d\u00bb shape=\u00bbsquare\u00bb color=\u00bbblack\u00bb size=\u00bblg\u00bb align=\u00bbleft\u00bb link=\u00bburl:http%3A%2F%2Fgabarro.eu%2Fdocs-products%2FGABARRO-GPACK-ES-Acero-Recocido.pdf|target:_blank\u00bb css=\u00bb.vc_custom_1621933175094{padding-top: 25px !important;padding-right: 25px !important;padding-bottom: 25px !important;padding-left: 25px !important;}\u00bb][\/vc_tta_section][\/vc_tta_tabs][\/vc_column][vc_column width=\u00bb1\/4&#8243; css=\u00bb.vc_custom_1523219035997{background-color: #ededed !important;}\u00bb][vc_column_text]<\/p>\n<h2><span style=\"color: #2fac66;\">M\u00c1S INFORMACI\u00d3N<\/span><\/h2>\n<p>[\/vc_column_text][vc_separator color=\u00bbcustom\u00bb accent_color=\u00bb#2fac66&#8243;][vc_column_text]No duden en contactarnos si necesitan Vds. m\u00e1s informaci\u00f3n. Le contestaremos en la mayor brevedad posible.[\/vc_column_text]<div role=\"form\" class=\"wpcf7\" id=\"wpcf7-f1388-o1\" lang=\"en-US\" dir=\"ltr\">\n<div class=\"screen-reader-response\"><p role=\"status\" aria-live=\"polite\" aria-atomic=\"true\"><\/p> <ul><\/ul><\/div>\n<form action=\"\/es\/wp-json\/wp\/v2\/pages\/1483#wpcf7-f1388-o1\" method=\"post\" class=\"wpcf7-form init\" novalidate=\"novalidate\" data-status=\"init\">\n<div style=\"display: none;\">\n<input type=\"hidden\" name=\"_wpcf7\" value=\"1388\" \/>\n<input type=\"hidden\" name=\"_wpcf7_version\" value=\"5.4.1\" \/>\n<input type=\"hidden\" name=\"_wpcf7_locale\" value=\"en_US\" \/>\n<input type=\"hidden\" name=\"_wpcf7_unit_tag\" value=\"wpcf7-f1388-o1\" \/>\n<input type=\"hidden\" name=\"_wpcf7_container_post\" value=\"0\" \/>\n<input type=\"hidden\" name=\"_wpcf7_posted_data_hash\" value=\"\" \/>\n<input type=\"hidden\" name=\"_wpcf7_recaptcha_response\" value=\"\" \/>\n<\/div>\n<p>\n    <span class=\"wpcf7-form-control-wrap your-name\"><input type=\"text\" name=\"your-name\" value=\"\" size=\"40\" class=\"wpcf7-form-control wpcf7-text wpcf7-validates-as-required\" aria-required=\"true\" aria-invalid=\"false\" placeholder=\"NOMBRE*\" \/><\/span> <\/p>\n<p>\n    <span class=\"wpcf7-form-control-wrap your-email\"><input type=\"email\" name=\"your-email\" value=\"\" size=\"40\" class=\"wpcf7-form-control wpcf7-text wpcf7-email wpcf7-validates-as-required wpcf7-validates-as-email\" aria-required=\"true\" aria-invalid=\"false\" placeholder=\"EMAIL*\" \/><\/span> <\/p>\n<p>\n    <span class=\"wpcf7-form-control-wrap your-company\"><input type=\"text\" name=\"your-company\" value=\"\" size=\"40\" class=\"wpcf7-form-control wpcf7-text\" aria-invalid=\"false\" placeholder=\"EMPRESA*\" \/><\/span> <\/p>\n<p>\n    <span class=\"wpcf7-form-control-wrap your-country\"><input type=\"text\" name=\"your-country\" value=\"\" size=\"40\" class=\"wpcf7-form-control wpcf7-text wpcf7-validates-as-required\" aria-required=\"true\" aria-invalid=\"false\" placeholder=\"PA\u00cdS DESTINO PRODUCTO*\" \/><\/span> <\/p>\n<p>\n    <span class=\"wpcf7-form-control-wrap phone\"><input type=\"text\" name=\"phone\" value=\"\" size=\"40\" class=\"wpcf7-form-control wpcf7-text wpcf7-validates-as-required\" aria-required=\"true\" aria-invalid=\"false\" placeholder=\"TEL\u00c9FONO*\" \/><\/span> <\/p>\n<p>\n    <span class=\"wpcf7-form-control-wrap your-message\"><textarea name=\"your-message\" cols=\"40\" rows=\"9\" class=\"wpcf7-form-control wpcf7-textarea\" aria-invalid=\"false\" placeholder=\"SUS PREGUNTAS\"><\/textarea><\/span> <\/p>\n<p> <span class=\"wpcf7-form-control-wrap acceptance-542\"><span class=\"wpcf7-form-control wpcf7-acceptance\"><span class=\"wpcf7-list-item\"><input type=\"checkbox\" name=\"acceptance-542\" value=\"1\" aria-invalid=\"false\" \/><\/span><\/span><\/span> <span style=\"font-size:13px; font-weight:normal!important;\">He le\u00eddo y aceptado la <a href=\"http:\/\/gabarro.eu\/es\/politica-de-privacidad\" target=\"_blank\">pol\u00edtica de privacidad <\/a><\/span><\/p>\n<p style=\"font-weight:normal!important;font-size:13px\"> <span class=\"wpcf7-form-control-wrap checkbox-48\"><span class=\"wpcf7-form-control wpcf7-checkbox\"><span class=\"wpcf7-list-item first last\"><input type=\"checkbox\" name=\"checkbox-48[]\" value=\"Si\" \/><span class=\"wpcf7-list-item-label\">Si<\/span><\/span><\/span><\/span> <span style=\"font-weight:normal!important;font-size:13px\">, marcando esta casilla, yo acepto las condiciones y acepto el env\u00edo de comunicaciones comerciales. Para ver las cl\u00e1usulas de privacidad y protecci\u00f3n de datos, marcar <a href=\"http:\/\/gabarro.eu\/es\/politica-de-privacidad\" target=\"_blank\">aqu\u00ed<\/a><\/span><\/p>\n<p><input type=\"submit\" value=\"ENVIAR\" class=\"wpcf7-form-control wpcf7-submit\" \/><\/p>\n<p style=\"display: none !important;\" class=\"akismet-fields-container\" data-prefix=\"_wpcf7_ak_\"><label>&#916;<textarea name=\"_wpcf7_ak_hp_textarea\" cols=\"45\" rows=\"8\" maxlength=\"100\"><\/textarea><\/label><input type=\"hidden\" id=\"ak_js_1\" name=\"_wpcf7_ak_js\" value=\"219\"\/><script>document.getElementById( \"ak_js_1\" ).setAttribute( \"value\", ( new Date() ).getTime() );<\/script><\/p><input type='hidden' class='wpcf7-pum' value='{\"closepopup\":false,\"closedelay\":0,\"openpopup\":false,\"openpopup_id\":0}' \/><div class=\"wpcf7-response-output\" aria-hidden=\"true\"><\/div><\/form><\/div>[\/vc_column][\/vc_row]<\/p>\n","protected":false},"excerpt":{"rendered":"<p>[vc_row bg_type=\u00bbbg_color\u00bb bg_override=\u00bbex-full\u00bb bg_color_value=\u00bb#ffffff\u00bb][vc_column width=\u00bb1\/2&#8243; css=\u00bb.vc_custom_1523140032403{padding-top: 75px !important;}\u00bb][vc_single_image image=\u00bb1465&#8243; img_size=\u00bb416&#215;106&#8243;][vc_separator][vc_column_text] G-PACK+ ACERO TREFILADO RECOCIDO El acero recocido es principalmente utilizado en la industria del reciclaje. [\/vc_column_text][\/vc_column][vc_column width=\u00bb1\/2&#8243;][vc_single_image image=\u00bb1068&#8243; img_size=\u00bbfull\u00bb alignment=\u00bbcenter\u00bb][\/vc_column][\/vc_row][vc_row bg_type=\u00bbbg_color\u00bb bg_override=\u00bbex-full\u00bb seperator_enable=\u00bbseperator_enable_value\u00bb seperator_type=\u00bbtriangle_svg_seperator\u00bb seperator_shape_background=\u00bb#2FAC66&#8243; bg_color_value=\u00bb#2fac66&#8243;][vc_column][\/vc_column][\/vc_row][vc_row bg_type=\u00bbimage\u00bb parallax_style=\u00bbvcpb-default\u00bb bg_image_new=\u00bbid^874|url^http:\/\/gabarro.eu\/wp-content\/uploads\/2018\/04\/pack.jpg|caption^null|alt^null|title^pack|description^null\u00bb bg_override=\u00bbex-full\u00bb css=\u00bb.vc_custom_1523221179595{padding-top: 75px !important;padding-bottom: 75px !important;}\u00bb][vc_column][\/vc_column][\/vc_row][vc_row bg_type=\u00bbbg_color\u00bb bg_override=\u00bbex-full\u00bb bg_color_value=\u00bb#ffffff\u00bb][vc_column width=\u00bb1\/4&#8243; css=\u00bb.vc_custom_1523140114651{background-color: #ededed !important;}\u00bb][vc_column_text] APLICACIONES [\/vc_column_text][vc_separator color=\u00bbcustom\u00bb&hellip;<\/p>\n","protected":false},"author":1,"featured_media":0,"parent":0,"menu_order":0,"comment_status":"closed","ping_status":"closed","template":"","meta":{"footnotes":""},"aioseo_notices":[],"_links":{"self":[{"href":"https:\/\/gabarro.eu\/es\/wp-json\/wp\/v2\/pages\/1483"}],"collection":[{"href":"https:\/\/gabarro.eu\/es\/wp-json\/wp\/v2\/pages"}],"about":[{"href":"https:\/\/gabarro.eu\/es\/wp-json\/wp\/v2\/types\/page"}],"author":[{"embeddable":true,"href":"https:\/\/gabarro.eu\/es\/wp-json\/wp\/v2\/users\/1"}],"replies":[{"embeddable":true,"href":"https:\/\/gabarro.eu\/es\/wp-json\/wp\/v2\/comments?post=1483"}],"version-history":[{"count":4,"href":"https:\/\/gabarro.eu\/es\/wp-json\/wp\/v2\/pages\/1483\/revisions"}],"predecessor-version":[{"id":1817,"href":"https:\/\/gabarro.eu\/es\/wp-json\/wp\/v2\/pages\/1483\/revisions\/1817"}],"wp:attachment":[{"href":"https:\/\/gabarro.eu\/es\/wp-json\/wp\/v2\/media?parent=1483"}],"curies":[{"name":"wp","href":"https:\/\/api.w.org\/{rel}","templated":true}]}}