{"id":1351,"date":"2018-04-05T14:14:41","date_gmt":"2018-04-05T14:14:41","guid":{"rendered":"http:\/\/gabarro.eu\/gabarro-today\/"},"modified":"2023-09-13T08:19:19","modified_gmt":"2023-09-13T08:19:19","slug":"gabarro-hoy","status":"publish","type":"page","link":"https:\/\/gabarro.eu\/es\/gabarro-hoy\/","title":{"rendered":"GABARR\u00d3 HOY"},"content":{"rendered":"<p>[vc_row bg_type=\u00bbbg_color\u00bb bg_override=\u00bbex-full\u00bb bg_color_value=\u00bb#ffffff\u00bb css=\u00bb.vc_custom_1522952131290{padding-top: 50px !important;padding-bottom: 50px !important;}\u00bb][vc_column][vc_column_text]<\/p>\n<h1 style=\"text-align: center;\"><span style=\"color: #154ea1;\">GABARR\u00d3 HOY<\/span><\/h1>\n<p>[\/vc_column_text][vc_separator][vc_column_text]<\/p>\n<h4 style=\"text-align: center;\"><span style=\"color: #154ea1;\">Gabarr\u00f3 es hoy un referente Europeo y una de las empresas l\u00edder del sector. Los nivels de solvencia est\u00e1n por encima de la media del sector. Nuestra compa\u00f1\u00eda est\u00e1 plenamente consolidada a nivel internacional, siendo su presencia en \u00e9stos mercados su principal motor de crecimiento.<\/span><\/h4>\n<h4 style=\"text-align: center;\"><span style=\"color: #154ea1;\"><br \/>\nNuestra voluntad es la de seguir afrontando el d\u00eda a d\u00eda con una actitud comprometida: comprometida con nuestro trabajo, comprometida con las personas, comprometida con el futuro.<\/span><\/h4>\n<p>[\/vc_column_text][\/vc_column][\/vc_row][vc_row bg_type=\u00bbbg_color\u00bb bg_override=\u00bbex-full\u00bb css=\u00bb.vc_custom_1522950046966{padding-top: 40px !important;padding-bottom: 40px !important;}\u00bb bg_color_value=\u00bbrgba(21,78,161,0.84)\u00bb][vc_column][vc_column_text]<\/p>\n<h2 style=\"text-align: center;\"><span style=\"color: #ffffff;\"><strong>Nuestras 2 modernas plantas de fabricaci\u00f3n est\u00e1n listas para desafiar los retos del futuro.<\/strong><\/span><\/h2>\n<p>[\/vc_column_text][\/vc_column][\/vc_row][vc_row bg_type=\u00bbbg_color\u00bb bg_override=\u00bbex-full\u00bb bg_color_value=\u00bb#ffffff\u00bb css=\u00bb.vc_custom_1522952167192{padding-top: 50px !important;padding-bottom: 50px !important;}\u00bb][vc_column width=\u00bb1\/2&#8243;][vc_single_image image=\u00bb1195&#8243; img_size=\u00bbfull\u00bb alignment=\u00bbcenter\u00bb][vc_column_text]<\/p>\n<h4 style=\"text-align: center;\"><strong><span style=\"color: #154ea1;\">F\u00e1brica de Barcelona<\/span><\/strong><\/h4>\n<p style=\"text-align: center;\">Empez\u00f3 su trayectoria en 2002, esta localizada en La Pobla de Claramunt (Barcelona) y tiene 25.000 m2.<\/p>\n<p>[\/vc_column_text][\/vc_column][vc_column width=\u00bb1\/2&#8243;][vc_single_image image=\u00bb1138&#8243; img_size=\u00bbfull\u00bb alignment=\u00bbcenter\u00bb][vc_column_text]<\/p>\n<h4 style=\"text-align: center;\"><strong><span style=\"color: #154ea1;\">F\u00e1brica de Brandemburgo<\/span><\/strong><\/h4>\n<p style=\"text-align: center;\">Empez\u00f3 su trayectoria en 2012, est\u00e1 localizada en Brandemburgo (Alemania) y tiene 33.000 m2.<\/p>\n<p>[\/vc_column_text][vc_single_image image=\u00bb1222&#8243; img_size=\u00bb\u00bb alignment=\u00bbcenter\u00bb onclick=\u00bbcustom_link\u00bb img_link_target=\u00bb_blank\u00bb link=\u00bbhttp:\/\/gabarro.eu\/wp-content\/uploads\/2018\/10\/ILB.pdf\u00bb][\/vc_column][\/vc_row]<\/p>\n","protected":false},"excerpt":{"rendered":"<p>[vc_row bg_type=\u00bbbg_color\u00bb bg_override=\u00bbex-full\u00bb bg_color_value=\u00bb#ffffff\u00bb css=\u00bb.vc_custom_1522952131290{padding-top: 50px !important;padding-bottom: 50px !important;}\u00bb][vc_column][vc_column_text] GABARR\u00d3 HOY [\/vc_column_text][vc_separator][vc_column_text] Gabarr\u00f3 es hoy un referente Europeo y una de las empresas l\u00edder del sector. Los nivels de solvencia est\u00e1n por encima de la media del sector. Nuestra compa\u00f1\u00eda est\u00e1 plenamente consolidada a nivel internacional, siendo su presencia en \u00e9stos mercados su principal motor&hellip;<\/p>\n","protected":false},"author":1,"featured_media":0,"parent":0,"menu_order":0,"comment_status":"closed","ping_status":"closed","template":"","meta":{"footnotes":""},"aioseo_notices":[],"_links":{"self":[{"href":"https:\/\/gabarro.eu\/es\/wp-json\/wp\/v2\/pages\/1351"}],"collection":[{"href":"https:\/\/gabarro.eu\/es\/wp-json\/wp\/v2\/pages"}],"about":[{"href":"https:\/\/gabarro.eu\/es\/wp-json\/wp\/v2\/types\/page"}],"author":[{"embeddable":true,"href":"https:\/\/gabarro.eu\/es\/wp-json\/wp\/v2\/users\/1"}],"replies":[{"embeddable":true,"href":"https:\/\/gabarro.eu\/es\/wp-json\/wp\/v2\/comments?post=1351"}],"version-history":[{"count":5,"href":"https:\/\/gabarro.eu\/es\/wp-json\/wp\/v2\/pages\/1351\/revisions"}],"predecessor-version":[{"id":2921,"href":"https:\/\/gabarro.eu\/es\/wp-json\/wp\/v2\/pages\/1351\/revisions\/2921"}],"wp:attachment":[{"href":"https:\/\/gabarro.eu\/es\/wp-json\/wp\/v2\/media?parent=1351"}],"curies":[{"name":"wp","href":"https:\/\/api.w.org\/{rel}","templated":true}]}}