{"id":1320,"date":"2018-04-11T14:43:47","date_gmt":"2018-04-11T14:43:47","guid":{"rendered":"http:\/\/gabarro.eu\/the-art-of-wire-drawing\/"},"modified":"2019-02-15T09:34:03","modified_gmt":"2019-02-15T09:34:03","slug":"el-arte-del-acero-trefilado","status":"publish","type":"page","link":"https:\/\/gabarro.eu\/es\/el-arte-del-acero-trefilado\/","title":{"rendered":"THE ART OF WIRE DRAWING"},"content":{"rendered":"<p>[vc_row bg_type=\u00bbbg_color\u00bb bg_override=\u00bbex-full\u00bb bg_color_value=\u00bb#ffffff\u00bb css=\u00bb.vc_custom_1523466969986{padding-top: 50px !important;padding-bottom: 50px !important;}\u00bb][vc_column][vc_column_text]<\/p>\n<h1 style=\"text-align: center;\"><span style=\"color: #154ea1;\">EL ARTE DEL ACERO TREFILADO<\/span><\/h1>\n<p>[\/vc_column_text][vc_separator][vc_column_text]<\/p>\n<h4 style=\"text-align: center;\">En 1920 Gabarr\u00f3 comenz\u00f3 a escribir su propia historia, partiendo de un concepto simple pero s\u00f3lido:<\/h4>\n<p>[\/vc_column_text][vc_row_inner][vc_column_inner width=\u00bb1\/2&#8243;][vc_hoverbox image=\u00bb923&#8243; primary_title=\u00bbLA EXCELENCIA\u00bb primary_title_font_container=\u00bbcolor:%23ffffff\u00bb primary_title_google_fonts=\u00bbfont_family:Montserrat%3Aregular%2C700|font_style:400%20regular%3A400%3Anormal\u00bb hover_title=\u00bbLA EXCELENCIA\u00bb hover_title_font_container=\u00bbcolor:%23ffffff\u00bb hover_title_use_theme_fonts=\u00bbyes\u00bb shape=\u00bbsquare\u00bb hover_background_color=\u00bbcustom\u00bb use_custom_fonts_primary_title=\u00bbtrue\u00bb use_custom_fonts_hover_title=\u00bbtrue\u00bb hover_custom_background=\u00bb#154ea1&#8243;]<span style=\"color: #ffffff;\">Fabricar productos de acero de la m\u00e1s alta calidad bajo criterio de <strong>excelencia tecnol\u00f3gica<\/strong>.<\/span>[\/vc_hoverbox][\/vc_column_inner][vc_column_inner width=\u00bb1\/2&#8243;][vc_hoverbox image=\u00bb987&#8243; primary_title=\u00bbLA COOPERACI\u00d3N\u00bb primary_title_font_container=\u00bbcolor:%23ffffff\u00bb primary_title_google_fonts=\u00bbfont_family:Montserrat%3Aregular%2C700|font_style:400%20regular%3A400%3Anormal\u00bb hover_title=\u00bbLA COOPERACI\u00d3N\u00bb hover_title_font_container=\u00bbcolor:%23ffffff\u00bb hover_title_use_theme_fonts=\u00bbyes\u00bb shape=\u00bbsquare\u00bb hover_background_color=\u00bbcustom\u00bb use_custom_fonts_primary_title=\u00bbtrue\u00bb use_custom_fonts_hover_title=\u00bbtrue\u00bb hover_custom_background=\u00bb#154ea1&#8243;]<span style=\"color: #ffffff;\">Desde la base de una estrecha cooperaci\u00f3n con nuestros clientes, ofrecemos a los mismos <strong>soluciones a medida<\/strong> que responden a cada necesidad y a\u00f1aden m\u00e1s valor a\u00f1adido a sus productos.<\/span>[\/vc_hoverbox][\/vc_column_inner][\/vc_row_inner][\/vc_column][\/vc_row][vc_row bg_type=\u00bbbg_color\u00bb bg_override=\u00bbex-full\u00bb bg_color_value=\u00bb#ededed\u00bb][vc_column width=\u00bb1\/6&#8243;][\/vc_column][vc_column width=\u00bb2\/3&#8243;][vc_column_text]<\/p>\n<h4 style=\"text-align: center;\">Estos principios han sido establecidos y reforzados con nuestra determinaci\u00f3n por la mejora continua.<\/h4>\n<p>[\/vc_column_text][\/vc_column][vc_column width=\u00bb1\/6&#8243;][\/vc_column][\/vc_row][vc_row bg_type=\u00bbbg_color\u00bb bg_override=\u00bbex-full\u00bb bg_color_value=\u00bb#ffffff\u00bb][vc_column][vc_row_inner][vc_column_inner width=\u00bb1\/3&#8243;]<div class=\"ult-just-icon-wrapper   vc_custom_1523469064703\"><div class=\"align-icon\" style=\"text-align:center;\">\n<div class=\"aio-icon circle \" data-animation=\"pulse\" data-animation-delay=\"03\" style=\"color:#ffffff;background:#154ea1;font-size:65px;display:inline-block;\">\n\t<i class=\"Defaults-magic\"><\/i>\n<\/div><\/div><\/div>[vc_column_text]<\/p>\n<p style=\"text-align: center;\">Estamos constantemente <strong>innovando<\/strong> en los sectores de producci\u00f3n y log\u00edstica.<\/p>\n<p>[\/vc_column_text][\/vc_column_inner][vc_column_inner width=\u00bb1\/3&#8243;]<div class=\"ult-just-icon-wrapper   vc_custom_1523469069646\"><div class=\"align-icon\" style=\"text-align:center;\">\n<div class=\"aio-icon circle \" data-animation=\"pulse\" data-animation-delay=\"03\" style=\"color:#ffffff;background:#154ea1;font-size:65px;display:inline-block;\">\n\t<i class=\"Defaults-user-plus\"><\/i>\n<\/div><\/div><\/div>[vc_column_text]<\/p>\n<p style=\"text-align: center;\">Garantizamos al cliente un<strong> servicio excepcional y una relaci\u00f3n cercana y diferente.<\/strong><\/p>\n<p>[\/vc_column_text][\/vc_column_inner][vc_column_inner width=\u00bb1\/3&#8243;]<div class=\"ult-just-icon-wrapper   vc_custom_1523469074533\"><div class=\"align-icon\" style=\"text-align:center;\">\n<div class=\"aio-icon circle \" data-animation=\"pulse\" data-animation-delay=\"03\" style=\"color:#ffffff;background:#154ea1;font-size:65px;display:inline-block;\">\n\t<i class=\"Defaults-leaf\"><\/i>\n<\/div><\/div><\/div>[vc_column_text]<\/p>\n<p style=\"text-align: center;\">Nos comprometemos con una <strong>responsabilidad social y corporativa<\/strong> para el beneficio de las personas, sostenible y con respeto al medio ambiente.<\/p>\n<p>[\/vc_column_text][\/vc_column_inner][\/vc_row_inner][\/vc_column][\/vc_row][vc_row bg_type=\u00bbbg_color\u00bb bg_override=\u00bbex-full\u00bb bg_color_value=\u00bb#ededed\u00bb css=\u00bb.vc_custom_1523469597668{margin-bottom: 35px !important;}\u00bb][vc_column width=\u00bb1\/6&#8243;][\/vc_column][vc_column width=\u00bb2\/3&#8243;][vc_column_text]<\/p>\n<h4 style=\"text-align: center;\">Actualmente, Gabarr\u00f3 es una compa\u00f1\u00eda de dimensi\u00f3n internacional, tan apasionada y convencida que nos lleva a lanzar un mensaje \u00fanico:<\/h4>\n<p>[\/vc_column_text][vc_column_text]<\/p>\n<h2 style=\"text-align: center;\"><strong>Trabaje con Gabarr\u00f3 y simplemente disfrute!<\/strong><\/h2>\n<h4 style=\"text-align: center;\">Y nosotros nos cuidaremos del acero trefilado.<\/h4>\n<p>[\/vc_column_text][\/vc_column][vc_column width=\u00bb1\/6&#8243;][\/vc_column][\/vc_row]<\/p>\n","protected":false},"excerpt":{"rendered":"<p>[vc_row bg_type=\u00bbbg_color\u00bb bg_override=\u00bbex-full\u00bb bg_color_value=\u00bb#ffffff\u00bb css=\u00bb.vc_custom_1523466969986{padding-top: 50px !important;padding-bottom: 50px !important;}\u00bb][vc_column][vc_column_text] EL ARTE DEL ACERO TREFILADO [\/vc_column_text][vc_separator][vc_column_text] En 1920 Gabarr\u00f3 comenz\u00f3 a escribir su propia historia, partiendo de un concepto simple pero s\u00f3lido: [\/vc_column_text][vc_row_inner][vc_column_inner width=\u00bb1\/2&#8243;][vc_hoverbox image=\u00bb923&#8243; primary_title=\u00bbLA EXCELENCIA\u00bb primary_title_font_container=\u00bbcolor:%23ffffff\u00bb primary_title_google_fonts=\u00bbfont_family:Montserrat%3Aregular%2C700|font_style:400%20regular%3A400%3Anormal\u00bb hover_title=\u00bbLA EXCELENCIA\u00bb hover_title_font_container=\u00bbcolor:%23ffffff\u00bb hover_title_use_theme_fonts=\u00bbyes\u00bb shape=\u00bbsquare\u00bb hover_background_color=\u00bbcustom\u00bb use_custom_fonts_primary_title=\u00bbtrue\u00bb use_custom_fonts_hover_title=\u00bbtrue\u00bb hover_custom_background=\u00bb#154ea1&#8243;]Fabricar productos de acero de la m\u00e1s alta calidad&hellip;<\/p>\n","protected":false},"author":1,"featured_media":0,"parent":0,"menu_order":0,"comment_status":"closed","ping_status":"closed","template":"","meta":{"footnotes":""},"aioseo_notices":[],"_links":{"self":[{"href":"https:\/\/gabarro.eu\/es\/wp-json\/wp\/v2\/pages\/1320"}],"collection":[{"href":"https:\/\/gabarro.eu\/es\/wp-json\/wp\/v2\/pages"}],"about":[{"href":"https:\/\/gabarro.eu\/es\/wp-json\/wp\/v2\/types\/page"}],"author":[{"embeddable":true,"href":"https:\/\/gabarro.eu\/es\/wp-json\/wp\/v2\/users\/1"}],"replies":[{"embeddable":true,"href":"https:\/\/gabarro.eu\/es\/wp-json\/wp\/v2\/comments?post=1320"}],"version-history":[{"count":2,"href":"https:\/\/gabarro.eu\/es\/wp-json\/wp\/v2\/pages\/1320\/revisions"}],"predecessor-version":[{"id":1328,"href":"https:\/\/gabarro.eu\/es\/wp-json\/wp\/v2\/pages\/1320\/revisions\/1328"}],"wp:attachment":[{"href":"https:\/\/gabarro.eu\/es\/wp-json\/wp\/v2\/media?parent=1320"}],"curies":[{"name":"wp","href":"https:\/\/api.w.org\/{rel}","templated":true}]}}