{"id":1944,"date":"2021-07-13T09:44:52","date_gmt":"2021-07-13T09:44:52","guid":{"rendered":"https:\/\/gabarro.eu\/?page_id=1944"},"modified":"2025-04-23T10:14:07","modified_gmt":"2025-04-23T10:14:07","slug":"gabarro-quality","status":"publish","type":"page","link":"https:\/\/gabarro.eu\/en\/gabarro-quality\/","title":{"rendered":"GABARR\u00d3 QUALITY"},"content":{"rendered":"<p>[vc_row full_height=&#8221;yes&#8221; content_placement=&#8221;middle&#8221; bg_type=&#8221;image&#8221; parallax_style=&#8221;vcpb-default&#8221; bg_image_new=&#8221;id^1945|url^https:\/\/gabarro.eu\/wp-content\/uploads\/2021\/07\/gabarroquality.jpg|caption^null|alt^null|title^gabarroquality|description^null&#8221; bg_image_repeat=&#8221;no-repeat&#8221; bg_override=&#8221;ex-full&#8221; css=&#8221;.vc_custom_1626169867528{padding-top: 50px !important;padding-bottom: 50px !important;}&#8221;][vc_column width=&#8221;2\/12&#8243;][\/vc_column][vc_column width=&#8221;8\/12&#8243;][vc_column_text]<\/p>\n<h1 style=\"text-align: center;\"><span style=\"color: #ffffff;\">FOCUSED ON QUALITY <br class=\"hideonmobile\" \/>AND INNOVATION<\/span><\/h1>\n<p>[\/vc_column_text][vc_separator color=&#8221;white&#8221;][vc_column_text]<\/p>\n<h4 style=\"text-align: center; font-size: 18px;\"><span style=\"color: #ffffff;\">GABARR\u00d3 is certified according to EN ISO 9001:2015 with T\u00dcV Rheinland.<\/span><\/h4>\n<h4 style=\"text-align: center; font-size: 18px;\"><span style=\"color: #ffffff;\">GABARR\u00d3&#8217;s Quality Policy is available at the request of the interested parties.<\/span><\/h4>\n<p>[\/vc_column_text][vc_single_image image=&#8221;1977&#8243; img_size=&#8221;35&#215;62&#8243; alignment=&#8221;center&#8221;][\/vc_column][vc_column width=&#8221;2\/12&#8243;][\/vc_column][\/vc_row][vc_row css=&#8221;.vc_custom_1626172232063{margin-top: -200px !important;}&#8221;][vc_column width=&#8221;1\/4&#8243;][\/vc_column][vc_column width=&#8221;1\/4&#8243;][vc_single_image image=&#8221;1982&#8243; img_size=&#8221;326&#215;536&#8243; alignment=&#8221;center&#8221; onclick=&#8221;custom_link&#8221; img_link_target=&#8221;_blank&#8221; link=&#8221;https:\/\/gabarro.eu\/wp-content\/uploads\/2024\/05\/004120071_EN.pdf&#8221;][\/vc_column][vc_column width=&#8221;1\/4&#8243;][vc_single_image image=&#8221;2994&#8243; img_size=&#8221;326&#215;536&#8243; alignment=&#8221;center&#8221; onclick=&#8221;custom_link&#8221; img_link_target=&#8221;_blank&#8221; link=&#8221;https:\/\/gabarro.eu\/wp-content\/uploads\/2025\/04\/50001_en.pdf&#8221;][\/vc_column][vc_column width=&#8221;1\/4&#8243;][\/vc_column][\/vc_row][vc_row bg_type=&#8221;bg_color&#8221; bg_override=&#8221;ex-full&#8221; bg_color_value=&#8221;#eeeeee&#8221; css=&#8221;.vc_custom_1626173097088{padding-top: 40px !important;padding-bottom: 40px !important;}&#8221;][vc_column][vc_column_text]<\/p>\n<h2 style=\"text-align: center;\"><strong><span style=\"color: #144da0;\">GABARR\u00d3 permanently invests in Research and Development, training programs and sustainability<\/span><\/strong><\/h2>\n<p>[\/vc_column_text][vc_row_inner content_placement=&#8221;bottom&#8221;][vc_column_inner width=&#8221;1\/3&#8243;][vc_single_image image=&#8221;2006&#8243; img_size=&#8221;&#8221; alignment=&#8221;center&#8221;][\/vc_column_inner][vc_column_inner width=&#8221;1\/3&#8243;][vc_single_image image=&#8221;2002&#8243; img_size=&#8221;&#8221; alignment=&#8221;center&#8221;][\/vc_column_inner][vc_column_inner width=&#8221;1\/3&#8243;][vc_single_image image=&#8221;1998&#8243; img_size=&#8221;&#8221; alignment=&#8221;center&#8221;][\/vc_column_inner][\/vc_row_inner][vc_row_inner content_placement=&#8221;top&#8221;][vc_column_inner width=&#8221;1\/3&#8243;][vc_column_text]<\/p>\n<h3 style=\"text-align: center;\"><span style=\"color: #144da0;\">ISO 50.001 <strong>energy saving <\/strong>program<\/span><\/h3>\n<h4 style=\"text-align: center;\"><span style=\"color: #144da0; font-size: 17px;\"><br \/>\nReduction of gas consumption by maximizing annealing cycles through efficient heat distribution.<\/span><\/h4>\n<h4 style=\"text-align: center;\"><span style=\"color: #144da0; font-size: 17px;\">Use of combustion gases.<\/span><\/h4>\n<h4 style=\"text-align: center;\"><span style=\"color: #144da0; font-size: 17px;\">Electronic control of electric motors.<\/span><\/h4>\n<p>[\/vc_column_text][\/vc_column_inner][vc_column_inner width=&#8221;1\/3&#8243;][vc_column_text]<\/p>\n<h3 style=\"text-align: center;\"><span style=\"color: #144da0;\"><strong>Water saving program<\/strong><br \/>\n<\/span><\/h3>\n<h4 style=\"text-align: center;\"><span style=\"color: #144da0; font-size: 17px;\">Wastewater reuse<\/span>.<\/h4>\n<p>[\/vc_column_text][\/vc_column_inner][vc_column_inner width=&#8221;1\/3&#8243;][vc_column_text]<\/p>\n<h3 style=\"text-align: center;\"><span style=\"color: #144da0;\"><strong>Waste management<\/strong> and <strong>recycling <\/strong>program<\/span><\/h3>\n<h4 style=\"text-align: center;\"><span style=\"color: #144da0; font-size: 17px;\">Recycling of lubricants and water.<\/span><\/h4>\n<h4 style=\"text-align: center;\"><span style=\"color: #144da0; font-size: 17px;\">Scrap metal recycling.<\/span><\/h4>\n<h4 style=\"text-align: center;\"><span style=\"color: #144da0; font-size: 17px;\">Recycling of scales.<\/span><\/h4>\n<p>[\/vc_column_text][\/vc_column_inner][\/vc_row_inner][\/vc_column][\/vc_row]<\/p>\n","protected":false},"excerpt":{"rendered":"<p>[vc_row full_height=&#8221;yes&#8221; content_placement=&#8221;middle&#8221; bg_type=&#8221;image&#8221; parallax_style=&#8221;vcpb-default&#8221; bg_image_new=&#8221;id^1945|url^https:\/\/gabarro.eu\/wp-content\/uploads\/2021\/07\/gabarroquality.jpg|caption^null|alt^null|title^gabarroquality|description^null&#8221; bg_image_repeat=&#8221;no-repeat&#8221; bg_override=&#8221;ex-full&#8221; css=&#8221;.vc_custom_1626169867528{padding-top: 50px !important;padding-bottom: 50px !important;}&#8221;][vc_column width=&#8221;2\/12&#8243;][\/vc_column][vc_column width=&#8221;8\/12&#8243;][vc_column_text] FOCUSED ON QUALITY AND INNOVATION [\/vc_column_text][vc_separator color=&#8221;white&#8221;][vc_column_text] GABARR\u00d3 is certified according to EN ISO 9001:2015 with T\u00dcV Rheinland. GABARR\u00d3&#8217;s Quality Policy is available at the request of the interested parties. [\/vc_column_text][vc_single_image image=&#8221;1977&#8243; img_size=&#8221;35&#215;62&#8243; alignment=&#8221;center&#8221;][\/vc_column][vc_column width=&#8221;2\/12&#8243;][\/vc_column][\/vc_row][vc_row css=&#8221;.vc_custom_1626172232063{margin-top: -200px !important;}&#8221;][vc_column width=&#8221;1\/4&#8243;][\/vc_column][vc_column width=&#8221;1\/4&#8243;][vc_single_image&hellip;<\/p>\n","protected":false},"author":1,"featured_media":0,"parent":0,"menu_order":0,"comment_status":"closed","ping_status":"closed","template":"","meta":{"footnotes":""},"aioseo_notices":[],"_links":{"self":[{"href":"https:\/\/gabarro.eu\/en\/wp-json\/wp\/v2\/pages\/1944"}],"collection":[{"href":"https:\/\/gabarro.eu\/en\/wp-json\/wp\/v2\/pages"}],"about":[{"href":"https:\/\/gabarro.eu\/en\/wp-json\/wp\/v2\/types\/page"}],"author":[{"embeddable":true,"href":"https:\/\/gabarro.eu\/en\/wp-json\/wp\/v2\/users\/1"}],"replies":[{"embeddable":true,"href":"https:\/\/gabarro.eu\/en\/wp-json\/wp\/v2\/comments?post=1944"}],"version-history":[{"count":29,"href":"https:\/\/gabarro.eu\/en\/wp-json\/wp\/v2\/pages\/1944\/revisions"}],"predecessor-version":[{"id":3009,"href":"https:\/\/gabarro.eu\/en\/wp-json\/wp\/v2\/pages\/1944\/revisions\/3009"}],"wp:attachment":[{"href":"https:\/\/gabarro.eu\/en\/wp-json\/wp\/v2\/media?parent=1944"}],"curies":[{"name":"wp","href":"https:\/\/api.w.org\/{rel}","templated":true}]}}