{"id":2028,"date":"2021-07-14T15:33:50","date_gmt":"2021-07-14T15:33:50","guid":{"rendered":"https:\/\/gabarro.eu\/gabarro-quality\/"},"modified":"2025-04-23T10:15:06","modified_gmt":"2025-04-23T10:15:06","slug":"gabarro-qualitat","status":"publish","type":"page","link":"https:\/\/gabarro.eu\/de\/gabarro-qualitat\/","title":{"rendered":"GABARR\u00d3 QUALIT\u00c4T"},"content":{"rendered":"<p>[vc_row full_height=&#8220;yes&#8220; content_placement=&#8220;middle&#8220; bg_type=&#8220;image&#8220; parallax_style=&#8220;vcpb-default&#8220; bg_image_new=&#8220;id^1945|url^https:\/\/gabarro.eu\/wp-content\/uploads\/2021\/07\/gabarroquality.jpg|caption^null|alt^null|title^gabarroquality|description^null&#8220; bg_image_repeat=&#8220;no-repeat&#8220; bg_override=&#8220;ex-full&#8220; css=&#8220;.vc_custom_1626169867528{padding-top: 50px !important;padding-bottom: 50px !important;}&#8220;][vc_column width=&#8220;2\/12&#8243;][\/vc_column][vc_column width=&#8220;8\/12&#8243;][vc_column_text]<\/p>\n<h1 style=\"text-align: center;\"><span style=\"color: #ffffff;\">QUALIT\u00c4T UND INNOVATION <br class=\"hideonmobile\" \/>IM FOKUS<\/span><\/h1>\n<p>[\/vc_column_text][vc_separator color=&#8220;white&#8220;][vc_column_text]<\/p>\n<h4 style=\"text-align: center; font-size: 18px;\"><span style=\"color: #ffffff;\">GABARR\u00d3 ist zertifiziert nach EN ISO 9001:2015 mit T\u00dcV Rheinland.<\/span><\/h4>\n<h4 style=\"text-align: center; font-size: 18px;\"><span style=\"color: #ffffff;\">Die Qualit\u00e4tspolitik von GABARR\u00d3 ist auf Anfrage interessierter Parteien erh\u00e4ltlich.<\/span><\/h4>\n<p>[\/vc_column_text][vc_single_image image=&#8220;1977&#8243; img_size=&#8220;35&#215;62&#8243; alignment=&#8220;center&#8220;][\/vc_column][vc_column width=&#8220;2\/12&#8243;][\/vc_column][\/vc_row][vc_row css=&#8220;.vc_custom_1626172232063{margin-top: -200px !important;}&#8220;][vc_column width=&#8220;1\/4&#8243;][\/vc_column][vc_column width=&#8220;1\/4&#8243;][vc_single_image image=&#8220;1982&#8243; img_size=&#8220;326&#215;536&#8243; alignment=&#8220;center&#8220; onclick=&#8220;custom_link&#8220; img_link_target=&#8220;_blank&#8220; link=&#8220;https:\/\/gabarro.eu\/wp-content\/uploads\/2024\/05\/004120071_DE.pdf&#8220;][\/vc_column][vc_column width=&#8220;1\/4&#8243;][vc_single_image image=&#8220;3006&#8243; img_size=&#8220;326&#215;536&#8243; alignment=&#8220;center&#8220; onclick=&#8220;custom_link&#8220; img_link_target=&#8220;_blank&#8220; link=&#8220;https:\/\/gabarro.eu\/wp-content\/uploads\/2025\/04\/50001_de.pdf&#8220;][\/vc_column][vc_column width=&#8220;1\/4&#8243;][\/vc_column][\/vc_row][vc_row bg_type=&#8220;bg_color&#8220; bg_override=&#8220;ex-full&#8220; bg_color_value=&#8220;#eeeeee&#8220; css=&#8220;.vc_custom_1626173097088{padding-top: 40px !important;padding-bottom: 40px !important;}&#8220;][vc_column][vc_column_text]<\/p>\n<h2 style=\"text-align: center;\"><strong><span style=\"color: #144da0;\">GABARR\u00d3 investiert permanent in Innovation und Entwicklung, Trainingsprogramme und Nachhaltigkeit.<\/span><\/strong><\/h2>\n<p>[\/vc_column_text][vc_row_inner content_placement=&#8220;bottom&#8220;][vc_column_inner width=&#8220;1\/3&#8243;][vc_single_image image=&#8220;2006&#8243; img_size=&#8220;&#8220; alignment=&#8220;center&#8220;][\/vc_column_inner][vc_column_inner width=&#8220;1\/3&#8243;][vc_single_image image=&#8220;2002&#8243; img_size=&#8220;&#8220; alignment=&#8220;center&#8220;][\/vc_column_inner][vc_column_inner width=&#8220;1\/3&#8243;][vc_single_image image=&#8220;1998&#8243; img_size=&#8220;&#8220; alignment=&#8220;center&#8220;][\/vc_column_inner][\/vc_row_inner][vc_row_inner content_placement=&#8220;top&#8220;][vc_column_inner width=&#8220;1\/3&#8243;][vc_column_text]<\/p>\n<h3 style=\"text-align: center;\"><span style=\"color: #144da0;\"><strong>Energiesparprogramm <\/strong>nach ISO 50.001<\/span><\/h3>\n<h4 style=\"text-align: center;\"><span style=\"color: #144da0; font-size: 17px;\">Reduzierung des Gasverbrauchs durch Maximierung der Gl\u00fchzyklen durch effiziente W\u00e4rmeverteilung.<\/span><\/h4>\n<h4 style=\"text-align: center;\"><span style=\"color: #144da0; font-size: 17px;\">Verwendung von Verbrennungsgasen.<\/span><\/h4>\n<h4 style=\"text-align: center;\"><span style=\"color: #144da0; font-size: 17px;\">Elektronische Steuerung von Elektromotoren.<\/span><\/h4>\n<p>[\/vc_column_text][\/vc_column_inner][vc_column_inner width=&#8220;1\/3&#8243;][vc_column_text]<\/p>\n<h3 style=\"text-align: center;\"><span style=\"color: #144da0;\"><strong>Wassersparprogramm<\/strong><\/span><\/h3>\n<h4 style=\"text-align: center;\"><span style=\"color: #144da0; font-size: 17px;\">Wiederverwendung von Abwasser<\/span>.<\/h4>\n<p>[\/vc_column_text][\/vc_column_inner][vc_column_inner width=&#8220;1\/3&#8243;][vc_column_text]<\/p>\n<h3 style=\"text-align: center;\"><span style=\"color: #144da0;\"><strong>Abfallwirtschafts-<\/strong> und <strong>Recyclingprogramm<\/strong><\/span><\/h3>\n<h4 style=\"text-align: center;\"><span style=\"color: #144da0; font-size: 17px;\">Recycling von Schmierstoffen und Wasser.<\/span><\/h4>\n<h4 style=\"text-align: center;\"><span style=\"color: #144da0; font-size: 17px;\">Altmetallrecycling.<\/span><\/h4>\n<h4 style=\"text-align: center;\"><span style=\"color: #144da0; font-size: 17px;\">Recycling von Waagen.<\/span><\/h4>\n<p>[\/vc_column_text][\/vc_column_inner][\/vc_row_inner][\/vc_column][\/vc_row]<\/p>\n","protected":false},"excerpt":{"rendered":"<p>[vc_row full_height=&#8220;yes&#8220; content_placement=&#8220;middle&#8220; bg_type=&#8220;image&#8220; parallax_style=&#8220;vcpb-default&#8220; bg_image_new=&#8220;id^1945|url^https:\/\/gabarro.eu\/wp-content\/uploads\/2021\/07\/gabarroquality.jpg|caption^null|alt^null|title^gabarroquality|description^null&#8220; bg_image_repeat=&#8220;no-repeat&#8220; bg_override=&#8220;ex-full&#8220; css=&#8220;.vc_custom_1626169867528{padding-top: 50px !important;padding-bottom: 50px !important;}&#8220;][vc_column width=&#8220;2\/12&#8243;][\/vc_column][vc_column width=&#8220;8\/12&#8243;][vc_column_text] QUALIT\u00c4T UND INNOVATION IM FOKUS [\/vc_column_text][vc_separator color=&#8220;white&#8220;][vc_column_text] GABARR\u00d3 ist zertifiziert nach EN ISO 9001:2015 mit T\u00dcV Rheinland. Die Qualit\u00e4tspolitik von GABARR\u00d3 ist auf Anfrage interessierter Parteien erh\u00e4ltlich. [\/vc_column_text][vc_single_image image=&#8220;1977&#8243; img_size=&#8220;35&#215;62&#8243; alignment=&#8220;center&#8220;][\/vc_column][vc_column width=&#8220;2\/12&#8243;][\/vc_column][\/vc_row][vc_row css=&#8220;.vc_custom_1626172232063{margin-top: -200px !important;}&#8220;][vc_column width=&#8220;1\/4&#8243;][\/vc_column][vc_column width=&#8220;1\/4&#8243;][vc_single_image image=&#8220;1982&#8243; img_size=&#8220;326&#215;536&#8243; alignment=&#8220;center&#8220;&hellip;<\/p>\n","protected":false},"author":1,"featured_media":0,"parent":0,"menu_order":0,"comment_status":"closed","ping_status":"closed","template":"","meta":{"footnotes":""},"aioseo_notices":[],"_links":{"self":[{"href":"https:\/\/gabarro.eu\/de\/wp-json\/wp\/v2\/pages\/2028"}],"collection":[{"href":"https:\/\/gabarro.eu\/de\/wp-json\/wp\/v2\/pages"}],"about":[{"href":"https:\/\/gabarro.eu\/de\/wp-json\/wp\/v2\/types\/page"}],"author":[{"embeddable":true,"href":"https:\/\/gabarro.eu\/de\/wp-json\/wp\/v2\/users\/1"}],"replies":[{"embeddable":true,"href":"https:\/\/gabarro.eu\/de\/wp-json\/wp\/v2\/comments?post=2028"}],"version-history":[{"count":8,"href":"https:\/\/gabarro.eu\/de\/wp-json\/wp\/v2\/pages\/2028\/revisions"}],"predecessor-version":[{"id":3011,"href":"https:\/\/gabarro.eu\/de\/wp-json\/wp\/v2\/pages\/2028\/revisions\/3011"}],"wp:attachment":[{"href":"https:\/\/gabarro.eu\/de\/wp-json\/wp\/v2\/media?parent=2028"}],"curies":[{"name":"wp","href":"https:\/\/api.w.org\/{rel}","templated":true}]}}