{"id":1664,"date":"2019-09-12T11:40:40","date_gmt":"2019-09-12T11:40:40","guid":{"rendered":"http:\/\/gabarro.eu\/?page_id=1664"},"modified":"2019-09-17T12:43:29","modified_gmt":"2019-09-17T12:43:29","slug":"ausbildung","status":"publish","type":"page","link":"https:\/\/gabarro.eu\/de\/ausbildung\/","title":{"rendered":"AUSBILDUNG"},"content":{"rendered":"<p>[vc_row bg_type=&#8220;bg_color&#8220; bg_override=&#8220;ex-full&#8220; bg_color_value=&#8220;#ffffff&#8220; css=&#8220;.vc_custom_1523537221030{padding-top: 50px !important;padding-bottom: 30px !important;}&#8220;][vc_column][vc_column_text]<\/p>\n<h1 style=\"text-align: center;\"><span style=\"color: #154ea1;\">AUSBILDUNG<\/span><\/h1>\n<p>[\/vc_column_text][vc_separator][vc_column_text]Die Firma<strong> Gabarr\u00f3 Deutschland GmbH<\/strong> bildet junge Menschen aus unserer Region als Fachkr\u00e4fte aus. Wir freuen uns, Auszubildende auf ihrem erfolgreichen Weg zum Facharbeiter begleiten zu k\u00f6nnen. Um unsere Ausbildung weiterhin auf einem hohen Niveau durchf\u00fchren zu k\u00f6nnen, wird die Lehrlingsausbildung durch das \u201eProgramm zur qualifizierten Ausbildung im Verbundsystem\u201c durch das Ministerium f\u00fcr Arbeit, Soziales, Gesundheit, Frauen und Familie des Landes Brandenburg (MASGF) aus Mitteln des Europ\u00e4ischen Sozialfonds gef\u00f6rdet.<\/p>\n<p>&nbsp;<\/p>\n<h4><strong>F\u00f6rderung von Ausbildungsverb\u00fcnden<\/strong><\/h4>\n<p>Um die Attraktivit\u00e4t der dualen Berufsausbildung zu erh\u00f6hen und somit ein leistungsf\u00e4higeres Ausbildungssystem zu gew\u00e4hrleisten,<strong> werden Ma\u00dfnahmen durch das Land Brandenburg gef\u00f6rdert<\/strong>, die dazu dienen:<\/p>\n<p>\u2022 die Ausbildungsbereitschaft von Betrieben zu st\u00e4rken.<br \/>\n\u2022 die Ausbildungsqualit\u00e4t am Lernort Betrieb zu verbessern.<\/p>\n<p>&nbsp;<\/p>\n<h4><strong>F\u00f6rderelement Allgemeine Verbundausbildung<\/strong><\/h4>\n<p>Dar\u00fcber kann ein Betrieb, der einzelne Teile der betrieblichen Ausbildung nicht selbst vermitteln kann, einen Verbund mit einem anderen Betrieb oder einer Ausbildungsst\u00e4tte bilden.<\/p>\n<p>&nbsp;<\/p>\n<h4>Modul Zusatzqualifikationen \/ Schl\u00fcsselkompetenzen,<br \/>\nPr\u00fcfungsvorbereitung<\/h4>\n<p>\u2022 Vermittlung von Schl\u00fcsselkompetenzen, insbesondere zu interkulturellen Schwerpunkten, Spracherwerb und zu mehr Toleranz<br \/>\n\u2022 Durchf\u00fchrung von fachspezifischen Lehrg\u00e4ngen zur Pr\u00fcfungsvorbereitung<\/p>\n<p>&nbsp;<\/p>\n<h4><strong>Umfang und H\u00f6he der F\u00f6rderung<\/strong><\/h4>\n<p>Modul Verbundausbildung<br \/>\n29,70 \u20ac \/Tag \/ Lehrling<\/p>\n<p>&nbsp;<\/p>\n<h4><strong>Modul Zusatzqualifikationen \/ Schl\u00fcsselkompetenzen<\/strong><\/h4>\n<p>35,10 \u20ac \/Tag \/ Lehrling<\/p>\n<p>&nbsp;<\/p>\n<h4><strong>Modul fachspezifische Pr\u00fcfungsvorbereitung<\/strong><\/h4>\n<p>28,35 \u20ac \/Tag \/ Lehrling<\/p>\n<p>&nbsp;<\/p>\n<h4><img decoding=\"async\" loading=\"lazy\" class=\"alignnone wp-image-1665 size-full\" src=\"http:\/\/gabarro.eu\/wp-content\/uploads\/2019\/09\/logosde.gif\" alt=\"\" width=\"440\" height=\"174\" \/><\/h4>\n<p>&nbsp;<\/p>\n<h4><strong>Investition in Ihre Zukunft<\/strong><\/h4>\n<p>Gef\u00f6rdert durch das Ministerium f\u00fcr Arbeit, Soziales, Gesundheit, Frauen und Familie des Landes Brandenburg (MASGF) aus Mitteln des Europ\u00e4ischen Sozialfonds. Die Zuwendung wird in Form der Anteilfinanzierung in H\u00f6he von 90,00 % der zuwendungsf\u00e4higen Ausgaben als Zuschuss gew\u00e4hrt.<\/p>\n<h4><\/h4>\n<p>[\/vc_column_text][\/vc_column][\/vc_row]<\/p>\n","protected":false},"excerpt":{"rendered":"<p>[vc_row bg_type=&#8220;bg_color&#8220; bg_override=&#8220;ex-full&#8220; bg_color_value=&#8220;#ffffff&#8220; css=&#8220;.vc_custom_1523537221030{padding-top: 50px !important;padding-bottom: 30px !important;}&#8220;][vc_column][vc_column_text] AUSBILDUNG [\/vc_column_text][vc_separator][vc_column_text]Die Firma Gabarr\u00f3 Deutschland GmbH bildet junge Menschen aus unserer Region als Fachkr\u00e4fte aus. Wir freuen uns, Auszubildende auf ihrem erfolgreichen Weg zum Facharbeiter begleiten zu k\u00f6nnen. Um unsere Ausbildung weiterhin auf einem hohen Niveau durchf\u00fchren zu k\u00f6nnen, wird die Lehrlingsausbildung durch das \u201eProgramm zur&hellip;<\/p>\n","protected":false},"author":1,"featured_media":0,"parent":0,"menu_order":0,"comment_status":"closed","ping_status":"closed","template":"","meta":{"footnotes":""},"aioseo_notices":[],"_links":{"self":[{"href":"https:\/\/gabarro.eu\/de\/wp-json\/wp\/v2\/pages\/1664"}],"collection":[{"href":"https:\/\/gabarro.eu\/de\/wp-json\/wp\/v2\/pages"}],"about":[{"href":"https:\/\/gabarro.eu\/de\/wp-json\/wp\/v2\/types\/page"}],"author":[{"embeddable":true,"href":"https:\/\/gabarro.eu\/de\/wp-json\/wp\/v2\/users\/1"}],"replies":[{"embeddable":true,"href":"https:\/\/gabarro.eu\/de\/wp-json\/wp\/v2\/comments?post=1664"}],"version-history":[{"count":5,"href":"https:\/\/gabarro.eu\/de\/wp-json\/wp\/v2\/pages\/1664\/revisions"}],"predecessor-version":[{"id":1675,"href":"https:\/\/gabarro.eu\/de\/wp-json\/wp\/v2\/pages\/1664\/revisions\/1675"}],"wp:attachment":[{"href":"https:\/\/gabarro.eu\/de\/wp-json\/wp\/v2\/media?parent=1664"}],"curies":[{"name":"wp","href":"https:\/\/api.w.org\/{rel}","templated":true}]}}