{"id":1519,"date":"2018-04-12T12:45:10","date_gmt":"2018-04-12T12:45:10","guid":{"rendered":"http:\/\/gabarro.eu\/sustainability-programs\/"},"modified":"2019-02-20T13:49:28","modified_gmt":"2019-02-20T13:49:28","slug":"nachhaltigkeits-und-umweltpolitik","status":"publish","type":"page","link":"https:\/\/gabarro.eu\/de\/nachhaltigkeits-und-umweltpolitik\/","title":{"rendered":"SUSTAINABILITY PROGRAMS"},"content":{"rendered":"<p>[vc_row bg_type=&#8220;bg_color&#8220; bg_override=&#8220;ex-full&#8220; bg_color_value=&#8220;#ffffff&#8220; css=&#8220;.vc_custom_1523537221030{padding-top: 50px !important;padding-bottom: 30px !important;}&#8220;][vc_column][vc_column_text]<\/p>\n<h1 style=\"text-align: center;\"><span style=\"color: #154ea1;\">PROGRAMME F\u00dcR UMWELTBEWUSSTE MA\u00dfNAHMEN<\/span><\/h1>\n<p>[\/vc_column_text][vc_separator][vc_column_text]<\/p>\n<h4 style=\"text-align: center;\"><span style=\"color: #154ea1;\">Seit Jahren setzt Gabarr\u00f3 auf saubere und unweltvertr\u00e4gliche Produktionsprozesse. Gegenw\u00e4rtig verfolgen unsere diesbez\u00fcglichen Ma\u00dfnahmen neben unserem Bewusstsein f\u00fcr die Natur auch eine klare Marktstrategie, die sich an die Tendenzen und die Entwicklungen eines immer anspruchsvolleren globalen Marktes anpasst und diesen wo immer m\u00f6glich vorgreift.<\/span><\/h4>\n<p>[\/vc_column_text][\/vc_column][\/vc_row][vc_row bg_type=&#8220;bg_color&#8220; bg_override=&#8220;ex-full&#8220; bg_color_value=&#8220;#f4f4f4&#8243;][vc_column width=&#8220;1\/3&#8243;]<div class=\"ult-just-icon-wrapper   vc_custom_1523540203473\"><div class=\"align-icon\" style=\"text-align:center;\">\n<div class=\"aio-icon circle \" data-animation=\"fadeIn\" data-animation-delay=\"03\" style=\"color:#ffffff;background:#154ea1;font-size:65px;display:inline-block;\">\n\t<i class=\"Defaults-power-off\"><\/i>\n<\/div><\/div><\/div>[vc_column_text]<\/p>\n<h3 style=\"text-align: center;\"><strong>ENERGIESPARPROGRAMM<\/strong><\/h3>\n<p style=\"text-align: center;\">Reduktion des Gaskonsums mittels Optimierung der Gl\u00fchprozesse und der optimalen W\u00e4rmeverteilung.<\/p>\n<p style=\"text-align: center;\">Verwendung von Abgasen.<\/p>\n<p style=\"text-align: center;\">Optimierung der Motorenleistung dank rigorosen elektronischen Kontrollen.<\/p>\n<p>[\/vc_column_text][\/vc_column][vc_column width=&#8220;1\/3&#8243;]<div class=\"ult-just-icon-wrapper   vc_custom_1523540207899\"><div class=\"align-icon\" style=\"text-align:center;\">\n<div class=\"aio-icon circle \" data-animation=\"fadeIn\" data-animation-delay=\"03\" style=\"color:#ffffff;background:#154ea1;font-size:65px;display:inline-block;\">\n\t<i class=\"Defaults-tint\"><\/i>\n<\/div><\/div><\/div>[vc_column_text]<\/p>\n<h3 style=\"text-align: center;\"><strong>WASSERSPARPROGRAMM<\/strong><\/h3>\n<p style=\"text-align: center;\">Verwendung von neuen wassersparenden Technologien, die auf dem Einsatz von erneuerbaren Energien beruhen.<\/p>\n<p style=\"text-align: center;\">Wiederverwendung von Abwasser.<\/p>\n<p style=\"text-align: center;\">.<\/p>\n<p>[\/vc_column_text][\/vc_column][vc_column width=&#8220;1\/3&#8243;]<div class=\"ult-just-icon-wrapper   vc_custom_1523540213563\"><div class=\"align-icon\" style=\"text-align:center;\">\n<div class=\"aio-icon circle \" data-animation=\"fadeIn\" data-animation-delay=\"03\" style=\"color:#ffffff;background:#154ea1;font-size:65px;display:inline-block;\">\n\t<i class=\"Defaults-bitbucket\"><\/i>\n<\/div><\/div><\/div>[vc_column_text]<\/p>\n<h3 style=\"text-align: center;\"><strong>RECYCLING- UND ABFALLWIEDERVERWERTUNGSPROGRAMM<\/strong><\/h3>\n<p style=\"text-align: center;\">R\u00fcckgewinnung von Abwasser.<\/p>\n<p style=\"text-align: center;\">Recycling von Schrott.<\/p>\n<p style=\"text-align: center;\">Recycling von Kalamin.<\/p>\n<p>[\/vc_column_text][\/vc_column][\/vc_row]<\/p>\n","protected":false},"excerpt":{"rendered":"<p>[vc_row bg_type=&#8220;bg_color&#8220; bg_override=&#8220;ex-full&#8220; bg_color_value=&#8220;#ffffff&#8220; css=&#8220;.vc_custom_1523537221030{padding-top: 50px !important;padding-bottom: 30px !important;}&#8220;][vc_column][vc_column_text] PROGRAMME F\u00dcR UMWELTBEWUSSTE MA\u00dfNAHMEN [\/vc_column_text][vc_separator][vc_column_text] Seit Jahren setzt Gabarr\u00f3 auf saubere und unweltvertr\u00e4gliche Produktionsprozesse. Gegenw\u00e4rtig verfolgen unsere diesbez\u00fcglichen Ma\u00dfnahmen neben unserem Bewusstsein f\u00fcr die Natur auch eine klare Marktstrategie, die sich an die Tendenzen und die Entwicklungen eines immer anspruchsvolleren globalen Marktes anpasst und diesen wo&hellip;<\/p>\n","protected":false},"author":1,"featured_media":0,"parent":0,"menu_order":0,"comment_status":"closed","ping_status":"closed","template":"","meta":{"footnotes":""},"aioseo_notices":[],"_links":{"self":[{"href":"https:\/\/gabarro.eu\/de\/wp-json\/wp\/v2\/pages\/1519"}],"collection":[{"href":"https:\/\/gabarro.eu\/de\/wp-json\/wp\/v2\/pages"}],"about":[{"href":"https:\/\/gabarro.eu\/de\/wp-json\/wp\/v2\/types\/page"}],"author":[{"embeddable":true,"href":"https:\/\/gabarro.eu\/de\/wp-json\/wp\/v2\/users\/1"}],"replies":[{"embeddable":true,"href":"https:\/\/gabarro.eu\/de\/wp-json\/wp\/v2\/comments?post=1519"}],"version-history":[{"count":2,"href":"https:\/\/gabarro.eu\/de\/wp-json\/wp\/v2\/pages\/1519\/revisions"}],"predecessor-version":[{"id":1527,"href":"https:\/\/gabarro.eu\/de\/wp-json\/wp\/v2\/pages\/1519\/revisions\/1527"}],"wp:attachment":[{"href":"https:\/\/gabarro.eu\/de\/wp-json\/wp\/v2\/media?parent=1519"}],"curies":[{"name":"wp","href":"https:\/\/api.w.org\/{rel}","templated":true}]}}