{"id":1505,"date":"2018-05-11T12:18:01","date_gmt":"2018-05-11T12:18:01","guid":{"rendered":"http:\/\/gabarro.eu\/services\/"},"modified":"2019-02-18T18:05:13","modified_gmt":"2019-02-18T18:05:13","slug":"leistungsangebot","status":"publish","type":"page","link":"https:\/\/gabarro.eu\/de\/leistungsangebot\/","title":{"rendered":"LEISTUNGSANGEBOT"},"content":{"rendered":"<p>[vc_row bg_type=&#8220;bg_color&#8220; bg_override=&#8220;ex-full&#8220; bg_color_value=&#8220;#ffffff&#8220; css=&#8220;.vc_custom_1523466969986{padding-top: 50px !important;padding-bottom: 50px !important;}&#8220;][vc_column][vc_column_text]<\/p>\n<h1 style=\"text-align: center;\"><span style=\"color: #154ea1;\">GABARR\u00d3 LEISTUNGSANGEBOT<\/span><\/h1>\n<p>[\/vc_column_text][vc_separator][vc_column_text]<\/p>\n<h4 style=\"text-align: center;\">Unser zus\u00e4tzliches Leistungsangebot hat zum Ziel, unsere Kunden w\u00e4hrend dem gesamten Lebenszyklus ihrer Projekte zu begleiten. Zu diesem Zweck stellen wir bei Gabarr\u00f3 Ressourcen und Kapazit\u00e4t zur Verf\u00fcgung, um unseren Kunden vom eigentlichen Projektdesign bis zur Auslieferung des Produkts und im Nachhinein zu begleiten und in allen Fragen zu beraten.<\/h4>\n<p>[\/vc_column_text][vc_row_inner][vc_column_inner width=&#8220;1\/3&#8243;][vc_hoverbox image=&#8220;1147&#8243; primary_title=&#8220;ENTWICKLUNGSPHASE&#8220; primary_title_font_container=&#8220;color:%23ffffff&#8220; primary_title_google_fonts=&#8220;font_family:Montserrat%3Aregular%2C700|font_style:400%20regular%3A400%3Anormal&#8220; hover_title=&#8220;DEVELOPMENT PHASE&#8220; hover_title_font_container=&#8220;color:%23ffffff&#8220; hover_title_use_theme_fonts=&#8220;yes&#8220; shape=&#8220;square&#8220; hover_background_color=&#8220;custom&#8220; use_custom_fonts_primary_title=&#8220;true&#8220; use_custom_fonts_hover_title=&#8220;true&#8220; hover_custom_background=&#8220;#154ea1&#8243;][\/vc_hoverbox][vc_column_text css=&#8220;.vc_custom_1550513049938{margin-top: 30px !important;}&#8220;]<span style=\"color: #000000;\">\u00b7 Entwicklung des Produkts aufgrund der Spezifikationen des Kunden.<\/span><br \/>\n<span style=\"color: #000000;\">\u00b7 Qualit\u00e4tspr\u00fcfung in der Firma selbst.<\/span><br \/>\n<span style=\"color: #000000;\">\u00b7 Zusammenarbeit mit Herstellern von F\u00f6rder- und Ziehmaschinen Forschung und Entwicklung im.<\/span><br \/>\n<span style=\"color: #000000;\">\u00b7 Produktionsprozess.<\/span><br \/>\n<span style=\"color: #000000;\">\u00b7 Technische Beratung.<\/span><br \/>\n<span style=\"color: #000000;\">\u00b7 Laboranalysen.<\/span>[\/vc_column_text][\/vc_column_inner][vc_column_inner width=&#8220;1\/3&#8243;][vc_hoverbox image=&#8220;1148&#8243; primary_title=&#8220;PRODUKTIONSPHASE&#8220; primary_title_font_container=&#8220;color:%23ffffff&#8220; primary_title_google_fonts=&#8220;font_family:Montserrat%3Aregular%2C700|font_style:400%20regular%3A400%3Anormal&#8220; hover_title=&#8220;PRODUCTION MANAGEMENT PHASE&#8220; hover_title_font_container=&#8220;color:%23ffffff&#8220; hover_title_use_theme_fonts=&#8220;yes&#8220; shape=&#8220;square&#8220; hover_background_color=&#8220;custom&#8220; use_custom_fonts_primary_title=&#8220;true&#8220; use_custom_fonts_hover_title=&#8220;true&#8220; hover_custom_background=&#8220;#154ea1&#8243;][\/vc_hoverbox][vc_column_text css=&#8220;.vc_custom_1550513078109{margin-top: 30px !important;}&#8220;]<span style=\"color: #000000;\">\u00b7 Planung des Produktionsprozesses und dessen \u00dcberwachung.<\/span><br \/>\n<span style=\"color: #000000;\">\u00b7 Ausf\u00fchrung des R\u00fcckverfolgbarkeitsprozesses.<\/span><br \/>\n<span style=\"color: #000000;\">\u00b7 \u00dcberwachung des Prozesses der Qualit\u00e4tskontrolle.<\/span><br \/>\n<span style=\"color: #000000;\">\u00b7 Zertifizierungsprozess ISO 9001-2000.<\/span><br \/>\n<span style=\"color: #000000;\">\u00b7 Ausf\u00fchrung der logistischen Prozesse.<\/span><br \/>\n<span style=\"color: #000000;\">\u00b7 R\u00fcckmeldungskapazit\u00e4t.<\/span><br \/>\n<span style=\"color: #000000;\">\u00b7 Fehlermeldung in Direktzeit.<\/span>[\/vc_column_text][\/vc_column_inner][vc_column_inner width=&#8220;1\/3&#8243;][vc_hoverbox image=&#8220;1149&#8243; primary_title=&#8220;KUNDENDIENST&#8220; primary_title_font_container=&#8220;color:%23ffffff&#8220; primary_title_google_fonts=&#8220;font_family:Montserrat%3Aregular%2C700|font_style:400%20regular%3A400%3Anormal&#8220; hover_title=&#8220;AFTER-SALES PHASE&#8220; hover_title_font_container=&#8220;color:%23ffffff&#8220; hover_title_use_theme_fonts=&#8220;yes&#8220; shape=&#8220;square&#8220; hover_background_color=&#8220;custom&#8220; use_custom_fonts_primary_title=&#8220;true&#8220; use_custom_fonts_hover_title=&#8220;true&#8220; hover_custom_background=&#8220;#154ea1&#8243;][\/vc_hoverbox][vc_column_text css=&#8220;.vc_custom_1550513106107{margin-top: 30px !important;}&#8220;]<span style=\"color: #000000;\">\u00b7 Kundenzufriedenheits-Benchmarking.<\/span><br \/>\n<span style=\"color: #000000;\">\u00b7 Ausf\u00fchrung von Materialanalysen und L\u00f6sungsfindung bei Problemf\u00e4llen.<\/span><br \/>\n<span style=\"color: #000000;\">\u00b7 Orientierung und Unterst\u00fctzung der Kunden \u00fcber die Marktentwicklung.<\/span>[\/vc_column_text][\/vc_column_inner][\/vc_row_inner][\/vc_column][\/vc_row]<\/p>\n","protected":false},"excerpt":{"rendered":"<p>[vc_row bg_type=&#8220;bg_color&#8220; bg_override=&#8220;ex-full&#8220; bg_color_value=&#8220;#ffffff&#8220; css=&#8220;.vc_custom_1523466969986{padding-top: 50px !important;padding-bottom: 50px !important;}&#8220;][vc_column][vc_column_text] GABARR\u00d3 LEISTUNGSANGEBOT [\/vc_column_text][vc_separator][vc_column_text] Unser zus\u00e4tzliches Leistungsangebot hat zum Ziel, unsere Kunden w\u00e4hrend dem gesamten Lebenszyklus ihrer Projekte zu begleiten. Zu diesem Zweck stellen wir bei Gabarr\u00f3 Ressourcen und Kapazit\u00e4t zur Verf\u00fcgung, um unseren Kunden vom eigentlichen Projektdesign bis zur Auslieferung des Produkts und im Nachhinein zu&hellip;<\/p>\n","protected":false},"author":1,"featured_media":0,"parent":0,"menu_order":0,"comment_status":"closed","ping_status":"closed","template":"","meta":{"footnotes":""},"aioseo_notices":[],"_links":{"self":[{"href":"https:\/\/gabarro.eu\/de\/wp-json\/wp\/v2\/pages\/1505"}],"collection":[{"href":"https:\/\/gabarro.eu\/de\/wp-json\/wp\/v2\/pages"}],"about":[{"href":"https:\/\/gabarro.eu\/de\/wp-json\/wp\/v2\/types\/page"}],"author":[{"embeddable":true,"href":"https:\/\/gabarro.eu\/de\/wp-json\/wp\/v2\/users\/1"}],"replies":[{"embeddable":true,"href":"https:\/\/gabarro.eu\/de\/wp-json\/wp\/v2\/comments?post=1505"}],"version-history":[{"count":2,"href":"https:\/\/gabarro.eu\/de\/wp-json\/wp\/v2\/pages\/1505\/revisions"}],"predecessor-version":[{"id":1514,"href":"https:\/\/gabarro.eu\/de\/wp-json\/wp\/v2\/pages\/1505\/revisions\/1514"}],"wp:attachment":[{"href":"https:\/\/gabarro.eu\/de\/wp-json\/wp\/v2\/media?parent=1505"}],"curies":[{"name":"wp","href":"https:\/\/api.w.org\/{rel}","templated":true}]}}