{"id":1418,"date":"2018-04-07T22:23:46","date_gmt":"2018-04-07T22:23:46","guid":{"rendered":"http:\/\/gabarro.eu\/g-bright\/"},"modified":"2021-05-25T08:49:45","modified_gmt":"2021-05-25T08:49:45","slug":"g-bright","status":"publish","type":"page","link":"https:\/\/gabarro.eu\/de\/g-bright\/","title":{"rendered":"G-BRIGHT"},"content":{"rendered":"<p>[vc_row bg_type=&#8220;bg_color&#8220; bg_override=&#8220;ex-full&#8220; bg_color_value=&#8220;#ffffff&#8220;][vc_column width=&#8220;1\/2&#8243; css=&#8220;.vc_custom_1523140032403{padding-top: 75px !important;}&#8220;][vc_single_image image=&#8220;816&#8243; img_size=&#8220;400&#215;106&#8243;][vc_separator][vc_column_text]<\/p>\n<h1 style=\"text-align: left;\"><span style=\"color: #f39200;\">G-BRIGHT BLANKER\u00a0STAHLDRAHT<\/span><\/h1>\n<p style=\"text-align: left;\">Unser hochqualitativer Blankdraht findet in vielen Industriebereichen Anwendung und ist f\u00fcr Schwei\u00dfen und CNC-Maschinen geeignet. Die Oberfl\u00e4che ist f\u00fcr Veredelungen wie Verchromung, Kunststoffbeschichten, Verzinken, pulverbeschichten angepasst.<\/p>\n<p>[\/vc_column_text][\/vc_column][vc_column width=&#8220;1\/2&#8243;][vc_single_image image=&#8220;1020&#8243; img_size=&#8220;full&#8220; alignment=&#8220;center&#8220;][\/vc_column][\/vc_row][vc_row bg_type=&#8220;bg_color&#8220; bg_override=&#8220;ex-full&#8220; seperator_enable=&#8220;seperator_enable_value&#8220; seperator_type=&#8220;triangle_svg_seperator&#8220; seperator_shape_background=&#8220;#f39200&#8243; bg_color_value=&#8220;#f39200&#8243;][vc_column][\/vc_column][\/vc_row][vc_row bg_type=&#8220;image&#8220; parallax_style=&#8220;vcpb-default&#8220; bg_image_new=&#8220;id^814|url^http:\/\/gabarro.eu\/wp-content\/uploads\/2018\/04\/brillant.jpg|caption^null|alt^null|title^brillant|description^null&#8220; bg_override=&#8220;ex-full&#8220; css=&#8220;.vc_custom_1523192797738{padding-top: 75px !important;padding-bottom: 75px !important;}&#8220;][vc_column][\/vc_column][\/vc_row][vc_row bg_type=&#8220;bg_color&#8220; bg_override=&#8220;ex-full&#8220; bg_color_value=&#8220;#ffffff&#8220;][vc_column width=&#8220;1\/4&#8243; css=&#8220;.vc_custom_1523140114651{background-color: #ededed !important;}&#8220;][vc_column_text]<\/p>\n<h2><span style=\"color: #f39200;\">EINSATZBEREICHE<\/span><\/h2>\n<p>[\/vc_column_text][vc_separator color=&#8220;custom&#8220; accent_color=&#8220;#f39200&#8243;]<div class=\"smile_icon_list_wrap ult_info_list_container ult-adjust-bottom-margin  \"><ul class=\"smile_icon_list left square with_bg\"><li class=\"icon_list_item\" style=\" font-size:54px;\"><div class=\"icon_list_icon\" data-animation=\"\" data-animation-delay=\"03\" style=\"font-size:18px;border-width:1px;border-style:none;background:#f39200;color:#ffffff;border-color:#333333;\"><i class=\"icomoon-fontawesome-16x16-car\" ><\/i><\/div><div class=\"icon_description\" id=\"Info-list-wrap-2279\" style=\"font-size:18px;\"><h3 class=\"ult-responsive info-list-heading\"  data-ultimate-target='#Info-list-wrap-2279 h3'  data-responsive-json-new='{\"font-size\":\"desktop:16px;\",\"line-height\":\"desktop:24px;\"}'  style=\"\">Automotive<\/h3><div class=\"icon_description_text ult-responsive\"  data-ultimate-target='#Info-list-wrap-2279 .icon_description_text'  data-responsive-json-new='{\"font-size\":\"desktop:13px;\",\"line-height\":\"desktop:18px;\"}'  style=\"\"><\/div><\/div><div class=\"icon_list_connector\"  style=\"border: none !important;\"><\/div><\/li><li class=\"icon_list_item\" style=\" font-size:54px;\"><div class=\"icon_list_icon\" data-animation=\"\" data-animation-delay=\"03\" style=\"font-size:18px;border-width:1px;border-style:none;background:#f39200;color:#ffffff;border-color:#333333;\"><i class=\"icomoon-fontawesome-16x16-home\" ><\/i><\/div><div class=\"icon_description\" id=\"Info-list-wrap-2682\" style=\"font-size:18px;\"><h3 class=\"ult-responsive info-list-heading\"  data-ultimate-target='#Info-list-wrap-2682 h3'  data-responsive-json-new='{\"font-size\":\"desktop:16px;\",\"line-height\":\"desktop:24px;\"}'  style=\"\">Hausger\u00e4te<\/h3><div class=\"icon_description_text ult-responsive\"  data-ultimate-target='#Info-list-wrap-2682 .icon_description_text'  data-responsive-json-new='{\"font-size\":\"desktop:13px;\",\"line-height\":\"desktop:18px;\"}'  style=\"\"><\/div><\/div><div class=\"icon_list_connector\"  style=\"border: none !important;\"><\/div><\/li><li class=\"icon_list_item\" style=\" font-size:54px;\"><div class=\"icon_list_icon\" data-animation=\"\" data-animation-delay=\"03\" style=\"font-size:18px;border-width:1px;border-style:none;background:#f39200;color:#ffffff;border-color:#333333;\"><i class=\"Defaults-road\" ><\/i><\/div><div class=\"icon_description\" id=\"Info-list-wrap-7683\" style=\"font-size:18px;\"><h3 class=\"ult-responsive info-list-heading\"  data-ultimate-target='#Info-list-wrap-7683 h3'  data-responsive-json-new='{\"font-size\":\"desktop:16px;\",\"line-height\":\"desktop:24px;\"}'  style=\"\">Kabeltr\u00e4ger\/gitter<\/h3><div class=\"icon_description_text ult-responsive\"  data-ultimate-target='#Info-list-wrap-7683 .icon_description_text'  data-responsive-json-new='{\"font-size\":\"desktop:13px;\",\"line-height\":\"desktop:18px;\"}'  style=\"\"><\/div><\/div><div class=\"icon_list_connector\"  style=\"border: none !important;\"><\/div><\/li><li class=\"icon_list_item\" style=\" font-size:54px;\"><div class=\"icon_list_icon\" data-animation=\"\" data-animation-delay=\"03\" style=\"font-size:18px;border-width:1px;border-style:none;background:#f39200;color:#ffffff;border-color:#333333;\"><i class=\"Defaults-shopping-cart\" ><\/i><\/div><div class=\"icon_description\" id=\"Info-list-wrap-1457\" style=\"font-size:18px;\"><h3 class=\"ult-responsive info-list-heading\"  data-ultimate-target='#Info-list-wrap-1457 h3'  data-responsive-json-new='{\"font-size\":\"desktop:16px;\",\"line-height\":\"desktop:24px;\"}'  style=\"\">Superm\u00e4rkte<\/h3><div class=\"icon_description_text ult-responsive\"  data-ultimate-target='#Info-list-wrap-1457 .icon_description_text'  data-responsive-json-new='{\"font-size\":\"desktop:13px;\",\"line-height\":\"desktop:18px;\"}'  style=\"\"><\/div><\/div><div class=\"icon_list_connector\"  style=\"border: none !important;\"><\/div><\/li><li class=\"icon_list_item\" style=\" font-size:54px;\"><div class=\"icon_list_icon\" data-animation=\"\" data-animation-delay=\"03\" style=\"font-size:18px;border-width:1px;border-style:none;background:#f39200;color:#ffffff;border-color:#333333;\"><i class=\"Defaults-power-off\" ><\/i><\/div><div class=\"icon_description\" id=\"Info-list-wrap-8220\" style=\"font-size:18px;\"><h3 class=\"ult-responsive info-list-heading\"  data-ultimate-target='#Info-list-wrap-8220 h3'  data-responsive-json-new='{\"font-size\":\"desktop:16px;\",\"line-height\":\"desktop:24px;\"}'  style=\"\">PSM\/PSP<\/h3><div class=\"icon_description_text ult-responsive\"  data-ultimate-target='#Info-list-wrap-8220 .icon_description_text'  data-responsive-json-new='{\"font-size\":\"desktop:13px;\",\"line-height\":\"desktop:18px;\"}'  style=\"\"><\/div><\/div><div class=\"icon_list_connector\"  style=\"border: none !important;\"><\/div><\/li><li class=\"icon_list_item\" style=\" font-size:54px;\"><div class=\"icon_list_icon\" data-animation=\"\" data-animation-delay=\"03\" style=\"font-size:18px;border-width:1px;border-style:none;background:#f39200;color:#ffffff;border-color:#333333;\"><i class=\"Defaults-inbox\" ><\/i><\/div><div class=\"icon_description\" id=\"Info-list-wrap-3753\" style=\"font-size:18px;\"><h3 class=\"ult-responsive info-list-heading\"  data-ultimate-target='#Info-list-wrap-3753 h3'  data-responsive-json-new='{\"font-size\":\"desktop:16px;\",\"line-height\":\"desktop:24px;\"}'  style=\"\">M\u00f6bel<\/h3><div class=\"icon_description_text ult-responsive\"  data-ultimate-target='#Info-list-wrap-3753 .icon_description_text'  data-responsive-json-new='{\"font-size\":\"desktop:13px;\",\"line-height\":\"desktop:18px;\"}'  style=\"\"><\/div><\/div><div class=\"icon_list_connector\"  style=\"border: none !important;\"><\/div><\/li><\/ul><\/div>[\/vc_column][vc_column width=&#8220;1\/2&#8243; css=&#8220;.vc_custom_1523194280253{background-color: #f7f7f7 !important;}&#8220;][vc_column_text]<\/p>\n<h2><span style=\"color: #f39200;\">TECHNISCHE INFO<\/span><\/h2>\n<p>[\/vc_column_text][vc_separator color=&#8220;custom&#8220; accent_color=&#8220;#f7be68&#8243;][vc_tta_tabs style=&#8220;flat&#8220; shape=&#8220;square&#8220; color=&#8220;orange&#8220; active_section=&#8220;1&#8243; no_fill_content_area=&#8220;true&#8220;][vc_tta_section i_icon_fontawesome=&#8220;fa fa-picture-o&#8220; add_icon=&#8220;true&#8220; title=&#8220;Gallerie&#8220; tab_id=&#8220;images&#8220;][vc_column_text]<\/p>\n\n\t\t\t<style type='text\/css'>\n\t\t\t\t#gallery-1 {\n\t\t\t\t\tmargin: auto;\n\t\t\t\t}\n\t\t\t\t#gallery-1 .gallery-item {\n\t\t\t\t\tfloat: left;\n\t\t\t\t\tmargin-top: 10px;\n\t\t\t\t\ttext-align: center;\n\t\t\t\t\twidth: 33%;\n\t\t\t\t}\n\t\t\t\t#gallery-1 img {\n\t\t\t\t\tborder: 2px solid #cfcfcf;\n\t\t\t\t}\n\t\t\t\t#gallery-1 .gallery-caption {\n\t\t\t\t\tmargin-left: 0;\n\t\t\t\t}\n\t\t\t\t\/* see gallery_shortcode() in wp-includes\/media.php *\/\n\t\t\t<\/style>\n\t\t<div id='gallery-1' class='dt-gallery-container gallery galleryid-1418 gallery-columns-3 gallery-size-thumbnail'><dl class='gallery-item'>\n\t\t\t\t<dt class='gallery-icon landscape'>\n\t\t\t\t\t<a class=\"rollover rollover-zoom dt-pswp-item\" title=\"Gabarr\u00f3 drawn wire\" data-dt-img-description=\"\" data-large_image_width=\"900\" data-large_image_height=\"675\"href='https:\/\/gabarro.eu\/wp-content\/uploads\/2018\/04\/1.jpg'><img width=\"150\" height=\"150\" src=\"https:\/\/gabarro.eu\/wp-content\/uploads\/2018\/04\/1-150x150.jpg\" class=\"attachment-thumbnail size-thumbnail\" alt=\"\" decoding=\"async\" loading=\"lazy\" srcset=\"https:\/\/gabarro.eu\/wp-content\/uploads\/2018\/04\/1-150x150.jpg 150w, https:\/\/gabarro.eu\/wp-content\/uploads\/2018\/04\/1-300x300.jpg 300w, https:\/\/gabarro.eu\/wp-content\/uploads\/2018\/04\/1-100x100.jpg 100w\" sizes=\"(max-width: 150px) 100vw, 150px\" \/><\/a>\n\t\t\t\t<\/dt><\/dl><dl class='gallery-item'>\n\t\t\t\t<dt class='gallery-icon landscape'>\n\t\t\t\t\t<a class=\"rollover rollover-zoom dt-pswp-item\" title=\"Gabarr\u00f3 drawn wire\" data-dt-img-description=\"\" data-large_image_width=\"900\" data-large_image_height=\"600\"href='https:\/\/gabarro.eu\/wp-content\/uploads\/2018\/04\/5.jpg'><img width=\"150\" height=\"150\" src=\"https:\/\/gabarro.eu\/wp-content\/uploads\/2018\/04\/5-150x150.jpg\" class=\"attachment-thumbnail size-thumbnail\" alt=\"\" decoding=\"async\" loading=\"lazy\" srcset=\"https:\/\/gabarro.eu\/wp-content\/uploads\/2018\/04\/5-150x150.jpg 150w, https:\/\/gabarro.eu\/wp-content\/uploads\/2018\/04\/5-300x300.jpg 300w, https:\/\/gabarro.eu\/wp-content\/uploads\/2018\/04\/5-100x100.jpg 100w\" sizes=\"(max-width: 150px) 100vw, 150px\" \/><\/a>\n\t\t\t\t<\/dt><\/dl><dl class='gallery-item'>\n\t\t\t\t<dt class='gallery-icon landscape'>\n\t\t\t\t\t<a class=\"rollover rollover-zoom dt-pswp-item\" title=\"Gabarr\u00f3 drawn wire\" data-dt-img-description=\"\" data-large_image_width=\"900\" data-large_image_height=\"600\"href='https:\/\/gabarro.eu\/wp-content\/uploads\/2018\/04\/6.jpg'><img width=\"150\" height=\"150\" src=\"https:\/\/gabarro.eu\/wp-content\/uploads\/2018\/04\/6-150x150.jpg\" class=\"attachment-thumbnail size-thumbnail\" alt=\"\" decoding=\"async\" loading=\"lazy\" srcset=\"https:\/\/gabarro.eu\/wp-content\/uploads\/2018\/04\/6-150x150.jpg 150w, https:\/\/gabarro.eu\/wp-content\/uploads\/2018\/04\/6-300x300.jpg 300w, https:\/\/gabarro.eu\/wp-content\/uploads\/2018\/04\/6-100x100.jpg 100w\" sizes=\"(max-width: 150px) 100vw, 150px\" \/><\/a>\n\t\t\t\t<\/dt><\/dl><br style=\"clear: both\" \/><dl class='gallery-item'>\n\t\t\t\t<dt class='gallery-icon landscape'>\n\t\t\t\t\t<a class=\"rollover rollover-zoom dt-pswp-item\" title=\"alambro\" data-dt-img-description=\"\" data-large_image_width=\"900\" data-large_image_height=\"727\"href='https:\/\/gabarro.eu\/wp-content\/uploads\/2018\/06\/alambro.jpg'><img width=\"150\" height=\"150\" src=\"https:\/\/gabarro.eu\/wp-content\/uploads\/2018\/06\/alambro-150x150.jpg\" class=\"attachment-thumbnail size-thumbnail\" alt=\"\" decoding=\"async\" loading=\"lazy\" srcset=\"https:\/\/gabarro.eu\/wp-content\/uploads\/2018\/06\/alambro-150x150.jpg 150w, https:\/\/gabarro.eu\/wp-content\/uploads\/2018\/06\/alambro-300x300.jpg 300w, https:\/\/gabarro.eu\/wp-content\/uploads\/2018\/06\/alambro-100x100.jpg 100w\" sizes=\"(max-width: 150px) 100vw, 150px\" \/><\/a>\n\t\t\t\t<\/dt><\/dl><dl class='gallery-item'>\n\t\t\t\t<dt class='gallery-icon landscape'>\n\t\t\t\t\t<a class=\"rollover rollover-zoom dt-pswp-item\" title=\"maq\" data-dt-img-description=\"\" data-large_image_width=\"580\" data-large_image_height=\"485\"href='https:\/\/gabarro.eu\/wp-content\/uploads\/2018\/06\/maq.jpg'><img width=\"150\" height=\"150\" src=\"https:\/\/gabarro.eu\/wp-content\/uploads\/2018\/06\/maq-150x150.jpg\" class=\"attachment-thumbnail size-thumbnail\" alt=\"\" decoding=\"async\" loading=\"lazy\" srcset=\"https:\/\/gabarro.eu\/wp-content\/uploads\/2018\/06\/maq-150x150.jpg 150w, https:\/\/gabarro.eu\/wp-content\/uploads\/2018\/06\/maq-300x300.jpg 300w, https:\/\/gabarro.eu\/wp-content\/uploads\/2018\/06\/maq-100x100.jpg 100w\" sizes=\"(max-width: 150px) 100vw, 150px\" \/><\/a>\n\t\t\t\t<\/dt><\/dl><dl class='gallery-item'>\n\t\t\t\t<dt class='gallery-icon landscape'>\n\t\t\t\t\t<a class=\"rollover rollover-zoom dt-pswp-item\" title=\"numaliance\" data-dt-img-description=\"\" data-large_image_width=\"1280\" data-large_image_height=\"853\"href='https:\/\/gabarro.eu\/wp-content\/uploads\/2018\/07\/numaliance.jpg'><img width=\"150\" height=\"150\" src=\"https:\/\/gabarro.eu\/wp-content\/uploads\/2018\/07\/numaliance-150x150.jpg\" class=\"attachment-thumbnail size-thumbnail\" alt=\"\" decoding=\"async\" loading=\"lazy\" srcset=\"https:\/\/gabarro.eu\/wp-content\/uploads\/2018\/07\/numaliance-150x150.jpg 150w, https:\/\/gabarro.eu\/wp-content\/uploads\/2018\/07\/numaliance-300x300.jpg 300w, https:\/\/gabarro.eu\/wp-content\/uploads\/2018\/07\/numaliance-100x100.jpg 100w\" sizes=\"(max-width: 150px) 100vw, 150px\" \/><\/a>\n\t\t\t\t<\/dt><\/dl><br style=\"clear: both\" \/><dl class='gallery-item'>\n\t\t\t\t<dt class='gallery-icon portrait'>\n\t\t\t\t\t<a class=\"rollover rollover-zoom dt-pswp-item\" title=\"bastidor\" data-dt-img-description=\"\" data-large_image_width=\"600\" data-large_image_height=\"635\"href='https:\/\/gabarro.eu\/wp-content\/uploads\/2018\/07\/bastidor.jpg'><img width=\"150\" height=\"150\" src=\"https:\/\/gabarro.eu\/wp-content\/uploads\/2018\/07\/bastidor-150x150.jpg\" class=\"attachment-thumbnail size-thumbnail\" alt=\"\" decoding=\"async\" loading=\"lazy\" srcset=\"https:\/\/gabarro.eu\/wp-content\/uploads\/2018\/07\/bastidor-150x150.jpg 150w, https:\/\/gabarro.eu\/wp-content\/uploads\/2018\/07\/bastidor-300x300.jpg 300w, https:\/\/gabarro.eu\/wp-content\/uploads\/2018\/07\/bastidor-100x100.jpg 100w\" sizes=\"(max-width: 150px) 100vw, 150px\" \/><\/a>\n\t\t\t\t<\/dt><\/dl><dl class='gallery-item'>\n\t\t\t\t<dt class='gallery-icon landscape'>\n\t\t\t\t\t<a class=\"rollover rollover-zoom dt-pswp-item\" title=\"Troax MHL Caelum UX 450 Panel black back\" data-dt-img-description=\"\" data-large_image_width=\"829\" data-large_image_height=\"553\"href='https:\/\/gabarro.eu\/wp-content\/uploads\/2018\/06\/Troax-MHL-Caelum-UX-450-Panel-black-back.jpg'><img width=\"150\" height=\"150\" src=\"https:\/\/gabarro.eu\/wp-content\/uploads\/2018\/06\/Troax-MHL-Caelum-UX-450-Panel-black-back-150x150.jpg\" class=\"attachment-thumbnail size-thumbnail\" alt=\"\" decoding=\"async\" loading=\"lazy\" srcset=\"https:\/\/gabarro.eu\/wp-content\/uploads\/2018\/06\/Troax-MHL-Caelum-UX-450-Panel-black-back-150x150.jpg 150w, https:\/\/gabarro.eu\/wp-content\/uploads\/2018\/06\/Troax-MHL-Caelum-UX-450-Panel-black-back-300x300.jpg 300w, https:\/\/gabarro.eu\/wp-content\/uploads\/2018\/06\/Troax-MHL-Caelum-UX-450-Panel-black-back-100x100.jpg 100w\" sizes=\"(max-width: 150px) 100vw, 150px\" \/><\/a>\n\t\t\t\t<\/dt><\/dl>\n\t\t\t\t<br style='clear: both' \/>\n\t\t\t<\/div>\n\n<p>[\/vc_column_text][\/vc_tta_section][vc_tta_section i_icon_fontawesome=&#8220;fa fa-file-text-o&#8220; add_icon=&#8220;true&#8220; title=&#8220;Unterlagen&#8220; tab_id=&#8220;doc&#8220;][vc_btn title=&#8220;Technisches datenblatt&#8220; style=&#8220;3d&#8220; shape=&#8220;square&#8220; color=&#8220;black&#8220; size=&#8220;lg&#8220; align=&#8220;left&#8220; link=&#8220;url:http%3A%2F%2Fgabarro.eu%2Fdocs-products%2FGABARRO-GBRIGHT-DE-Blanker-Draht.pdf|target:_blank&#8220; css=&#8220;.vc_custom_1621932573160{padding-top: 25px !important;padding-right: 25px !important;padding-bottom: 25px !important;padding-left: 25px !important;}&#8220;][\/vc_tta_section][\/vc_tta_tabs][\/vc_column][vc_column width=&#8220;1\/4&#8243; css=&#8220;.vc_custom_1523219035997{background-color: #ededed !important;}&#8220;][vc_column_text]<\/p>\n<h2><span style=\"color: #f39200;\">MEHR<\/span><\/h2>\n<p>[\/vc_column_text][vc_separator color=&#8220;custom&#8220; accent_color=&#8220;#f7be68&#8243;][vc_column_text]W\u00fcnschen Sie Kontaktaufnahme unsererseits? Bitte geben Sie Ihre Daten ein. Wir werden Sie so schnell wie m\u00f6glich kontaktieren.[\/vc_column_text]<div role=\"form\" class=\"wpcf7\" id=\"wpcf7-f1390-o1\" lang=\"en-US\" dir=\"ltr\">\n<div class=\"screen-reader-response\"><p role=\"status\" aria-live=\"polite\" aria-atomic=\"true\"><\/p> <ul><\/ul><\/div>\n<form action=\"\/de\/wp-json\/wp\/v2\/pages\/1418#wpcf7-f1390-o1\" method=\"post\" class=\"wpcf7-form init\" novalidate=\"novalidate\" data-status=\"init\">\n<div style=\"display: none;\">\n<input type=\"hidden\" name=\"_wpcf7\" value=\"1390\" \/>\n<input type=\"hidden\" name=\"_wpcf7_version\" value=\"5.4.1\" \/>\n<input type=\"hidden\" name=\"_wpcf7_locale\" value=\"en_US\" \/>\n<input type=\"hidden\" name=\"_wpcf7_unit_tag\" value=\"wpcf7-f1390-o1\" \/>\n<input type=\"hidden\" name=\"_wpcf7_container_post\" value=\"0\" \/>\n<input type=\"hidden\" name=\"_wpcf7_posted_data_hash\" value=\"\" \/>\n<input type=\"hidden\" name=\"_wpcf7_recaptcha_response\" value=\"\" \/>\n<\/div>\n<p>\n    <span class=\"wpcf7-form-control-wrap your-name\"><input type=\"text\" name=\"your-name\" value=\"\" size=\"40\" class=\"wpcf7-form-control wpcf7-text wpcf7-validates-as-required\" aria-required=\"true\" aria-invalid=\"false\" placeholder=\"VORNAME*\" \/><\/span> <\/p>\n<p>\n    <span class=\"wpcf7-form-control-wrap your-email\"><input type=\"email\" name=\"your-email\" value=\"\" size=\"40\" class=\"wpcf7-form-control wpcf7-text wpcf7-email wpcf7-validates-as-required wpcf7-validates-as-email\" aria-required=\"true\" aria-invalid=\"false\" placeholder=\"EMAIL ADRESSE*\" \/><\/span> <\/p>\n<p>\n    <span class=\"wpcf7-form-control-wrap your-company\"><input type=\"text\" name=\"your-company\" value=\"\" size=\"40\" class=\"wpcf7-form-control wpcf7-text\" aria-invalid=\"false\" placeholder=\"UNTERNEHMEN*\" \/><\/span> <\/p>\n<p>\n    <span class=\"wpcf7-form-control-wrap your-country\"><input type=\"text\" name=\"your-country\" value=\"\" size=\"40\" class=\"wpcf7-form-control wpcf7-text wpcf7-validates-as-required\" aria-required=\"true\" aria-invalid=\"false\" placeholder=\"ZIELLAND PRODUKT*\" \/><\/span> <\/p>\n<p>\n    <span class=\"wpcf7-form-control-wrap phone\"><input type=\"text\" name=\"phone\" value=\"\" size=\"40\" class=\"wpcf7-form-control wpcf7-text wpcf7-validates-as-required\" aria-required=\"true\" aria-invalid=\"false\" placeholder=\"TELEFON*\" \/><\/span> <\/p>\n<p>\n    <span class=\"wpcf7-form-control-wrap your-message\"><textarea name=\"your-message\" cols=\"40\" rows=\"9\" class=\"wpcf7-form-control wpcf7-textarea\" aria-invalid=\"false\" placeholder=\"KOMMENTAR\"><\/textarea><\/span> <\/p>\n<p> <span class=\"wpcf7-form-control-wrap acceptance-542\"><span class=\"wpcf7-form-control wpcf7-acceptance\"><span class=\"wpcf7-list-item\"><input type=\"checkbox\" name=\"acceptance-542\" value=\"1\" aria-invalid=\"false\" \/><\/span><\/span><\/span> <span style=\"font-size:13px; font-weight:normal!important;\">Ich habe die <a href=\"http:\/\/gabarro.eu\/de\/datenschutzrichtlinien\/\" target=\"_blank\">Datenschutzrichtlinien<\/a> gelesenund akzeptiere diese.<\/span><\/p>\n<p style=\"font-weight:normal!important;font-size:13px\"> <span class=\"wpcf7-form-control-wrap checkbox-48\"><span class=\"wpcf7-form-control wpcf7-checkbox\"><span class=\"wpcf7-list-item first last\"><input type=\"checkbox\" name=\"checkbox-48[]\" value=\"Ja\" \/><span class=\"wpcf7-list-item-label\">Ja<\/span><\/span><\/span><\/span> <span style=\"font-weight:normal!important;font-size:13px\">, indem ich dieses K\u00e4stchen ankreuze, akzeptiere ich die Bedingungen f\u00fcr den Versand von kommerzieller Kommunikation. Weitere Informationen zur Geheimhaltung\/zum Datenschutz  bei der Verarbeitung pers\u00f6nlicher Daten erhalten Sie <a href=\"http:\/\/gabarro.eu\/de\/datenschutzrichtlinien\/\" target=\"_blank\">hier<\/a><\/span><\/p>\n<p><input type=\"submit\" value=\"SENDEN\" class=\"wpcf7-form-control wpcf7-submit\" \/><\/p>\n<p style=\"display: none !important;\" class=\"akismet-fields-container\" data-prefix=\"_wpcf7_ak_\"><label>&#916;<textarea name=\"_wpcf7_ak_hp_textarea\" cols=\"45\" rows=\"8\" maxlength=\"100\"><\/textarea><\/label><input type=\"hidden\" id=\"ak_js_1\" name=\"_wpcf7_ak_js\" value=\"75\"\/><script>document.getElementById( \"ak_js_1\" ).setAttribute( \"value\", ( new Date() ).getTime() );<\/script><\/p><input type='hidden' class='wpcf7-pum' value='{\"closepopup\":false,\"closedelay\":0,\"openpopup\":false,\"openpopup_id\":0}' \/><div class=\"wpcf7-response-output\" aria-hidden=\"true\"><\/div><\/form><\/div>[\/vc_column][\/vc_row]<\/p>\n","protected":false},"excerpt":{"rendered":"<p>[vc_row bg_type=&#8220;bg_color&#8220; bg_override=&#8220;ex-full&#8220; bg_color_value=&#8220;#ffffff&#8220;][vc_column width=&#8220;1\/2&#8243; css=&#8220;.vc_custom_1523140032403{padding-top: 75px !important;}&#8220;][vc_single_image image=&#8220;816&#8243; img_size=&#8220;400&#215;106&#8243;][vc_separator][vc_column_text] G-BRIGHT BLANKER\u00a0STAHLDRAHT Unser hochqualitativer Blankdraht findet in vielen Industriebereichen Anwendung und ist f\u00fcr Schwei\u00dfen und CNC-Maschinen geeignet. Die Oberfl\u00e4che ist f\u00fcr Veredelungen wie Verchromung, Kunststoffbeschichten, Verzinken, pulverbeschichten angepasst. [\/vc_column_text][\/vc_column][vc_column width=&#8220;1\/2&#8243;][vc_single_image image=&#8220;1020&#8243; img_size=&#8220;full&#8220; alignment=&#8220;center&#8220;][\/vc_column][\/vc_row][vc_row bg_type=&#8220;bg_color&#8220; bg_override=&#8220;ex-full&#8220; seperator_enable=&#8220;seperator_enable_value&#8220; seperator_type=&#8220;triangle_svg_seperator&#8220; seperator_shape_background=&#8220;#f39200&#8243; bg_color_value=&#8220;#f39200&#8243;][vc_column][\/vc_column][\/vc_row][vc_row bg_type=&#8220;image&#8220; parallax_style=&#8220;vcpb-default&#8220; bg_image_new=&#8220;id^814|url^http:\/\/gabarro.eu\/wp-content\/uploads\/2018\/04\/brillant.jpg|caption^null|alt^null|title^brillant|description^null&#8220; bg_override=&#8220;ex-full&#8220; css=&#8220;.vc_custom_1523192797738{padding-top: 75px&hellip;<\/p>\n","protected":false},"author":1,"featured_media":0,"parent":0,"menu_order":0,"comment_status":"closed","ping_status":"closed","template":"","meta":{"footnotes":""},"aioseo_notices":[],"_links":{"self":[{"href":"https:\/\/gabarro.eu\/de\/wp-json\/wp\/v2\/pages\/1418"}],"collection":[{"href":"https:\/\/gabarro.eu\/de\/wp-json\/wp\/v2\/pages"}],"about":[{"href":"https:\/\/gabarro.eu\/de\/wp-json\/wp\/v2\/types\/page"}],"author":[{"embeddable":true,"href":"https:\/\/gabarro.eu\/de\/wp-json\/wp\/v2\/users\/1"}],"replies":[{"embeddable":true,"href":"https:\/\/gabarro.eu\/de\/wp-json\/wp\/v2\/comments?post=1418"}],"version-history":[{"count":4,"href":"https:\/\/gabarro.eu\/de\/wp-json\/wp\/v2\/pages\/1418\/revisions"}],"predecessor-version":[{"id":1794,"href":"https:\/\/gabarro.eu\/de\/wp-json\/wp\/v2\/pages\/1418\/revisions\/1794"}],"wp:attachment":[{"href":"https:\/\/gabarro.eu\/de\/wp-json\/wp\/v2\/media?parent=1418"}],"curies":[{"name":"wp","href":"https:\/\/api.w.org\/{rel}","templated":true}]}}