{"id":1349,"date":"2018-04-05T14:14:41","date_gmt":"2018-04-05T14:14:41","guid":{"rendered":"http:\/\/gabarro.eu\/gabarro-today\/"},"modified":"2023-09-13T08:19:52","modified_gmt":"2023-09-13T08:19:52","slug":"gabarro-heute","status":"publish","type":"page","link":"https:\/\/gabarro.eu\/de\/gabarro-heute\/","title":{"rendered":"GABARR\u00d3 HEUTE"},"content":{"rendered":"<p>[vc_row bg_type=&#8220;bg_color&#8220; bg_override=&#8220;ex-full&#8220; bg_color_value=&#8220;#ffffff&#8220; css=&#8220;.vc_custom_1522952131290{padding-top: 50px !important;padding-bottom: 50px !important;}&#8220;][vc_column][vc_column_text]<\/p>\n<h1 style=\"text-align: center;\"><span style=\"color: #154ea1;\">GABARR\u00d3 HEUTE<\/span><\/h1>\n<p>[\/vc_column_text][vc_separator][vc_column_text]<\/p>\n<h4 style=\"text-align: center;\"><span style=\"color: #154ea1;\">Gabarr\u00f3 ist heute eine Referenz in Europa und eines der f\u00fchrenden Unternehmen im Sektor. Das Solvenzniveau der Firma ist hoch und \u00fcbersteigt deutlich den Durchschnitt in der Branche.Unser Unternehmen ist auf dem internationalem Markt \u2013 dem Hauptgesch\u00e4ftsfeld und Wachstumsmotor von Gabarr\u00f3 &#8211; mittlerweile vollst\u00e4ndig etabliert.<\/span><\/h4>\n<h4 style=\"text-align: center;\"><span style=\"color: #154ea1;\"><br \/>\nUnsere Bereitschaft, die Chancen welche die Zukunft bereitstellt zu nutzten, wird uns erlauben, unseren Wachstumskurs auf dem nationalen und dem internationalen Markt weiter zu f\u00fchren.<br \/>\n<\/span><\/h4>\n<p>[\/vc_column_text][\/vc_column][\/vc_row][vc_row bg_type=&#8220;bg_color&#8220; bg_override=&#8220;ex-full&#8220; css=&#8220;.vc_custom_1522950046966{padding-top: 40px !important;padding-bottom: 40px !important;}&#8220; bg_color_value=&#8220;rgba(21,78,161,0.84)&#8220;][vc_column][vc_column_text]<\/p>\n<h2 style=\"text-align: center;\"><span style=\"color: #ffffff;\"><strong>Unsere zwei moderne Produktionsanlagen sind bereit die Herausforderungen der Zukunft anzugehen.<\/strong><\/span><\/h2>\n<p>[\/vc_column_text][\/vc_column][\/vc_row][vc_row bg_type=&#8220;bg_color&#8220; bg_override=&#8220;ex-full&#8220; bg_color_value=&#8220;#ffffff&#8220; css=&#8220;.vc_custom_1522952167192{padding-top: 50px !important;padding-bottom: 50px !important;}&#8220;][vc_column width=&#8220;1\/2&#8243;][vc_single_image image=&#8220;1195&#8243; img_size=&#8220;full&#8220; alignment=&#8220;center&#8220;][vc_column_text]<\/p>\n<h4 style=\"text-align: center;\"><strong><span style=\"color: #154ea1;\">Werk in Barcelona<\/span><\/strong><\/h4>\n<p style=\"text-align: center;\">Der Standort in La Pobla de Claramunt (Barcelona) wurde im 2002 eingerichtet und hat 25.000m\u00b2.<\/p>\n<p>[\/vc_column_text][\/vc_column][vc_column width=&#8220;1\/2&#8243;][vc_single_image image=&#8220;1138&#8243; img_size=&#8220;full&#8220; alignment=&#8220;center&#8220;][vc_column_text]<\/p>\n<h4 style=\"text-align: center;\"><strong><span style=\"color: #154ea1;\">Werk in Brandenburg<\/span><\/strong><\/h4>\n<p style=\"text-align: center;\">Der Standort in Brandenburg an der Havel (Deutschland) wurde im 2012 eingerichtet und hat 33.000m\u00b2.<\/p>\n<p>[\/vc_column_text][vc_single_image image=&#8220;1222&#8243; img_size=&#8220;&#8220; alignment=&#8220;center&#8220; onclick=&#8220;custom_link&#8220; img_link_target=&#8220;_blank&#8220; link=&#8220;http:\/\/gabarro.eu\/wp-content\/uploads\/2018\/10\/ILB.pdf&#8220;][\/vc_column][\/vc_row]<\/p>\n","protected":false},"excerpt":{"rendered":"<p>[vc_row bg_type=&#8220;bg_color&#8220; bg_override=&#8220;ex-full&#8220; bg_color_value=&#8220;#ffffff&#8220; css=&#8220;.vc_custom_1522952131290{padding-top: 50px !important;padding-bottom: 50px !important;}&#8220;][vc_column][vc_column_text] GABARR\u00d3 HEUTE [\/vc_column_text][vc_separator][vc_column_text] Gabarr\u00f3 ist heute eine Referenz in Europa und eines der f\u00fchrenden Unternehmen im Sektor. Das Solvenzniveau der Firma ist hoch und \u00fcbersteigt deutlich den Durchschnitt in der Branche.Unser Unternehmen ist auf dem internationalem Markt \u2013 dem Hauptgesch\u00e4ftsfeld und Wachstumsmotor von Gabarr\u00f3 &#8211; mittlerweile&hellip;<\/p>\n","protected":false},"author":1,"featured_media":0,"parent":0,"menu_order":0,"comment_status":"closed","ping_status":"closed","template":"","meta":{"footnotes":""},"aioseo_notices":[],"_links":{"self":[{"href":"https:\/\/gabarro.eu\/de\/wp-json\/wp\/v2\/pages\/1349"}],"collection":[{"href":"https:\/\/gabarro.eu\/de\/wp-json\/wp\/v2\/pages"}],"about":[{"href":"https:\/\/gabarro.eu\/de\/wp-json\/wp\/v2\/types\/page"}],"author":[{"embeddable":true,"href":"https:\/\/gabarro.eu\/de\/wp-json\/wp\/v2\/users\/1"}],"replies":[{"embeddable":true,"href":"https:\/\/gabarro.eu\/de\/wp-json\/wp\/v2\/comments?post=1349"}],"version-history":[{"count":4,"href":"https:\/\/gabarro.eu\/de\/wp-json\/wp\/v2\/pages\/1349\/revisions"}],"predecessor-version":[{"id":2922,"href":"https:\/\/gabarro.eu\/de\/wp-json\/wp\/v2\/pages\/1349\/revisions\/2922"}],"wp:attachment":[{"href":"https:\/\/gabarro.eu\/de\/wp-json\/wp\/v2\/media?parent=1349"}],"curies":[{"name":"wp","href":"https:\/\/api.w.org\/{rel}","templated":true}]}}