{"id":1317,"date":"2018-04-11T14:43:47","date_gmt":"2018-04-11T14:43:47","guid":{"rendered":"http:\/\/gabarro.eu\/the-art-of-wire-drawing\/"},"modified":"2019-02-15T09:27:09","modified_gmt":"2019-02-15T09:27:09","slug":"die-kunst-des-drahtziehens","status":"publish","type":"page","link":"https:\/\/gabarro.eu\/de\/die-kunst-des-drahtziehens\/","title":{"rendered":"THE ART OF WIRE DRAWING"},"content":{"rendered":"<p>[vc_row bg_type=&#8220;bg_color&#8220; bg_override=&#8220;ex-full&#8220; bg_color_value=&#8220;#ffffff&#8220; css=&#8220;.vc_custom_1523466969986{padding-top: 50px !important;padding-bottom: 50px !important;}&#8220;][vc_column][vc_column_text]<\/p>\n<h1 style=\"text-align: center;\"><span style=\"color: #154ea1;\">DIE KUNST DES DRAHTZIEHENS<\/span><\/h1>\n<p>[\/vc_column_text][vc_separator][vc_column_text]<\/p>\n<h4 style=\"text-align: center;\">Im Jahr 1920 beginnt Gabarr\u00f3 auf der Grundlage eigener Prinzipien Geschichte zu schreiben:<\/h4>\n<p>[\/vc_column_text][vc_row_inner][vc_column_inner width=&#8220;1\/2&#8243;][vc_hoverbox image=&#8220;923&#8243; primary_title=&#8220;EXZELLENZ&#8220; primary_title_font_container=&#8220;color:%23ffffff&#8220; primary_title_google_fonts=&#8220;font_family:Montserrat%3Aregular%2C700|font_style:400%20regular%3A400%3Anormal&#8220; hover_title=&#8220;EXZELLENZ&#8220; hover_title_font_container=&#8220;color:%23ffffff&#8220; hover_title_use_theme_fonts=&#8220;yes&#8220; shape=&#8220;square&#8220; hover_background_color=&#8220;custom&#8220; use_custom_fonts_primary_title=&#8220;true&#8220; use_custom_fonts_hover_title=&#8220;true&#8220; hover_custom_background=&#8220;#154ea1&#8243;]<span style=\"color: #ffffff;\">Wir fertigen qualitativ hochwertige Stahldr\u00e4hte mit <strong>technologischer Exzellenz<\/strong>.<\/span>[\/vc_hoverbox][\/vc_column_inner][vc_column_inner width=&#8220;1\/2&#8243;][vc_hoverbox image=&#8220;987&#8243; primary_title=&#8220;KOOPERATION&#8220; primary_title_font_container=&#8220;color:%23ffffff&#8220; primary_title_google_fonts=&#8220;font_family:Montserrat%3Aregular%2C700|font_style:400%20regular%3A400%3Anormal&#8220; hover_title=&#8220;KOOPERATION&#8220; hover_title_font_container=&#8220;color:%23ffffff&#8220; hover_title_use_theme_fonts=&#8220;yes&#8220; shape=&#8220;square&#8220; hover_background_color=&#8220;custom&#8220; use_custom_fonts_primary_title=&#8220;true&#8220; use_custom_fonts_hover_title=&#8220;true&#8220; hover_custom_background=&#8220;#154ea1&#8243;]<span style=\"color: #ffffff;\">Auf Basis enger Zusammenarbeit mit unseren Kunden bieten wir angepasste L\u00f6sungen an um Mehrwert zu schaffen.<\/span>[\/vc_hoverbox][\/vc_column_inner][\/vc_row_inner][\/vc_column][\/vc_row][vc_row bg_type=&#8220;bg_color&#8220; bg_override=&#8220;ex-full&#8220; bg_color_value=&#8220;#ededed&#8220;][vc_column width=&#8220;1\/6&#8243;][\/vc_column][vc_column width=&#8220;2\/3&#8243;][vc_column_text]<\/p>\n<h4 style=\"text-align: center;\">Diese Prinzipien wurden durch kontinuierliche Verbesserungen verst\u00e4rkt um unsere Arbeit jeden Tag mit Begeisterung zu machen:<\/h4>\n<p>[\/vc_column_text][\/vc_column][vc_column width=&#8220;1\/6&#8243;][\/vc_column][\/vc_row][vc_row bg_type=&#8220;bg_color&#8220; bg_override=&#8220;ex-full&#8220; bg_color_value=&#8220;#ffffff&#8220;][vc_column][vc_row_inner][vc_column_inner width=&#8220;1\/3&#8243;]<div class=\"ult-just-icon-wrapper   vc_custom_1523469064703\"><div class=\"align-icon\" style=\"text-align:center;\">\n<div class=\"aio-icon circle \" data-animation=\"pulse\" data-animation-delay=\"03\" style=\"color:#ffffff;background:#154ea1;font-size:65px;display:inline-block;\">\n\t<i class=\"Defaults-magic\"><\/i>\n<\/div><\/div><\/div>[vc_column_text]<\/p>\n<p style=\"text-align: center;\">Wir <strong>innovieren<\/strong> st\u00e4ndig in Produktion und Logistik.<\/p>\n<p>[\/vc_column_text][\/vc_column_inner][vc_column_inner width=&#8220;1\/3&#8243;]<div class=\"ult-just-icon-wrapper   vc_custom_1523469069646\"><div class=\"align-icon\" style=\"text-align:center;\">\n<div class=\"aio-icon circle \" data-animation=\"pulse\" data-animation-delay=\"03\" style=\"color:#ffffff;background:#154ea1;font-size:65px;display:inline-block;\">\n\t<i class=\"Defaults-user-plus\"><\/i>\n<\/div><\/div><\/div>[vc_column_text]<\/p>\n<p style=\"text-align: center;\">Wir garantieren individuelle <strong>Betreuung und pers\u00f6nliche Arbeitsweise.<\/strong><\/p>\n<p>[\/vc_column_text][\/vc_column_inner][vc_column_inner width=&#8220;1\/3&#8243;]<div class=\"ult-just-icon-wrapper   vc_custom_1523469074533\"><div class=\"align-icon\" style=\"text-align:center;\">\n<div class=\"aio-icon circle \" data-animation=\"pulse\" data-animation-delay=\"03\" style=\"color:#ffffff;background:#154ea1;font-size:65px;display:inline-block;\">\n\t<i class=\"Defaults-leaf\"><\/i>\n<\/div><\/div><\/div>[vc_column_text]<\/p>\n<p style=\"text-align: center;\">Wir \u00fcbernehmen soziale Verantwortung und stehen f\u00fcr<strong> Nachhaltigkeit und Umweltschutz.<\/strong><\/p>\n<p>[\/vc_column_text][\/vc_column_inner][\/vc_row_inner][\/vc_column][\/vc_row][vc_row bg_type=&#8220;bg_color&#8220; bg_override=&#8220;ex-full&#8220; bg_color_value=&#8220;#ededed&#8220; css=&#8220;.vc_custom_1523469597668{margin-bottom: 35px !important;}&#8220;][vc_column width=&#8220;1\/6&#8243;][\/vc_column][vc_column width=&#8220;2\/3&#8243;][vc_column_text]<\/p>\n<h4 style=\"text-align: center;\">Heute ist Gabarr\u00f3 ein internationales unabh\u00e4ngiges Familienunternehmen, das seiner Arbeit mit Leidenschaft und Selbstvertrauen nachgeht und es erm\u00f6glicht uns unseren Kunden ein einmaliges Qualit\u00e4tsversprechen zu geben<\/h4>\n<p>[\/vc_column_text][vc_column_text]<\/p>\n<h2 style=\"text-align: center;\"><strong>Arbeite mit Gabarr\u00f3\u2026 und PROFITIEREN SIE EINFACH<\/strong><\/h2>\n<h4 style=\"text-align: center;\">Und wir k\u00fcmmern wir uns um das Drahtziehen.<\/h4>\n<p>[\/vc_column_text][\/vc_column][vc_column width=&#8220;1\/6&#8243;][\/vc_column][\/vc_row]<\/p>\n","protected":false},"excerpt":{"rendered":"<p>[vc_row bg_type=&#8220;bg_color&#8220; bg_override=&#8220;ex-full&#8220; bg_color_value=&#8220;#ffffff&#8220; css=&#8220;.vc_custom_1523466969986{padding-top: 50px !important;padding-bottom: 50px !important;}&#8220;][vc_column][vc_column_text] DIE KUNST DES DRAHTZIEHENS [\/vc_column_text][vc_separator][vc_column_text] Im Jahr 1920 beginnt Gabarr\u00f3 auf der Grundlage eigener Prinzipien Geschichte zu schreiben: [\/vc_column_text][vc_row_inner][vc_column_inner width=&#8220;1\/2&#8243;][vc_hoverbox image=&#8220;923&#8243; primary_title=&#8220;EXZELLENZ&#8220; primary_title_font_container=&#8220;color:%23ffffff&#8220; primary_title_google_fonts=&#8220;font_family:Montserrat%3Aregular%2C700|font_style:400%20regular%3A400%3Anormal&#8220; hover_title=&#8220;EXZELLENZ&#8220; hover_title_font_container=&#8220;color:%23ffffff&#8220; hover_title_use_theme_fonts=&#8220;yes&#8220; shape=&#8220;square&#8220; hover_background_color=&#8220;custom&#8220; use_custom_fonts_primary_title=&#8220;true&#8220; use_custom_fonts_hover_title=&#8220;true&#8220; hover_custom_background=&#8220;#154ea1&#8243;]Wir fertigen qualitativ hochwertige Stahldr\u00e4hte mit technologischer Exzellenz.[\/vc_hoverbox][\/vc_column_inner][vc_column_inner width=&#8220;1\/2&#8243;][vc_hoverbox image=&#8220;987&#8243; primary_title=&#8220;KOOPERATION&#8220; primary_title_font_container=&#8220;color:%23ffffff&#8220; primary_title_google_fonts=&#8220;font_family:Montserrat%3Aregular%2C700|font_style:400%20regular%3A400%3Anormal&#8220; hover_title=&#8220;KOOPERATION&#8220; hover_title_font_container=&#8220;color:%23ffffff&#8220;&hellip;<\/p>\n","protected":false},"author":1,"featured_media":0,"parent":0,"menu_order":0,"comment_status":"closed","ping_status":"closed","template":"","meta":{"footnotes":""},"aioseo_notices":[],"_links":{"self":[{"href":"https:\/\/gabarro.eu\/de\/wp-json\/wp\/v2\/pages\/1317"}],"collection":[{"href":"https:\/\/gabarro.eu\/de\/wp-json\/wp\/v2\/pages"}],"about":[{"href":"https:\/\/gabarro.eu\/de\/wp-json\/wp\/v2\/types\/page"}],"author":[{"embeddable":true,"href":"https:\/\/gabarro.eu\/de\/wp-json\/wp\/v2\/users\/1"}],"replies":[{"embeddable":true,"href":"https:\/\/gabarro.eu\/de\/wp-json\/wp\/v2\/comments?post=1317"}],"version-history":[{"count":3,"href":"https:\/\/gabarro.eu\/de\/wp-json\/wp\/v2\/pages\/1317\/revisions"}],"predecessor-version":[{"id":1326,"href":"https:\/\/gabarro.eu\/de\/wp-json\/wp\/v2\/pages\/1317\/revisions\/1326"}],"wp:attachment":[{"href":"https:\/\/gabarro.eu\/de\/wp-json\/wp\/v2\/media?parent=1317"}],"curies":[{"name":"wp","href":"https:\/\/api.w.org\/{rel}","templated":true}]}}